{"id":818,"date":"2024-03-20T04:49:03","date_gmt":"2024-03-20T04:49:03","guid":{"rendered":"https:\/\/proveedoracomercial.com\/clientes\/producto\/carrito-plegable-transportador\/"},"modified":"2024-03-20T04:49:03","modified_gmt":"2024-03-20T04:49:03","slug":"carrito-plegable-transportador","status":"publish","type":"product","link":"https:\/\/proveedoracomercial.com\/clientes\/producto\/carrito-plegable-transportador\/","title":{"rendered":"CARRITO PLEGABLE TRANSPORTADOR"},"content":{"rendered":"","protected":false},"excerpt":{"rendered":"<p>Modelo:<\/p>\n<p>2000014204<\/p>\n<p>Capacidad de 141.6 Litros.<\/p>\n<p>Capacidad para cargar hasta 68 kg.<\/p>\n<p>Mango conectado directamente al eje para un control superior.<\/p>\n<p>Mango retr\u00e1ctil para un almacenamiento \u00f3ptimo.<\/p>\n<p>Dise\u00f1o de acorde\u00f3n para un almacenamiento \u00f3ptimo.<\/p>\n<p>Fondo reforzado removible para una mejor resistencia.<\/p>\n<p>Contenedor robusto de Poli\u00e9ster.<\/p>\n<p>Estructura de acero que lo hace aun m\u00e1s resistente.<\/p>\n<p>Bolsa de transporte incluida.<\/p>\n","protected":false},"featured_media":823,"comment_status":"closed","ping_status":"closed","template":"","meta":{"_joinchat":[]},"store":[],"product_cat":[89,156],"product_tag":[259,51],"class_list":{"0":"post-818","1":"product","2":"type-product","3":"status-publish","4":"has-post-thumbnail","6":"product_cat-accesorios","7":"product_cat-coleman-accesorios","8":"product_tag-carrito-transportador","9":"product_tag-coleman","11":"first","12":"instock","13":"shipping-taxable","14":"purchasable","15":"product-type-simple"},"yoast_head":"<!-- This site is optimized with the Yoast SEO plugin v23.5 - https:\/\/yoast.com\/wordpress\/plugins\/seo\/ -->\n<title>CARRITO PLEGABLE TRANSPORTADOR -<\/title>\n<meta name=\"robots\" content=\"index, follow, max-snippet:-1, max-image-preview:large, max-video-preview:-1\" \/>\n<link rel=\"canonical\" href=\"https:\/\/proveedoracomercial.com\/clientes\/producto\/carrito-plegable-transportador\/\" \/>\n<meta property=\"og:locale\" content=\"es_MX\" \/>\n<meta property=\"og:type\" content=\"article\" \/>\n<meta property=\"og:title\" content=\"CARRITO PLEGABLE TRANSPORTADOR -\" \/>\n<meta property=\"og:description\" content=\"Modelo:  2000014204  Capacidad de 141.6 Litros.  Capacidad para cargar hasta 68 kg.  Mango conectado directamente al eje para un control superior.  Mango retr\u00e1ctil para un almacenamiento \u00f3ptimo.  Dise\u00f1o de acorde\u00f3n para un almacenamiento \u00f3ptimo.  Fondo reforzado removible para una mejor resistencia.  Contenedor robusto de Poli\u00e9ster.  Estructura de acero que lo hace aun m\u00e1s resistente.  Bolsa de transporte incluida.\" \/>\n<meta property=\"og:url\" content=\"https:\/\/proveedoracomercial.com\/clientes\/producto\/carrito-plegable-transportador\/\" \/>\n<meta property=\"og:image\" content=\"https:\/\/proveedoracomercial.com\/clientes\/wp-content\/uploads\/sites\/4\/2024\/06\/Imagen3.png\" \/>\n\t<meta property=\"og:image:width\" content=\"838\" \/>\n\t<meta property=\"og:image:height\" content=\"755\" \/>\n\t<meta property=\"og:image:type\" content=\"image\/png\" \/>\n<meta name=\"twitter:card\" content=\"summary_large_image\" \/>\n<script type=\"application\/ld+json\" class=\"yoast-schema-graph\">{\"@context\":\"https:\/\/schema.org\",\"@graph\":[{\"@type\":\"WebPage\",\"@id\":\"https:\/\/proveedoracomercial.com\/clientes\/producto\/carrito-plegable-transportador\/\",\"url\":\"https:\/\/proveedoracomercial.com\/clientes\/producto\/carrito-plegable-transportador\/\",\"name\":\"CARRITO PLEGABLE TRANSPORTADOR -\",\"isPartOf\":{\"@id\":\"https:\/\/proveedoracomercial.com\/clientes\/#website\"},\"primaryImageOfPage\":{\"@id\":\"https:\/\/proveedoracomercial.com\/clientes\/producto\/carrito-plegable-transportador\/#primaryimage\"},\"image\":{\"@id\":\"https:\/\/proveedoracomercial.com\/clientes\/producto\/carrito-plegable-transportador\/#primaryimage\"},\"thumbnailUrl\":\"https:\/\/proveedoracomercial.com\/clientes\/wp-content\/uploads\/sites\/4\/2024\/06\/Imagen3.png\",\"datePublished\":\"2024-03-20T04:49:03+00:00\",\"dateModified\":\"2024-03-20T04:49:03+00:00\",\"breadcrumb\":{\"@id\":\"https:\/\/proveedoracomercial.com\/clientes\/producto\/carrito-plegable-transportador\/#breadcrumb\"},\"inLanguage\":\"es\",\"potentialAction\":[{\"@type\":\"ReadAction\",\"target\":[\"https:\/\/proveedoracomercial.com\/clientes\/producto\/carrito-plegable-transportador\/\"]}]},{\"@type\":\"ImageObject\",\"inLanguage\":\"es\",\"@id\":\"https:\/\/proveedoracomercial.com\/clientes\/producto\/carrito-plegable-transportador\/#primaryimage\",\"url\":\"https:\/\/proveedoracomercial.com\/clientes\/wp-content\/uploads\/sites\/4\/2024\/06\/Imagen3.png\",\"contentUrl\":\"https:\/\/proveedoracomercial.com\/clientes\/wp-content\/uploads\/sites\/4\/2024\/06\/Imagen3.png\",\"width\":838,\"height\":755},{\"@type\":\"BreadcrumbList\",\"@id\":\"https:\/\/proveedoracomercial.com\/clientes\/producto\/carrito-plegable-transportador\/#breadcrumb\",\"itemListElement\":[{\"@type\":\"ListItem\",\"position\":1,\"name\":\"Portada\",\"item\":\"https:\/\/proveedoracomercial.com\/clientes\/\"},{\"@type\":\"ListItem\",\"position\":2,\"name\":\"Tienda\",\"item\":\"https:\/\/proveedoracomercial.com\/clientes\/tienda\/\"},{\"@type\":\"ListItem\",\"position\":3,\"name\":\"CARRITO PLEGABLE TRANSPORTADOR\"}]},{\"@type\":\"WebSite\",\"@id\":\"https:\/\/proveedoracomercial.com\/clientes\/#website\",\"url\":\"https:\/\/proveedoracomercial.com\/clientes\/\",\"name\":\"\",\"description\":\"\",\"potentialAction\":[{\"@type\":\"SearchAction\",\"target\":{\"@type\":\"EntryPoint\",\"urlTemplate\":\"https:\/\/proveedoracomercial.com\/clientes\/?s={search_term_string}\"},\"query-input\":{\"@type\":\"PropertyValueSpecification\",\"valueRequired\":true,\"valueName\":\"search_term_string\"}}],\"inLanguage\":\"es\"}]}<\/script>\n<!-- \/ Yoast SEO plugin. -->","yoast_head_json":{"title":"CARRITO PLEGABLE TRANSPORTADOR -","robots":{"index":"index","follow":"follow","max-snippet":"max-snippet:-1","max-image-preview":"max-image-preview:large","max-video-preview":"max-video-preview:-1"},"canonical":"https:\/\/proveedoracomercial.com\/clientes\/producto\/carrito-plegable-transportador\/","og_locale":"es_MX","og_type":"article","og_title":"CARRITO PLEGABLE TRANSPORTADOR -","og_description":"Modelo:  2000014204  Capacidad de 141.6 Litros.  Capacidad para cargar hasta 68 kg.  Mango conectado directamente al eje para un control superior.  Mango retr\u00e1ctil para un almacenamiento \u00f3ptimo.  Dise\u00f1o de acorde\u00f3n para un almacenamiento \u00f3ptimo.  Fondo reforzado removible para una mejor resistencia.  Contenedor robusto de Poli\u00e9ster.  Estructura de acero que lo hace aun m\u00e1s resistente.  Bolsa de transporte incluida.","og_url":"https:\/\/proveedoracomercial.com\/clientes\/producto\/carrito-plegable-transportador\/","og_image":[{"width":838,"height":755,"url":"https:\/\/proveedoracomercial.com\/clientes\/wp-content\/uploads\/sites\/4\/2024\/06\/Imagen3.png","type":"image\/png"}],"twitter_card":"summary_large_image","schema":{"@context":"https:\/\/schema.org","@graph":[{"@type":"WebPage","@id":"https:\/\/proveedoracomercial.com\/clientes\/producto\/carrito-plegable-transportador\/","url":"https:\/\/proveedoracomercial.com\/clientes\/producto\/carrito-plegable-transportador\/","name":"CARRITO PLEGABLE TRANSPORTADOR -","isPartOf":{"@id":"https:\/\/proveedoracomercial.com\/clientes\/#website"},"primaryImageOfPage":{"@id":"https:\/\/proveedoracomercial.com\/clientes\/producto\/carrito-plegable-transportador\/#primaryimage"},"image":{"@id":"https:\/\/proveedoracomercial.com\/clientes\/producto\/carrito-plegable-transportador\/#primaryimage"},"thumbnailUrl":"https:\/\/proveedoracomercial.com\/clientes\/wp-content\/uploads\/sites\/4\/2024\/06\/Imagen3.png","datePublished":"2024-03-20T04:49:03+00:00","dateModified":"2024-03-20T04:49:03+00:00","breadcrumb":{"@id":"https:\/\/proveedoracomercial.com\/clientes\/producto\/carrito-plegable-transportador\/#breadcrumb"},"inLanguage":"es","potentialAction":[{"@type":"ReadAction","target":["https:\/\/proveedoracomercial.com\/clientes\/producto\/carrito-plegable-transportador\/"]}]},{"@type":"ImageObject","inLanguage":"es","@id":"https:\/\/proveedoracomercial.com\/clientes\/producto\/carrito-plegable-transportador\/#primaryimage","url":"https:\/\/proveedoracomercial.com\/clientes\/wp-content\/uploads\/sites\/4\/2024\/06\/Imagen3.png","contentUrl":"https:\/\/proveedoracomercial.com\/clientes\/wp-content\/uploads\/sites\/4\/2024\/06\/Imagen3.png","width":838,"height":755},{"@type":"BreadcrumbList","@id":"https:\/\/proveedoracomercial.com\/clientes\/producto\/carrito-plegable-transportador\/#breadcrumb","itemListElement":[{"@type":"ListItem","position":1,"name":"Portada","item":"https:\/\/proveedoracomercial.com\/clientes\/"},{"@type":"ListItem","position":2,"name":"Tienda","item":"https:\/\/proveedoracomercial.com\/clientes\/tienda\/"},{"@type":"ListItem","position":3,"name":"CARRITO PLEGABLE TRANSPORTADOR"}]},{"@type":"WebSite","@id":"https:\/\/proveedoracomercial.com\/clientes\/#website","url":"https:\/\/proveedoracomercial.com\/clientes\/","name":"","description":"","potentialAction":[{"@type":"SearchAction","target":{"@type":"EntryPoint","urlTemplate":"https:\/\/proveedoracomercial.com\/clientes\/?s={search_term_string}"},"query-input":{"@type":"PropertyValueSpecification","valueRequired":true,"valueName":"search_term_string"}}],"inLanguage":"es"}]}},"_links":{"self":[{"href":"https:\/\/proveedoracomercial.com\/clientes\/wp-json\/wp\/v2\/product\/818","targetHints":{"allow":["GET"]}}],"collection":[{"href":"https:\/\/proveedoracomercial.com\/clientes\/wp-json\/wp\/v2\/product"}],"about":[{"href":"https:\/\/proveedoracomercial.com\/clientes\/wp-json\/wp\/v2\/types\/product"}],"replies":[{"embeddable":true,"href":"https:\/\/proveedoracomercial.com\/clientes\/wp-json\/wp\/v2\/comments?post=818"}],"wp:featuredmedia":[{"embeddable":true,"href":"https:\/\/proveedoracomercial.com\/clientes\/wp-json\/wp\/v2\/media\/823"}],"wp:attachment":[{"href":"https:\/\/proveedoracomercial.com\/clientes\/wp-json\/wp\/v2\/media?parent=818"}],"wp:term":[{"taxonomy":"store","embeddable":true,"href":"https:\/\/proveedoracomercial.com\/clientes\/wp-json\/wp\/v2\/store?post=818"},{"taxonomy":"product_cat","embeddable":true,"href":"https:\/\/proveedoracomercial.com\/clientes\/wp-json\/wp\/v2\/product_cat?post=818"},{"taxonomy":"product_tag","embeddable":true,"href":"https:\/\/proveedoracomercial.com\/clientes\/wp-json\/wp\/v2\/product_tag?post=818"}],"curies":[{"name":"wp","href":"https:\/\/api.w.org\/{rel}","templated":true}]}}