{"id":801,"date":"2024-03-20T04:49:04","date_gmt":"2024-03-20T04:49:04","guid":{"rendered":"https:\/\/proveedoracomercial.com\/clientes\/producto\/maleta-para-estufa-plegable\/"},"modified":"2024-03-20T04:49:04","modified_gmt":"2024-03-20T04:49:04","slug":"maleta-para-estufa-plegable","status":"publish","type":"product","link":"https:\/\/proveedoracomercial.com\/clientes\/producto\/maleta-para-estufa-plegable\/","title":{"rendered":"MALETA PARA ESTUFA PLEGABLE"},"content":{"rendered":"","protected":false},"excerpt":{"rendered":"<p>Modelo:<\/p>\n<p>2000004429<\/p>\n<p>Estuche para estufa Coleman.<\/p>\n<p>Robusta construcci\u00f3n de nylon que ayuda a proteger la parrilla o la estufa<\/p>\n<p>Bolsas laterales con cordones ajustables, ideales para los cilindros de gas propano.<\/p>\n<p>Divisor interior acolchonado que mantiene los accesorios organizados y protegidos.<\/p>\n<p>2 asas c\u00f3modas para un transporte m\u00e1s f\u00e1cil y una portabilidad extra.<\/p>\n<p>Apertura con cierre superior que fija f\u00e1cilmente la parrilla o estufa.<\/p>\n<p>Maleta compatible con las estufas: 2000005442, 2000009939, 2000001493, 2000001494, 2000002027, 2000006559, 2000003735, 2000004426 y 2000004960.<\/p>\n","protected":false},"featured_media":804,"comment_status":"closed","ping_status":"closed","template":"","meta":{"_joinchat":[]},"store":[],"product_cat":[89,156],"product_tag":[252],"class_list":{"0":"post-801","1":"product","2":"type-product","3":"status-publish","4":"has-post-thumbnail","6":"product_cat-accesorios","7":"product_cat-coleman-accesorios","8":"product_tag-maleta-para-estufa","10":"first","11":"instock","12":"shipping-taxable","13":"purchasable","14":"product-type-simple"},"yoast_head":"<!-- This site is optimized with the Yoast SEO plugin v23.5 - https:\/\/yoast.com\/wordpress\/plugins\/seo\/ -->\n<title>MALETA PARA ESTUFA PLEGABLE -<\/title>\n<meta name=\"robots\" content=\"index, follow, max-snippet:-1, max-image-preview:large, max-video-preview:-1\" \/>\n<link rel=\"canonical\" href=\"https:\/\/proveedoracomercial.com\/clientes\/producto\/maleta-para-estufa-plegable\/\" \/>\n<meta property=\"og:locale\" content=\"es_MX\" \/>\n<meta property=\"og:type\" content=\"article\" \/>\n<meta property=\"og:title\" content=\"MALETA PARA ESTUFA PLEGABLE -\" \/>\n<meta property=\"og:description\" content=\"Modelo:  2000004429  Estuche para estufa Coleman.  Robusta construcci\u00f3n de nylon que ayuda a proteger la parrilla o la estufa  Bolsas laterales con cordones ajustables, ideales para los cilindros de gas propano.  Divisor interior acolchonado que mantiene los accesorios organizados y protegidos.  2 asas c\u00f3modas para un transporte m\u00e1s f\u00e1cil y una portabilidad extra.  Apertura con cierre superior que fija f\u00e1cilmente la parrilla o estufa.  Maleta compatible con las estufas: 2000005442, 2000009939, 2000001493, 2000001494, 2000002027, 2000006559, 2000003735, 2000004426 y 2000004960.\" \/>\n<meta property=\"og:url\" content=\"https:\/\/proveedoracomercial.com\/clientes\/producto\/maleta-para-estufa-plegable\/\" \/>\n<meta property=\"og:image\" content=\"https:\/\/proveedoracomercial.com\/clientes\/wp-content\/uploads\/sites\/4\/2024\/06\/Imagen17.png\" \/>\n\t<meta property=\"og:image:width\" content=\"538\" \/>\n\t<meta property=\"og:image:height\" content=\"540\" \/>\n\t<meta property=\"og:image:type\" content=\"image\/png\" \/>\n<meta name=\"twitter:card\" content=\"summary_large_image\" \/>\n<script type=\"application\/ld+json\" class=\"yoast-schema-graph\">{\"@context\":\"https:\/\/schema.org\",\"@graph\":[{\"@type\":\"WebPage\",\"@id\":\"https:\/\/proveedoracomercial.com\/clientes\/producto\/maleta-para-estufa-plegable\/\",\"url\":\"https:\/\/proveedoracomercial.com\/clientes\/producto\/maleta-para-estufa-plegable\/\",\"name\":\"MALETA PARA ESTUFA PLEGABLE -\",\"isPartOf\":{\"@id\":\"https:\/\/proveedoracomercial.com\/clientes\/#website\"},\"primaryImageOfPage\":{\"@id\":\"https:\/\/proveedoracomercial.com\/clientes\/producto\/maleta-para-estufa-plegable\/#primaryimage\"},\"image\":{\"@id\":\"https:\/\/proveedoracomercial.com\/clientes\/producto\/maleta-para-estufa-plegable\/#primaryimage\"},\"thumbnailUrl\":\"https:\/\/proveedoracomercial.com\/clientes\/wp-content\/uploads\/sites\/4\/2024\/06\/Imagen17.png\",\"datePublished\":\"2024-03-20T04:49:04+00:00\",\"dateModified\":\"2024-03-20T04:49:04+00:00\",\"breadcrumb\":{\"@id\":\"https:\/\/proveedoracomercial.com\/clientes\/producto\/maleta-para-estufa-plegable\/#breadcrumb\"},\"inLanguage\":\"es\",\"potentialAction\":[{\"@type\":\"ReadAction\",\"target\":[\"https:\/\/proveedoracomercial.com\/clientes\/producto\/maleta-para-estufa-plegable\/\"]}]},{\"@type\":\"ImageObject\",\"inLanguage\":\"es\",\"@id\":\"https:\/\/proveedoracomercial.com\/clientes\/producto\/maleta-para-estufa-plegable\/#primaryimage\",\"url\":\"https:\/\/proveedoracomercial.com\/clientes\/wp-content\/uploads\/sites\/4\/2024\/06\/Imagen17.png\",\"contentUrl\":\"https:\/\/proveedoracomercial.com\/clientes\/wp-content\/uploads\/sites\/4\/2024\/06\/Imagen17.png\",\"width\":538,\"height\":540},{\"@type\":\"BreadcrumbList\",\"@id\":\"https:\/\/proveedoracomercial.com\/clientes\/producto\/maleta-para-estufa-plegable\/#breadcrumb\",\"itemListElement\":[{\"@type\":\"ListItem\",\"position\":1,\"name\":\"Portada\",\"item\":\"https:\/\/proveedoracomercial.com\/clientes\/\"},{\"@type\":\"ListItem\",\"position\":2,\"name\":\"Tienda\",\"item\":\"https:\/\/proveedoracomercial.com\/clientes\/tienda\/\"},{\"@type\":\"ListItem\",\"position\":3,\"name\":\"MALETA PARA ESTUFA PLEGABLE\"}]},{\"@type\":\"WebSite\",\"@id\":\"https:\/\/proveedoracomercial.com\/clientes\/#website\",\"url\":\"https:\/\/proveedoracomercial.com\/clientes\/\",\"name\":\"\",\"description\":\"\",\"potentialAction\":[{\"@type\":\"SearchAction\",\"target\":{\"@type\":\"EntryPoint\",\"urlTemplate\":\"https:\/\/proveedoracomercial.com\/clientes\/?s={search_term_string}\"},\"query-input\":{\"@type\":\"PropertyValueSpecification\",\"valueRequired\":true,\"valueName\":\"search_term_string\"}}],\"inLanguage\":\"es\"}]}<\/script>\n<!-- \/ Yoast SEO plugin. -->","yoast_head_json":{"title":"MALETA PARA ESTUFA PLEGABLE -","robots":{"index":"index","follow":"follow","max-snippet":"max-snippet:-1","max-image-preview":"max-image-preview:large","max-video-preview":"max-video-preview:-1"},"canonical":"https:\/\/proveedoracomercial.com\/clientes\/producto\/maleta-para-estufa-plegable\/","og_locale":"es_MX","og_type":"article","og_title":"MALETA PARA ESTUFA PLEGABLE -","og_description":"Modelo:  2000004429  Estuche para estufa Coleman.  Robusta construcci\u00f3n de nylon que ayuda a proteger la parrilla o la estufa  Bolsas laterales con cordones ajustables, ideales para los cilindros de gas propano.  Divisor interior acolchonado que mantiene los accesorios organizados y protegidos.  2 asas c\u00f3modas para un transporte m\u00e1s f\u00e1cil y una portabilidad extra.  Apertura con cierre superior que fija f\u00e1cilmente la parrilla o estufa.  Maleta compatible con las estufas: 2000005442, 2000009939, 2000001493, 2000001494, 2000002027, 2000006559, 2000003735, 2000004426 y 2000004960.","og_url":"https:\/\/proveedoracomercial.com\/clientes\/producto\/maleta-para-estufa-plegable\/","og_image":[{"width":538,"height":540,"url":"https:\/\/proveedoracomercial.com\/clientes\/wp-content\/uploads\/sites\/4\/2024\/06\/Imagen17.png","type":"image\/png"}],"twitter_card":"summary_large_image","schema":{"@context":"https:\/\/schema.org","@graph":[{"@type":"WebPage","@id":"https:\/\/proveedoracomercial.com\/clientes\/producto\/maleta-para-estufa-plegable\/","url":"https:\/\/proveedoracomercial.com\/clientes\/producto\/maleta-para-estufa-plegable\/","name":"MALETA PARA ESTUFA PLEGABLE -","isPartOf":{"@id":"https:\/\/proveedoracomercial.com\/clientes\/#website"},"primaryImageOfPage":{"@id":"https:\/\/proveedoracomercial.com\/clientes\/producto\/maleta-para-estufa-plegable\/#primaryimage"},"image":{"@id":"https:\/\/proveedoracomercial.com\/clientes\/producto\/maleta-para-estufa-plegable\/#primaryimage"},"thumbnailUrl":"https:\/\/proveedoracomercial.com\/clientes\/wp-content\/uploads\/sites\/4\/2024\/06\/Imagen17.png","datePublished":"2024-03-20T04:49:04+00:00","dateModified":"2024-03-20T04:49:04+00:00","breadcrumb":{"@id":"https:\/\/proveedoracomercial.com\/clientes\/producto\/maleta-para-estufa-plegable\/#breadcrumb"},"inLanguage":"es","potentialAction":[{"@type":"ReadAction","target":["https:\/\/proveedoracomercial.com\/clientes\/producto\/maleta-para-estufa-plegable\/"]}]},{"@type":"ImageObject","inLanguage":"es","@id":"https:\/\/proveedoracomercial.com\/clientes\/producto\/maleta-para-estufa-plegable\/#primaryimage","url":"https:\/\/proveedoracomercial.com\/clientes\/wp-content\/uploads\/sites\/4\/2024\/06\/Imagen17.png","contentUrl":"https:\/\/proveedoracomercial.com\/clientes\/wp-content\/uploads\/sites\/4\/2024\/06\/Imagen17.png","width":538,"height":540},{"@type":"BreadcrumbList","@id":"https:\/\/proveedoracomercial.com\/clientes\/producto\/maleta-para-estufa-plegable\/#breadcrumb","itemListElement":[{"@type":"ListItem","position":1,"name":"Portada","item":"https:\/\/proveedoracomercial.com\/clientes\/"},{"@type":"ListItem","position":2,"name":"Tienda","item":"https:\/\/proveedoracomercial.com\/clientes\/tienda\/"},{"@type":"ListItem","position":3,"name":"MALETA PARA ESTUFA PLEGABLE"}]},{"@type":"WebSite","@id":"https:\/\/proveedoracomercial.com\/clientes\/#website","url":"https:\/\/proveedoracomercial.com\/clientes\/","name":"","description":"","potentialAction":[{"@type":"SearchAction","target":{"@type":"EntryPoint","urlTemplate":"https:\/\/proveedoracomercial.com\/clientes\/?s={search_term_string}"},"query-input":{"@type":"PropertyValueSpecification","valueRequired":true,"valueName":"search_term_string"}}],"inLanguage":"es"}]}},"_links":{"self":[{"href":"https:\/\/proveedoracomercial.com\/clientes\/wp-json\/wp\/v2\/product\/801","targetHints":{"allow":["GET"]}}],"collection":[{"href":"https:\/\/proveedoracomercial.com\/clientes\/wp-json\/wp\/v2\/product"}],"about":[{"href":"https:\/\/proveedoracomercial.com\/clientes\/wp-json\/wp\/v2\/types\/product"}],"replies":[{"embeddable":true,"href":"https:\/\/proveedoracomercial.com\/clientes\/wp-json\/wp\/v2\/comments?post=801"}],"wp:featuredmedia":[{"embeddable":true,"href":"https:\/\/proveedoracomercial.com\/clientes\/wp-json\/wp\/v2\/media\/804"}],"wp:attachment":[{"href":"https:\/\/proveedoracomercial.com\/clientes\/wp-json\/wp\/v2\/media?parent=801"}],"wp:term":[{"taxonomy":"store","embeddable":true,"href":"https:\/\/proveedoracomercial.com\/clientes\/wp-json\/wp\/v2\/store?post=801"},{"taxonomy":"product_cat","embeddable":true,"href":"https:\/\/proveedoracomercial.com\/clientes\/wp-json\/wp\/v2\/product_cat?post=801"},{"taxonomy":"product_tag","embeddable":true,"href":"https:\/\/proveedoracomercial.com\/clientes\/wp-json\/wp\/v2\/product_tag?post=801"}],"curies":[{"name":"wp","href":"https:\/\/api.w.org\/{rel}","templated":true}]}}