{"id":799,"date":"2024-03-20T04:49:04","date_gmt":"2024-03-20T04:49:04","guid":{"rendered":"https:\/\/proveedoracomercial.com\/clientes\/producto\/maleta-para-estufa-o-asador\/"},"modified":"2024-03-20T04:49:04","modified_gmt":"2024-03-20T04:49:04","slug":"maleta-para-estufa-o-asador","status":"publish","type":"product","link":"https:\/\/proveedoracomercial.com\/clientes\/producto\/maleta-para-estufa-o-asador\/","title":{"rendered":"MALETA PARA ESTUFA O ASADOR"},"content":{"rendered":"","protected":false},"excerpt":{"rendered":"<p>Modelo:<\/p>\n<p>20004431 \/ 2000004431<\/p>\n<p>Almacena, Lleve y protege tu parrilla Coleman.<\/p>\n<p>Construcci\u00f3n de la maleta.<\/p>\n<p>Asas fuertes para un transporte m\u00e1s c\u00f3modo.<\/p>\n<p>Cierre resistente que soporta el uso constante.<\/p>\n<p>Dos bolsas exteriores con cordones ajustables para los cilindros de gas propano.<\/p>\n<p>Maleta para estufas modelos: 5466, 9921, 9922, 9924, 2000000851 y 20000.<\/p>\n","protected":false},"featured_media":800,"comment_status":"closed","ping_status":"closed","template":"","meta":{"_joinchat":[]},"store":[],"product_cat":[89,156],"product_tag":[51,251],"class_list":{"0":"post-799","1":"product","2":"type-product","3":"status-publish","4":"has-post-thumbnail","6":"product_cat-accesorios","7":"product_cat-coleman-accesorios","8":"product_tag-coleman","9":"product_tag-maleta-para-estufa-o-asador","11":"first","12":"instock","13":"shipping-taxable","14":"purchasable","15":"product-type-simple"},"yoast_head":"<!-- This site is optimized with the Yoast SEO plugin v23.5 - https:\/\/yoast.com\/wordpress\/plugins\/seo\/ -->\n<title>MALETA PARA ESTUFA O ASADOR -<\/title>\n<meta name=\"robots\" content=\"index, follow, max-snippet:-1, max-image-preview:large, max-video-preview:-1\" \/>\n<link rel=\"canonical\" href=\"https:\/\/proveedoracomercial.com\/clientes\/producto\/maleta-para-estufa-o-asador\/\" \/>\n<meta property=\"og:locale\" content=\"es_MX\" \/>\n<meta property=\"og:type\" content=\"article\" \/>\n<meta property=\"og:title\" content=\"MALETA PARA ESTUFA O ASADOR -\" \/>\n<meta property=\"og:description\" content=\"Modelo:  20004431 \/ 2000004431  Almacena, Lleve y protege tu parrilla Coleman.  Construcci\u00f3n de la maleta.  Asas fuertes para un transporte m\u00e1s c\u00f3modo.  Cierre resistente que soporta el uso constante.  Dos bolsas exteriores con cordones ajustables para los cilindros de gas propano.  Maleta para estufas modelos: 5466, 9921, 9922, 9924, 2000000851 y 20000.\" \/>\n<meta property=\"og:url\" content=\"https:\/\/proveedoracomercial.com\/clientes\/producto\/maleta-para-estufa-o-asador\/\" \/>\n<meta property=\"og:image\" content=\"https:\/\/proveedoracomercial.com\/clientes\/wp-content\/uploads\/sites\/4\/2024\/06\/Imagen16.png\" \/>\n\t<meta property=\"og:image:width\" content=\"799\" \/>\n\t<meta property=\"og:image:height\" content=\"436\" \/>\n\t<meta property=\"og:image:type\" content=\"image\/png\" \/>\n<meta name=\"twitter:card\" content=\"summary_large_image\" \/>\n<script type=\"application\/ld+json\" class=\"yoast-schema-graph\">{\"@context\":\"https:\/\/schema.org\",\"@graph\":[{\"@type\":\"WebPage\",\"@id\":\"https:\/\/proveedoracomercial.com\/clientes\/producto\/maleta-para-estufa-o-asador\/\",\"url\":\"https:\/\/proveedoracomercial.com\/clientes\/producto\/maleta-para-estufa-o-asador\/\",\"name\":\"MALETA PARA ESTUFA O ASADOR -\",\"isPartOf\":{\"@id\":\"https:\/\/proveedoracomercial.com\/clientes\/#website\"},\"primaryImageOfPage\":{\"@id\":\"https:\/\/proveedoracomercial.com\/clientes\/producto\/maleta-para-estufa-o-asador\/#primaryimage\"},\"image\":{\"@id\":\"https:\/\/proveedoracomercial.com\/clientes\/producto\/maleta-para-estufa-o-asador\/#primaryimage\"},\"thumbnailUrl\":\"https:\/\/proveedoracomercial.com\/clientes\/wp-content\/uploads\/sites\/4\/2024\/06\/Imagen16.png\",\"datePublished\":\"2024-03-20T04:49:04+00:00\",\"dateModified\":\"2024-03-20T04:49:04+00:00\",\"breadcrumb\":{\"@id\":\"https:\/\/proveedoracomercial.com\/clientes\/producto\/maleta-para-estufa-o-asador\/#breadcrumb\"},\"inLanguage\":\"es\",\"potentialAction\":[{\"@type\":\"ReadAction\",\"target\":[\"https:\/\/proveedoracomercial.com\/clientes\/producto\/maleta-para-estufa-o-asador\/\"]}]},{\"@type\":\"ImageObject\",\"inLanguage\":\"es\",\"@id\":\"https:\/\/proveedoracomercial.com\/clientes\/producto\/maleta-para-estufa-o-asador\/#primaryimage\",\"url\":\"https:\/\/proveedoracomercial.com\/clientes\/wp-content\/uploads\/sites\/4\/2024\/06\/Imagen16.png\",\"contentUrl\":\"https:\/\/proveedoracomercial.com\/clientes\/wp-content\/uploads\/sites\/4\/2024\/06\/Imagen16.png\",\"width\":799,\"height\":436},{\"@type\":\"BreadcrumbList\",\"@id\":\"https:\/\/proveedoracomercial.com\/clientes\/producto\/maleta-para-estufa-o-asador\/#breadcrumb\",\"itemListElement\":[{\"@type\":\"ListItem\",\"position\":1,\"name\":\"Portada\",\"item\":\"https:\/\/proveedoracomercial.com\/clientes\/\"},{\"@type\":\"ListItem\",\"position\":2,\"name\":\"Tienda\",\"item\":\"https:\/\/proveedoracomercial.com\/clientes\/tienda\/\"},{\"@type\":\"ListItem\",\"position\":3,\"name\":\"MALETA PARA ESTUFA O ASADOR\"}]},{\"@type\":\"WebSite\",\"@id\":\"https:\/\/proveedoracomercial.com\/clientes\/#website\",\"url\":\"https:\/\/proveedoracomercial.com\/clientes\/\",\"name\":\"\",\"description\":\"\",\"potentialAction\":[{\"@type\":\"SearchAction\",\"target\":{\"@type\":\"EntryPoint\",\"urlTemplate\":\"https:\/\/proveedoracomercial.com\/clientes\/?s={search_term_string}\"},\"query-input\":{\"@type\":\"PropertyValueSpecification\",\"valueRequired\":true,\"valueName\":\"search_term_string\"}}],\"inLanguage\":\"es\"}]}<\/script>\n<!-- \/ Yoast SEO plugin. -->","yoast_head_json":{"title":"MALETA PARA ESTUFA O ASADOR -","robots":{"index":"index","follow":"follow","max-snippet":"max-snippet:-1","max-image-preview":"max-image-preview:large","max-video-preview":"max-video-preview:-1"},"canonical":"https:\/\/proveedoracomercial.com\/clientes\/producto\/maleta-para-estufa-o-asador\/","og_locale":"es_MX","og_type":"article","og_title":"MALETA PARA ESTUFA O ASADOR -","og_description":"Modelo:  20004431 \/ 2000004431  Almacena, Lleve y protege tu parrilla Coleman.  Construcci\u00f3n de la maleta.  Asas fuertes para un transporte m\u00e1s c\u00f3modo.  Cierre resistente que soporta el uso constante.  Dos bolsas exteriores con cordones ajustables para los cilindros de gas propano.  Maleta para estufas modelos: 5466, 9921, 9922, 9924, 2000000851 y 20000.","og_url":"https:\/\/proveedoracomercial.com\/clientes\/producto\/maleta-para-estufa-o-asador\/","og_image":[{"width":799,"height":436,"url":"https:\/\/proveedoracomercial.com\/clientes\/wp-content\/uploads\/sites\/4\/2024\/06\/Imagen16.png","type":"image\/png"}],"twitter_card":"summary_large_image","schema":{"@context":"https:\/\/schema.org","@graph":[{"@type":"WebPage","@id":"https:\/\/proveedoracomercial.com\/clientes\/producto\/maleta-para-estufa-o-asador\/","url":"https:\/\/proveedoracomercial.com\/clientes\/producto\/maleta-para-estufa-o-asador\/","name":"MALETA PARA ESTUFA O ASADOR -","isPartOf":{"@id":"https:\/\/proveedoracomercial.com\/clientes\/#website"},"primaryImageOfPage":{"@id":"https:\/\/proveedoracomercial.com\/clientes\/producto\/maleta-para-estufa-o-asador\/#primaryimage"},"image":{"@id":"https:\/\/proveedoracomercial.com\/clientes\/producto\/maleta-para-estufa-o-asador\/#primaryimage"},"thumbnailUrl":"https:\/\/proveedoracomercial.com\/clientes\/wp-content\/uploads\/sites\/4\/2024\/06\/Imagen16.png","datePublished":"2024-03-20T04:49:04+00:00","dateModified":"2024-03-20T04:49:04+00:00","breadcrumb":{"@id":"https:\/\/proveedoracomercial.com\/clientes\/producto\/maleta-para-estufa-o-asador\/#breadcrumb"},"inLanguage":"es","potentialAction":[{"@type":"ReadAction","target":["https:\/\/proveedoracomercial.com\/clientes\/producto\/maleta-para-estufa-o-asador\/"]}]},{"@type":"ImageObject","inLanguage":"es","@id":"https:\/\/proveedoracomercial.com\/clientes\/producto\/maleta-para-estufa-o-asador\/#primaryimage","url":"https:\/\/proveedoracomercial.com\/clientes\/wp-content\/uploads\/sites\/4\/2024\/06\/Imagen16.png","contentUrl":"https:\/\/proveedoracomercial.com\/clientes\/wp-content\/uploads\/sites\/4\/2024\/06\/Imagen16.png","width":799,"height":436},{"@type":"BreadcrumbList","@id":"https:\/\/proveedoracomercial.com\/clientes\/producto\/maleta-para-estufa-o-asador\/#breadcrumb","itemListElement":[{"@type":"ListItem","position":1,"name":"Portada","item":"https:\/\/proveedoracomercial.com\/clientes\/"},{"@type":"ListItem","position":2,"name":"Tienda","item":"https:\/\/proveedoracomercial.com\/clientes\/tienda\/"},{"@type":"ListItem","position":3,"name":"MALETA PARA ESTUFA O ASADOR"}]},{"@type":"WebSite","@id":"https:\/\/proveedoracomercial.com\/clientes\/#website","url":"https:\/\/proveedoracomercial.com\/clientes\/","name":"","description":"","potentialAction":[{"@type":"SearchAction","target":{"@type":"EntryPoint","urlTemplate":"https:\/\/proveedoracomercial.com\/clientes\/?s={search_term_string}"},"query-input":{"@type":"PropertyValueSpecification","valueRequired":true,"valueName":"search_term_string"}}],"inLanguage":"es"}]}},"_links":{"self":[{"href":"https:\/\/proveedoracomercial.com\/clientes\/wp-json\/wp\/v2\/product\/799","targetHints":{"allow":["GET"]}}],"collection":[{"href":"https:\/\/proveedoracomercial.com\/clientes\/wp-json\/wp\/v2\/product"}],"about":[{"href":"https:\/\/proveedoracomercial.com\/clientes\/wp-json\/wp\/v2\/types\/product"}],"replies":[{"embeddable":true,"href":"https:\/\/proveedoracomercial.com\/clientes\/wp-json\/wp\/v2\/comments?post=799"}],"wp:featuredmedia":[{"embeddable":true,"href":"https:\/\/proveedoracomercial.com\/clientes\/wp-json\/wp\/v2\/media\/800"}],"wp:attachment":[{"href":"https:\/\/proveedoracomercial.com\/clientes\/wp-json\/wp\/v2\/media?parent=799"}],"wp:term":[{"taxonomy":"store","embeddable":true,"href":"https:\/\/proveedoracomercial.com\/clientes\/wp-json\/wp\/v2\/store?post=799"},{"taxonomy":"product_cat","embeddable":true,"href":"https:\/\/proveedoracomercial.com\/clientes\/wp-json\/wp\/v2\/product_cat?post=799"},{"taxonomy":"product_tag","embeddable":true,"href":"https:\/\/proveedoracomercial.com\/clientes\/wp-json\/wp\/v2\/product_tag?post=799"}],"curies":[{"name":"wp","href":"https:\/\/api.w.org\/{rel}","templated":true}]}}