{"id":769,"date":"2024-03-20T04:49:26","date_gmt":"2024-03-20T04:49:26","guid":{"rendered":"https:\/\/proveedoracomercial.com\/clientes\/producto\/regadera-portatil\/"},"modified":"2024-03-20T04:49:26","modified_gmt":"2024-03-20T04:49:26","slug":"regadera-portatil","status":"publish","type":"product","link":"https:\/\/proveedoracomercial.com\/clientes\/producto\/regadera-portatil\/","title":{"rendered":"REGADERA PORTATIL"},"content":{"rendered":"","protected":false},"excerpt":{"rendered":"<p>Regadera port\u00e1til ideal para los campamentos.<\/p>\n<p>Tiene diferentes usos, para lavar trastes, para ba\u00f1arse, etc.<\/p>\n<p>El agua se calienta con la luz solar.<\/p>\n<p>Capacidad de 5 galones (18.9 litros).<\/p>\n<p>Asa resistente para una f\u00e1cil transportaci\u00f3n o para colgar.<\/p>\n","protected":false},"featured_media":771,"comment_status":"closed","ping_status":"closed","template":"","meta":{"_joinchat":[]},"store":[],"product_cat":[89,156],"product_tag":[242],"class_list":{"0":"post-769","1":"product","2":"type-product","3":"status-publish","4":"has-post-thumbnail","6":"product_cat-accesorios","7":"product_cat-coleman-accesorios","8":"product_tag-regadera-portatil","10":"first","11":"instock","12":"shipping-taxable","13":"purchasable","14":"product-type-simple"},"yoast_head":"<!-- This site is optimized with the Yoast SEO plugin v23.5 - https:\/\/yoast.com\/wordpress\/plugins\/seo\/ -->\n<title>REGADERA PORTATIL -<\/title>\n<meta name=\"robots\" content=\"index, follow, max-snippet:-1, max-image-preview:large, max-video-preview:-1\" \/>\n<link rel=\"canonical\" href=\"https:\/\/proveedoracomercial.com\/clientes\/producto\/regadera-portatil\/\" \/>\n<meta property=\"og:locale\" content=\"es_MX\" \/>\n<meta property=\"og:type\" content=\"article\" \/>\n<meta property=\"og:title\" content=\"REGADERA PORTATIL -\" \/>\n<meta property=\"og:description\" content=\"Regadera port\u00e1til ideal para los campamentos.  Tiene diferentes usos, para lavar trastes, para ba\u00f1arse, etc.  El agua se calienta con la luz solar.  Capacidad de 5 galones (18.9 litros).  Asa resistente para una f\u00e1cil transportaci\u00f3n o para colgar.\" \/>\n<meta property=\"og:url\" content=\"https:\/\/proveedoracomercial.com\/clientes\/producto\/regadera-portatil\/\" \/>\n<meta property=\"og:image\" content=\"https:\/\/proveedoracomercial.com\/clientes\/wp-content\/uploads\/sites\/4\/2024\/06\/Imagen46.png\" \/>\n\t<meta property=\"og:image:width\" content=\"609\" \/>\n\t<meta property=\"og:image:height\" content=\"693\" \/>\n\t<meta property=\"og:image:type\" content=\"image\/png\" \/>\n<meta name=\"twitter:card\" content=\"summary_large_image\" \/>\n<script type=\"application\/ld+json\" class=\"yoast-schema-graph\">{\"@context\":\"https:\/\/schema.org\",\"@graph\":[{\"@type\":\"WebPage\",\"@id\":\"https:\/\/proveedoracomercial.com\/clientes\/producto\/regadera-portatil\/\",\"url\":\"https:\/\/proveedoracomercial.com\/clientes\/producto\/regadera-portatil\/\",\"name\":\"REGADERA PORTATIL -\",\"isPartOf\":{\"@id\":\"https:\/\/proveedoracomercial.com\/clientes\/#website\"},\"primaryImageOfPage\":{\"@id\":\"https:\/\/proveedoracomercial.com\/clientes\/producto\/regadera-portatil\/#primaryimage\"},\"image\":{\"@id\":\"https:\/\/proveedoracomercial.com\/clientes\/producto\/regadera-portatil\/#primaryimage\"},\"thumbnailUrl\":\"https:\/\/proveedoracomercial.com\/clientes\/wp-content\/uploads\/sites\/4\/2024\/06\/Imagen46.png\",\"datePublished\":\"2024-03-20T04:49:26+00:00\",\"dateModified\":\"2024-03-20T04:49:26+00:00\",\"breadcrumb\":{\"@id\":\"https:\/\/proveedoracomercial.com\/clientes\/producto\/regadera-portatil\/#breadcrumb\"},\"inLanguage\":\"es\",\"potentialAction\":[{\"@type\":\"ReadAction\",\"target\":[\"https:\/\/proveedoracomercial.com\/clientes\/producto\/regadera-portatil\/\"]}]},{\"@type\":\"ImageObject\",\"inLanguage\":\"es\",\"@id\":\"https:\/\/proveedoracomercial.com\/clientes\/producto\/regadera-portatil\/#primaryimage\",\"url\":\"https:\/\/proveedoracomercial.com\/clientes\/wp-content\/uploads\/sites\/4\/2024\/06\/Imagen46.png\",\"contentUrl\":\"https:\/\/proveedoracomercial.com\/clientes\/wp-content\/uploads\/sites\/4\/2024\/06\/Imagen46.png\",\"width\":609,\"height\":693},{\"@type\":\"BreadcrumbList\",\"@id\":\"https:\/\/proveedoracomercial.com\/clientes\/producto\/regadera-portatil\/#breadcrumb\",\"itemListElement\":[{\"@type\":\"ListItem\",\"position\":1,\"name\":\"Portada\",\"item\":\"https:\/\/proveedoracomercial.com\/clientes\/\"},{\"@type\":\"ListItem\",\"position\":2,\"name\":\"Tienda\",\"item\":\"https:\/\/proveedoracomercial.com\/clientes\/tienda\/\"},{\"@type\":\"ListItem\",\"position\":3,\"name\":\"REGADERA PORTATIL\"}]},{\"@type\":\"WebSite\",\"@id\":\"https:\/\/proveedoracomercial.com\/clientes\/#website\",\"url\":\"https:\/\/proveedoracomercial.com\/clientes\/\",\"name\":\"\",\"description\":\"\",\"potentialAction\":[{\"@type\":\"SearchAction\",\"target\":{\"@type\":\"EntryPoint\",\"urlTemplate\":\"https:\/\/proveedoracomercial.com\/clientes\/?s={search_term_string}\"},\"query-input\":{\"@type\":\"PropertyValueSpecification\",\"valueRequired\":true,\"valueName\":\"search_term_string\"}}],\"inLanguage\":\"es\"}]}<\/script>\n<!-- \/ Yoast SEO plugin. -->","yoast_head_json":{"title":"REGADERA PORTATIL -","robots":{"index":"index","follow":"follow","max-snippet":"max-snippet:-1","max-image-preview":"max-image-preview:large","max-video-preview":"max-video-preview:-1"},"canonical":"https:\/\/proveedoracomercial.com\/clientes\/producto\/regadera-portatil\/","og_locale":"es_MX","og_type":"article","og_title":"REGADERA PORTATIL -","og_description":"Regadera port\u00e1til ideal para los campamentos.  Tiene diferentes usos, para lavar trastes, para ba\u00f1arse, etc.  El agua se calienta con la luz solar.  Capacidad de 5 galones (18.9 litros).  Asa resistente para una f\u00e1cil transportaci\u00f3n o para colgar.","og_url":"https:\/\/proveedoracomercial.com\/clientes\/producto\/regadera-portatil\/","og_image":[{"width":609,"height":693,"url":"https:\/\/proveedoracomercial.com\/clientes\/wp-content\/uploads\/sites\/4\/2024\/06\/Imagen46.png","type":"image\/png"}],"twitter_card":"summary_large_image","schema":{"@context":"https:\/\/schema.org","@graph":[{"@type":"WebPage","@id":"https:\/\/proveedoracomercial.com\/clientes\/producto\/regadera-portatil\/","url":"https:\/\/proveedoracomercial.com\/clientes\/producto\/regadera-portatil\/","name":"REGADERA PORTATIL -","isPartOf":{"@id":"https:\/\/proveedoracomercial.com\/clientes\/#website"},"primaryImageOfPage":{"@id":"https:\/\/proveedoracomercial.com\/clientes\/producto\/regadera-portatil\/#primaryimage"},"image":{"@id":"https:\/\/proveedoracomercial.com\/clientes\/producto\/regadera-portatil\/#primaryimage"},"thumbnailUrl":"https:\/\/proveedoracomercial.com\/clientes\/wp-content\/uploads\/sites\/4\/2024\/06\/Imagen46.png","datePublished":"2024-03-20T04:49:26+00:00","dateModified":"2024-03-20T04:49:26+00:00","breadcrumb":{"@id":"https:\/\/proveedoracomercial.com\/clientes\/producto\/regadera-portatil\/#breadcrumb"},"inLanguage":"es","potentialAction":[{"@type":"ReadAction","target":["https:\/\/proveedoracomercial.com\/clientes\/producto\/regadera-portatil\/"]}]},{"@type":"ImageObject","inLanguage":"es","@id":"https:\/\/proveedoracomercial.com\/clientes\/producto\/regadera-portatil\/#primaryimage","url":"https:\/\/proveedoracomercial.com\/clientes\/wp-content\/uploads\/sites\/4\/2024\/06\/Imagen46.png","contentUrl":"https:\/\/proveedoracomercial.com\/clientes\/wp-content\/uploads\/sites\/4\/2024\/06\/Imagen46.png","width":609,"height":693},{"@type":"BreadcrumbList","@id":"https:\/\/proveedoracomercial.com\/clientes\/producto\/regadera-portatil\/#breadcrumb","itemListElement":[{"@type":"ListItem","position":1,"name":"Portada","item":"https:\/\/proveedoracomercial.com\/clientes\/"},{"@type":"ListItem","position":2,"name":"Tienda","item":"https:\/\/proveedoracomercial.com\/clientes\/tienda\/"},{"@type":"ListItem","position":3,"name":"REGADERA PORTATIL"}]},{"@type":"WebSite","@id":"https:\/\/proveedoracomercial.com\/clientes\/#website","url":"https:\/\/proveedoracomercial.com\/clientes\/","name":"","description":"","potentialAction":[{"@type":"SearchAction","target":{"@type":"EntryPoint","urlTemplate":"https:\/\/proveedoracomercial.com\/clientes\/?s={search_term_string}"},"query-input":{"@type":"PropertyValueSpecification","valueRequired":true,"valueName":"search_term_string"}}],"inLanguage":"es"}]}},"_links":{"self":[{"href":"https:\/\/proveedoracomercial.com\/clientes\/wp-json\/wp\/v2\/product\/769","targetHints":{"allow":["GET"]}}],"collection":[{"href":"https:\/\/proveedoracomercial.com\/clientes\/wp-json\/wp\/v2\/product"}],"about":[{"href":"https:\/\/proveedoracomercial.com\/clientes\/wp-json\/wp\/v2\/types\/product"}],"replies":[{"embeddable":true,"href":"https:\/\/proveedoracomercial.com\/clientes\/wp-json\/wp\/v2\/comments?post=769"}],"wp:featuredmedia":[{"embeddable":true,"href":"https:\/\/proveedoracomercial.com\/clientes\/wp-json\/wp\/v2\/media\/771"}],"wp:attachment":[{"href":"https:\/\/proveedoracomercial.com\/clientes\/wp-json\/wp\/v2\/media?parent=769"}],"wp:term":[{"taxonomy":"store","embeddable":true,"href":"https:\/\/proveedoracomercial.com\/clientes\/wp-json\/wp\/v2\/store?post=769"},{"taxonomy":"product_cat","embeddable":true,"href":"https:\/\/proveedoracomercial.com\/clientes\/wp-json\/wp\/v2\/product_cat?post=769"},{"taxonomy":"product_tag","embeddable":true,"href":"https:\/\/proveedoracomercial.com\/clientes\/wp-json\/wp\/v2\/product_tag?post=769"}],"curies":[{"name":"wp","href":"https:\/\/api.w.org\/{rel}","templated":true}]}}