{"id":739,"date":"2024-03-20T04:55:52","date_gmt":"2024-03-20T04:55:52","guid":{"rendered":"https:\/\/proveedoracomercial.com\/clientes\/producto\/bolsa-de-dormir-oak-point\/"},"modified":"2024-03-20T04:55:52","modified_gmt":"2024-03-20T04:55:52","slug":"bolsa-de-dormir-oak-point","status":"publish","type":"product","link":"https:\/\/proveedoracomercial.com\/clientes\/producto\/bolsa-de-dormir-oak-point\/","title":{"rendered":"BOLSA DE DORMIR OAK POINT"},"content":{"rendered":"","protected":false},"excerpt":{"rendered":"<p>Tama\u00f1o 99.1 cm x 205.74 cm.<\/p>\n<p>Temperatura\u00a0 -11\u00b0C a 10\u00b0C.<\/p>\n<p>Tipo Rect\u00e1ngulo.<\/p>\n<p>Tecnolog\u00eda Thermolock\u2122<\/p>\n<p>FiberLock\u2122<\/p>\n<p>Roll Control\u2122<\/p>\n<p>Lavable en m\u00e1quina.<\/p>\n<p>Forro exterior: Poli\u00e9ster.<\/p>\n<p>Forro interior: Franela de algod\u00f3n.<\/p>\n","protected":false},"featured_media":741,"comment_status":"closed","ping_status":"closed","template":"","meta":{"_joinchat":[]},"store":[],"product_cat":[166,165],"product_tag":[51,104,232,167],"class_list":{"0":"post-739","1":"product","2":"type-product","3":"status-publish","4":"has-post-thumbnail","6":"product_cat-coleman-sacos-de-dormir-sleeping-bags","7":"product_cat-sacos-de-dormir-sleeping-bags","8":"product_tag-coleman","9":"product_tag-pca","10":"product_tag-saco-de-dormir","11":"product_tag-sleeping-bag","13":"first","14":"instock","15":"shipping-taxable","16":"purchasable","17":"product-type-simple"},"yoast_head":"<!-- This site is optimized with the Yoast SEO plugin v23.5 - https:\/\/yoast.com\/wordpress\/plugins\/seo\/ -->\n<title>BOLSA DE DORMIR OAK POINT -<\/title>\n<meta name=\"robots\" content=\"index, follow, max-snippet:-1, max-image-preview:large, max-video-preview:-1\" \/>\n<link rel=\"canonical\" href=\"https:\/\/proveedoracomercial.com\/clientes\/producto\/bolsa-de-dormir-oak-point\/\" \/>\n<meta property=\"og:locale\" content=\"es_MX\" \/>\n<meta property=\"og:type\" content=\"article\" \/>\n<meta property=\"og:title\" content=\"BOLSA DE DORMIR OAK POINT -\" \/>\n<meta property=\"og:description\" content=\"Tama\u00f1o 99.1 cm x 205.74 cm.  Temperatura\u00a0 -11\u00b0C a 10\u00b0C.  Tipo Rect\u00e1ngulo.  Tecnolog\u00eda Thermolock\u2122  FiberLock\u2122  Roll Control\u2122  Lavable en m\u00e1quina.  Forro exterior: Poli\u00e9ster.  Forro interior: Franela de algod\u00f3n.\" \/>\n<meta property=\"og:url\" content=\"https:\/\/proveedoracomercial.com\/clientes\/producto\/bolsa-de-dormir-oak-point\/\" \/>\n<meta property=\"og:image\" content=\"https:\/\/proveedoracomercial.com\/clientes\/wp-content\/uploads\/sites\/4\/2024\/06\/saco-de-dormir-sleeping-bag-4-coleman-pca.png\" \/>\n\t<meta property=\"og:image:width\" content=\"478\" \/>\n\t<meta property=\"og:image:height\" content=\"497\" \/>\n\t<meta property=\"og:image:type\" content=\"image\/png\" \/>\n<meta name=\"twitter:card\" content=\"summary_large_image\" \/>\n<script type=\"application\/ld+json\" class=\"yoast-schema-graph\">{\"@context\":\"https:\/\/schema.org\",\"@graph\":[{\"@type\":\"WebPage\",\"@id\":\"https:\/\/proveedoracomercial.com\/clientes\/producto\/bolsa-de-dormir-oak-point\/\",\"url\":\"https:\/\/proveedoracomercial.com\/clientes\/producto\/bolsa-de-dormir-oak-point\/\",\"name\":\"BOLSA DE DORMIR OAK POINT -\",\"isPartOf\":{\"@id\":\"https:\/\/proveedoracomercial.com\/clientes\/#website\"},\"primaryImageOfPage\":{\"@id\":\"https:\/\/proveedoracomercial.com\/clientes\/producto\/bolsa-de-dormir-oak-point\/#primaryimage\"},\"image\":{\"@id\":\"https:\/\/proveedoracomercial.com\/clientes\/producto\/bolsa-de-dormir-oak-point\/#primaryimage\"},\"thumbnailUrl\":\"https:\/\/proveedoracomercial.com\/clientes\/wp-content\/uploads\/sites\/4\/2024\/06\/saco-de-dormir-sleeping-bag-4-coleman-pca.png\",\"datePublished\":\"2024-03-20T04:55:52+00:00\",\"dateModified\":\"2024-03-20T04:55:52+00:00\",\"breadcrumb\":{\"@id\":\"https:\/\/proveedoracomercial.com\/clientes\/producto\/bolsa-de-dormir-oak-point\/#breadcrumb\"},\"inLanguage\":\"es\",\"potentialAction\":[{\"@type\":\"ReadAction\",\"target\":[\"https:\/\/proveedoracomercial.com\/clientes\/producto\/bolsa-de-dormir-oak-point\/\"]}]},{\"@type\":\"ImageObject\",\"inLanguage\":\"es\",\"@id\":\"https:\/\/proveedoracomercial.com\/clientes\/producto\/bolsa-de-dormir-oak-point\/#primaryimage\",\"url\":\"https:\/\/proveedoracomercial.com\/clientes\/wp-content\/uploads\/sites\/4\/2024\/06\/saco-de-dormir-sleeping-bag-4-coleman-pca.png\",\"contentUrl\":\"https:\/\/proveedoracomercial.com\/clientes\/wp-content\/uploads\/sites\/4\/2024\/06\/saco-de-dormir-sleeping-bag-4-coleman-pca.png\",\"width\":478,\"height\":497},{\"@type\":\"BreadcrumbList\",\"@id\":\"https:\/\/proveedoracomercial.com\/clientes\/producto\/bolsa-de-dormir-oak-point\/#breadcrumb\",\"itemListElement\":[{\"@type\":\"ListItem\",\"position\":1,\"name\":\"Portada\",\"item\":\"https:\/\/proveedoracomercial.com\/clientes\/\"},{\"@type\":\"ListItem\",\"position\":2,\"name\":\"Tienda\",\"item\":\"https:\/\/proveedoracomercial.com\/clientes\/tienda\/\"},{\"@type\":\"ListItem\",\"position\":3,\"name\":\"BOLSA DE DORMIR OAK POINT\"}]},{\"@type\":\"WebSite\",\"@id\":\"https:\/\/proveedoracomercial.com\/clientes\/#website\",\"url\":\"https:\/\/proveedoracomercial.com\/clientes\/\",\"name\":\"\",\"description\":\"\",\"potentialAction\":[{\"@type\":\"SearchAction\",\"target\":{\"@type\":\"EntryPoint\",\"urlTemplate\":\"https:\/\/proveedoracomercial.com\/clientes\/?s={search_term_string}\"},\"query-input\":{\"@type\":\"PropertyValueSpecification\",\"valueRequired\":true,\"valueName\":\"search_term_string\"}}],\"inLanguage\":\"es\"}]}<\/script>\n<!-- \/ Yoast SEO plugin. -->","yoast_head_json":{"title":"BOLSA DE DORMIR OAK POINT -","robots":{"index":"index","follow":"follow","max-snippet":"max-snippet:-1","max-image-preview":"max-image-preview:large","max-video-preview":"max-video-preview:-1"},"canonical":"https:\/\/proveedoracomercial.com\/clientes\/producto\/bolsa-de-dormir-oak-point\/","og_locale":"es_MX","og_type":"article","og_title":"BOLSA DE DORMIR OAK POINT -","og_description":"Tama\u00f1o 99.1 cm x 205.74 cm.  Temperatura\u00a0 -11\u00b0C a 10\u00b0C.  Tipo Rect\u00e1ngulo.  Tecnolog\u00eda Thermolock\u2122  FiberLock\u2122  Roll Control\u2122  Lavable en m\u00e1quina.  Forro exterior: Poli\u00e9ster.  Forro interior: Franela de algod\u00f3n.","og_url":"https:\/\/proveedoracomercial.com\/clientes\/producto\/bolsa-de-dormir-oak-point\/","og_image":[{"width":478,"height":497,"url":"https:\/\/proveedoracomercial.com\/clientes\/wp-content\/uploads\/sites\/4\/2024\/06\/saco-de-dormir-sleeping-bag-4-coleman-pca.png","type":"image\/png"}],"twitter_card":"summary_large_image","schema":{"@context":"https:\/\/schema.org","@graph":[{"@type":"WebPage","@id":"https:\/\/proveedoracomercial.com\/clientes\/producto\/bolsa-de-dormir-oak-point\/","url":"https:\/\/proveedoracomercial.com\/clientes\/producto\/bolsa-de-dormir-oak-point\/","name":"BOLSA DE DORMIR OAK POINT -","isPartOf":{"@id":"https:\/\/proveedoracomercial.com\/clientes\/#website"},"primaryImageOfPage":{"@id":"https:\/\/proveedoracomercial.com\/clientes\/producto\/bolsa-de-dormir-oak-point\/#primaryimage"},"image":{"@id":"https:\/\/proveedoracomercial.com\/clientes\/producto\/bolsa-de-dormir-oak-point\/#primaryimage"},"thumbnailUrl":"https:\/\/proveedoracomercial.com\/clientes\/wp-content\/uploads\/sites\/4\/2024\/06\/saco-de-dormir-sleeping-bag-4-coleman-pca.png","datePublished":"2024-03-20T04:55:52+00:00","dateModified":"2024-03-20T04:55:52+00:00","breadcrumb":{"@id":"https:\/\/proveedoracomercial.com\/clientes\/producto\/bolsa-de-dormir-oak-point\/#breadcrumb"},"inLanguage":"es","potentialAction":[{"@type":"ReadAction","target":["https:\/\/proveedoracomercial.com\/clientes\/producto\/bolsa-de-dormir-oak-point\/"]}]},{"@type":"ImageObject","inLanguage":"es","@id":"https:\/\/proveedoracomercial.com\/clientes\/producto\/bolsa-de-dormir-oak-point\/#primaryimage","url":"https:\/\/proveedoracomercial.com\/clientes\/wp-content\/uploads\/sites\/4\/2024\/06\/saco-de-dormir-sleeping-bag-4-coleman-pca.png","contentUrl":"https:\/\/proveedoracomercial.com\/clientes\/wp-content\/uploads\/sites\/4\/2024\/06\/saco-de-dormir-sleeping-bag-4-coleman-pca.png","width":478,"height":497},{"@type":"BreadcrumbList","@id":"https:\/\/proveedoracomercial.com\/clientes\/producto\/bolsa-de-dormir-oak-point\/#breadcrumb","itemListElement":[{"@type":"ListItem","position":1,"name":"Portada","item":"https:\/\/proveedoracomercial.com\/clientes\/"},{"@type":"ListItem","position":2,"name":"Tienda","item":"https:\/\/proveedoracomercial.com\/clientes\/tienda\/"},{"@type":"ListItem","position":3,"name":"BOLSA DE DORMIR OAK POINT"}]},{"@type":"WebSite","@id":"https:\/\/proveedoracomercial.com\/clientes\/#website","url":"https:\/\/proveedoracomercial.com\/clientes\/","name":"","description":"","potentialAction":[{"@type":"SearchAction","target":{"@type":"EntryPoint","urlTemplate":"https:\/\/proveedoracomercial.com\/clientes\/?s={search_term_string}"},"query-input":{"@type":"PropertyValueSpecification","valueRequired":true,"valueName":"search_term_string"}}],"inLanguage":"es"}]}},"_links":{"self":[{"href":"https:\/\/proveedoracomercial.com\/clientes\/wp-json\/wp\/v2\/product\/739","targetHints":{"allow":["GET"]}}],"collection":[{"href":"https:\/\/proveedoracomercial.com\/clientes\/wp-json\/wp\/v2\/product"}],"about":[{"href":"https:\/\/proveedoracomercial.com\/clientes\/wp-json\/wp\/v2\/types\/product"}],"replies":[{"embeddable":true,"href":"https:\/\/proveedoracomercial.com\/clientes\/wp-json\/wp\/v2\/comments?post=739"}],"wp:featuredmedia":[{"embeddable":true,"href":"https:\/\/proveedoracomercial.com\/clientes\/wp-json\/wp\/v2\/media\/741"}],"wp:attachment":[{"href":"https:\/\/proveedoracomercial.com\/clientes\/wp-json\/wp\/v2\/media?parent=739"}],"wp:term":[{"taxonomy":"store","embeddable":true,"href":"https:\/\/proveedoracomercial.com\/clientes\/wp-json\/wp\/v2\/store?post=739"},{"taxonomy":"product_cat","embeddable":true,"href":"https:\/\/proveedoracomercial.com\/clientes\/wp-json\/wp\/v2\/product_cat?post=739"},{"taxonomy":"product_tag","embeddable":true,"href":"https:\/\/proveedoracomercial.com\/clientes\/wp-json\/wp\/v2\/product_tag?post=739"}],"curies":[{"name":"wp","href":"https:\/\/api.w.org\/{rel}","templated":true}]}}