{"id":702,"date":"2024-03-20T04:56:36","date_gmt":"2024-03-20T04:56:36","guid":{"rendered":"https:\/\/proveedoracomercial.com\/clientes\/producto\/colchon-inflable-para-suv\/"},"modified":"2024-03-20T04:56:36","modified_gmt":"2024-03-20T04:56:36","slug":"colchon-inflable-para-suv","status":"publish","type":"product","link":"https:\/\/proveedoracomercial.com\/clientes\/producto\/colchon-inflable-para-suv\/","title":{"rendered":"COLCHON INFLABLE PARA SUV"},"content":{"rendered":"","protected":false},"excerpt":{"rendered":"<p>Dise\u00f1o que se ajusta perfectamente para camionetas tipo SUV.<\/p>\n<p>AirTight\u00ae sistema libre de fugas.<\/p>\n<p>Wrap &#8216;N&#8217; Roll\u2122 sistema que permite plegar, enrollar y almacenar el colch\u00f3n desinflado f\u00e1cilmente.<\/p>\n<p>ComfortStrong\u2122 sistema que proporciona un mejor soporte para una m\u00e1xima seguridad.<\/p>\n<p>Double Lock\u2122 sistema que hace que la v\u00e1lvula del colch\u00f3n tenga un doble sellado evitando la filtraci\u00f3n del aire.<\/p>\n<p>Para uso al aire libre, en interiores y en camionetas tipo SUV.<\/p>\n<p>Superficie suave para un mejor descanso<\/p>\n<p>Incluye funda para una f\u00e1cil transportaci\u00f3n y evitar pinchaduras.<\/p>\n<p>Se recomienda inflar con una bomba Coleman\u00ae (se vende por separado).<\/p>\n<p>Soporta hasta 136 kg.<\/p>\n<p>El producto inflado mide aproximadamente:<\/p>\n<p>1 m 85.42 cm de largo<\/p>\n<p>1 m 01.6 cm de ancho<\/p>\n<p>16.51 cm de alto<\/p>\n","protected":false},"featured_media":704,"comment_status":"closed","ping_status":"closed","template":"","meta":{"_joinchat":[]},"store":[],"product_cat":[62,63],"product_tag":[],"class_list":{"0":"post-702","1":"product","2":"type-product","3":"status-publish","4":"has-post-thumbnail","6":"product_cat-colchones-inflables","7":"product_cat-coleman-colchones-inflables","9":"first","10":"instock","11":"shipping-taxable","12":"purchasable","13":"product-type-simple"},"yoast_head":"<!-- This site is optimized with the Yoast SEO plugin v23.5 - https:\/\/yoast.com\/wordpress\/plugins\/seo\/ -->\n<title>COLCHON INFLABLE PARA SUV -<\/title>\n<meta name=\"robots\" content=\"index, follow, max-snippet:-1, max-image-preview:large, max-video-preview:-1\" \/>\n<link rel=\"canonical\" href=\"https:\/\/proveedoracomercial.com\/clientes\/producto\/colchon-inflable-para-suv\/\" \/>\n<meta property=\"og:locale\" content=\"es_MX\" \/>\n<meta property=\"og:type\" content=\"article\" \/>\n<meta property=\"og:title\" content=\"COLCHON INFLABLE PARA SUV -\" \/>\n<meta property=\"og:description\" content=\"Dise\u00f1o que se ajusta perfectamente para camionetas tipo SUV.  AirTight\u00ae sistema libre de fugas.  Wrap &#039;N&#039; Roll\u2122 sistema que permite plegar, enrollar y almacenar el colch\u00f3n desinflado f\u00e1cilmente.  ComfortStrong\u2122 sistema que proporciona un mejor soporte para una m\u00e1xima seguridad.  Double Lock\u2122 sistema que hace que la v\u00e1lvula del colch\u00f3n tenga un doble sellado evitando la filtraci\u00f3n del aire.  Para uso al aire libre, en interiores y en camionetas tipo SUV.  Superficie suave para un mejor descanso  Incluye funda para una f\u00e1cil transportaci\u00f3n y evitar pinchaduras.  Se recomienda inflar con una bomba Coleman\u00ae (se vende por separado).  Soporta hasta 136 kg.  El producto inflado mide aproximadamente:  1 m 85.42 cm de largo  1 m 01.6 cm de ancho  16.51 cm de alto\" \/>\n<meta property=\"og:url\" content=\"https:\/\/proveedoracomercial.com\/clientes\/producto\/colchon-inflable-para-suv\/\" \/>\n<meta property=\"og:image\" content=\"https:\/\/proveedoracomercial.com\/clientes\/wp-content\/uploads\/sites\/4\/2024\/06\/colchon-coleman-2-pca.png\" \/>\n\t<meta property=\"og:image:width\" content=\"467\" \/>\n\t<meta property=\"og:image:height\" content=\"321\" \/>\n\t<meta property=\"og:image:type\" content=\"image\/png\" \/>\n<meta name=\"twitter:card\" content=\"summary_large_image\" \/>\n<script type=\"application\/ld+json\" class=\"yoast-schema-graph\">{\"@context\":\"https:\/\/schema.org\",\"@graph\":[{\"@type\":\"WebPage\",\"@id\":\"https:\/\/proveedoracomercial.com\/clientes\/producto\/colchon-inflable-para-suv\/\",\"url\":\"https:\/\/proveedoracomercial.com\/clientes\/producto\/colchon-inflable-para-suv\/\",\"name\":\"COLCHON INFLABLE PARA SUV -\",\"isPartOf\":{\"@id\":\"https:\/\/proveedoracomercial.com\/clientes\/#website\"},\"primaryImageOfPage\":{\"@id\":\"https:\/\/proveedoracomercial.com\/clientes\/producto\/colchon-inflable-para-suv\/#primaryimage\"},\"image\":{\"@id\":\"https:\/\/proveedoracomercial.com\/clientes\/producto\/colchon-inflable-para-suv\/#primaryimage\"},\"thumbnailUrl\":\"https:\/\/proveedoracomercial.com\/clientes\/wp-content\/uploads\/sites\/4\/2024\/06\/colchon-coleman-2-pca.png\",\"datePublished\":\"2024-03-20T04:56:36+00:00\",\"dateModified\":\"2024-03-20T04:56:36+00:00\",\"breadcrumb\":{\"@id\":\"https:\/\/proveedoracomercial.com\/clientes\/producto\/colchon-inflable-para-suv\/#breadcrumb\"},\"inLanguage\":\"es\",\"potentialAction\":[{\"@type\":\"ReadAction\",\"target\":[\"https:\/\/proveedoracomercial.com\/clientes\/producto\/colchon-inflable-para-suv\/\"]}]},{\"@type\":\"ImageObject\",\"inLanguage\":\"es\",\"@id\":\"https:\/\/proveedoracomercial.com\/clientes\/producto\/colchon-inflable-para-suv\/#primaryimage\",\"url\":\"https:\/\/proveedoracomercial.com\/clientes\/wp-content\/uploads\/sites\/4\/2024\/06\/colchon-coleman-2-pca.png\",\"contentUrl\":\"https:\/\/proveedoracomercial.com\/clientes\/wp-content\/uploads\/sites\/4\/2024\/06\/colchon-coleman-2-pca.png\",\"width\":467,\"height\":321},{\"@type\":\"BreadcrumbList\",\"@id\":\"https:\/\/proveedoracomercial.com\/clientes\/producto\/colchon-inflable-para-suv\/#breadcrumb\",\"itemListElement\":[{\"@type\":\"ListItem\",\"position\":1,\"name\":\"Portada\",\"item\":\"https:\/\/proveedoracomercial.com\/clientes\/\"},{\"@type\":\"ListItem\",\"position\":2,\"name\":\"Tienda\",\"item\":\"https:\/\/proveedoracomercial.com\/clientes\/tienda\/\"},{\"@type\":\"ListItem\",\"position\":3,\"name\":\"COLCHON INFLABLE PARA SUV\"}]},{\"@type\":\"WebSite\",\"@id\":\"https:\/\/proveedoracomercial.com\/clientes\/#website\",\"url\":\"https:\/\/proveedoracomercial.com\/clientes\/\",\"name\":\"\",\"description\":\"\",\"potentialAction\":[{\"@type\":\"SearchAction\",\"target\":{\"@type\":\"EntryPoint\",\"urlTemplate\":\"https:\/\/proveedoracomercial.com\/clientes\/?s={search_term_string}\"},\"query-input\":{\"@type\":\"PropertyValueSpecification\",\"valueRequired\":true,\"valueName\":\"search_term_string\"}}],\"inLanguage\":\"es\"}]}<\/script>\n<!-- \/ Yoast SEO plugin. -->","yoast_head_json":{"title":"COLCHON INFLABLE PARA SUV -","robots":{"index":"index","follow":"follow","max-snippet":"max-snippet:-1","max-image-preview":"max-image-preview:large","max-video-preview":"max-video-preview:-1"},"canonical":"https:\/\/proveedoracomercial.com\/clientes\/producto\/colchon-inflable-para-suv\/","og_locale":"es_MX","og_type":"article","og_title":"COLCHON INFLABLE PARA SUV -","og_description":"Dise\u00f1o que se ajusta perfectamente para camionetas tipo SUV.  AirTight\u00ae sistema libre de fugas.  Wrap 'N' Roll\u2122 sistema que permite plegar, enrollar y almacenar el colch\u00f3n desinflado f\u00e1cilmente.  ComfortStrong\u2122 sistema que proporciona un mejor soporte para una m\u00e1xima seguridad.  Double Lock\u2122 sistema que hace que la v\u00e1lvula del colch\u00f3n tenga un doble sellado evitando la filtraci\u00f3n del aire.  Para uso al aire libre, en interiores y en camionetas tipo SUV.  Superficie suave para un mejor descanso  Incluye funda para una f\u00e1cil transportaci\u00f3n y evitar pinchaduras.  Se recomienda inflar con una bomba Coleman\u00ae (se vende por separado).  Soporta hasta 136 kg.  El producto inflado mide aproximadamente:  1 m 85.42 cm de largo  1 m 01.6 cm de ancho  16.51 cm de alto","og_url":"https:\/\/proveedoracomercial.com\/clientes\/producto\/colchon-inflable-para-suv\/","og_image":[{"width":467,"height":321,"url":"https:\/\/proveedoracomercial.com\/clientes\/wp-content\/uploads\/sites\/4\/2024\/06\/colchon-coleman-2-pca.png","type":"image\/png"}],"twitter_card":"summary_large_image","schema":{"@context":"https:\/\/schema.org","@graph":[{"@type":"WebPage","@id":"https:\/\/proveedoracomercial.com\/clientes\/producto\/colchon-inflable-para-suv\/","url":"https:\/\/proveedoracomercial.com\/clientes\/producto\/colchon-inflable-para-suv\/","name":"COLCHON INFLABLE PARA SUV -","isPartOf":{"@id":"https:\/\/proveedoracomercial.com\/clientes\/#website"},"primaryImageOfPage":{"@id":"https:\/\/proveedoracomercial.com\/clientes\/producto\/colchon-inflable-para-suv\/#primaryimage"},"image":{"@id":"https:\/\/proveedoracomercial.com\/clientes\/producto\/colchon-inflable-para-suv\/#primaryimage"},"thumbnailUrl":"https:\/\/proveedoracomercial.com\/clientes\/wp-content\/uploads\/sites\/4\/2024\/06\/colchon-coleman-2-pca.png","datePublished":"2024-03-20T04:56:36+00:00","dateModified":"2024-03-20T04:56:36+00:00","breadcrumb":{"@id":"https:\/\/proveedoracomercial.com\/clientes\/producto\/colchon-inflable-para-suv\/#breadcrumb"},"inLanguage":"es","potentialAction":[{"@type":"ReadAction","target":["https:\/\/proveedoracomercial.com\/clientes\/producto\/colchon-inflable-para-suv\/"]}]},{"@type":"ImageObject","inLanguage":"es","@id":"https:\/\/proveedoracomercial.com\/clientes\/producto\/colchon-inflable-para-suv\/#primaryimage","url":"https:\/\/proveedoracomercial.com\/clientes\/wp-content\/uploads\/sites\/4\/2024\/06\/colchon-coleman-2-pca.png","contentUrl":"https:\/\/proveedoracomercial.com\/clientes\/wp-content\/uploads\/sites\/4\/2024\/06\/colchon-coleman-2-pca.png","width":467,"height":321},{"@type":"BreadcrumbList","@id":"https:\/\/proveedoracomercial.com\/clientes\/producto\/colchon-inflable-para-suv\/#breadcrumb","itemListElement":[{"@type":"ListItem","position":1,"name":"Portada","item":"https:\/\/proveedoracomercial.com\/clientes\/"},{"@type":"ListItem","position":2,"name":"Tienda","item":"https:\/\/proveedoracomercial.com\/clientes\/tienda\/"},{"@type":"ListItem","position":3,"name":"COLCHON INFLABLE PARA SUV"}]},{"@type":"WebSite","@id":"https:\/\/proveedoracomercial.com\/clientes\/#website","url":"https:\/\/proveedoracomercial.com\/clientes\/","name":"","description":"","potentialAction":[{"@type":"SearchAction","target":{"@type":"EntryPoint","urlTemplate":"https:\/\/proveedoracomercial.com\/clientes\/?s={search_term_string}"},"query-input":{"@type":"PropertyValueSpecification","valueRequired":true,"valueName":"search_term_string"}}],"inLanguage":"es"}]}},"_links":{"self":[{"href":"https:\/\/proveedoracomercial.com\/clientes\/wp-json\/wp\/v2\/product\/702","targetHints":{"allow":["GET"]}}],"collection":[{"href":"https:\/\/proveedoracomercial.com\/clientes\/wp-json\/wp\/v2\/product"}],"about":[{"href":"https:\/\/proveedoracomercial.com\/clientes\/wp-json\/wp\/v2\/types\/product"}],"replies":[{"embeddable":true,"href":"https:\/\/proveedoracomercial.com\/clientes\/wp-json\/wp\/v2\/comments?post=702"}],"wp:featuredmedia":[{"embeddable":true,"href":"https:\/\/proveedoracomercial.com\/clientes\/wp-json\/wp\/v2\/media\/704"}],"wp:attachment":[{"href":"https:\/\/proveedoracomercial.com\/clientes\/wp-json\/wp\/v2\/media?parent=702"}],"wp:term":[{"taxonomy":"store","embeddable":true,"href":"https:\/\/proveedoracomercial.com\/clientes\/wp-json\/wp\/v2\/store?post=702"},{"taxonomy":"product_cat","embeddable":true,"href":"https:\/\/proveedoracomercial.com\/clientes\/wp-json\/wp\/v2\/product_cat?post=702"},{"taxonomy":"product_tag","embeddable":true,"href":"https:\/\/proveedoracomercial.com\/clientes\/wp-json\/wp\/v2\/product_tag?post=702"}],"curies":[{"name":"wp","href":"https:\/\/api.w.org\/{rel}","templated":true}]}}