{"id":693,"date":"2024-03-20T04:57:38","date_gmt":"2024-03-20T04:57:38","guid":{"rendered":"https:\/\/proveedoracomercial.com\/clientes\/producto\/lampara-led-quad-4-paneles-8d\/"},"modified":"2024-03-20T04:57:38","modified_gmt":"2024-03-20T04:57:38","slug":"lampara-led-quad-4-paneles-8d","status":"publish","type":"product","link":"https:\/\/proveedoracomercial.com\/clientes\/producto\/lampara-led-quad-4-paneles-8d\/","title":{"rendered":"L\u00c1MPARA LED QUAD 4 PANELES 8D"},"content":{"rendered":"","protected":false},"excerpt":{"rendered":"<p>4 paneles de luz extra\u00edbles que se cargan a la base.<br \/>\nPerfecto para cuando necesitas m\u00e1s luz en m\u00e1s de un lugar.<br \/>\nF\u00e1cil de transportar, cuenta con manija cada panel de luz.<br \/>\nBot\u00f3n de encendido y apagado en la base del panel y en cada panel de luz.<br \/>\nL\u00famenes: 190 en la linterna y 47.5 en el panel de luz individual.<br \/>\nDuraci\u00f3n: 75 horas linterna, 1.5horas en el panel de luz individual.<br \/>\nDistancia de alumbrado: 8 m linterna y 8 m el panel de luz individual.<br \/>\nDise\u00f1o resistente al agua.<br \/>\nFunciona con 4 pilas de tipo D en la base de la linterna (se venden por separado).<br \/>\nCada panel funciona con 3 bater\u00edas AAA (incluye la primera carga).<br \/>\nFoco LED.<\/p>\n","protected":false},"featured_media":695,"comment_status":"closed","ping_status":"closed","template":"","meta":{"_joinchat":[]},"store":[],"product_cat":[153,152],"product_tag":[],"class_list":{"0":"post-693","1":"product","2":"type-product","3":"status-publish","4":"has-post-thumbnail","6":"product_cat-coleman-lamparas-y-linternas","7":"product_cat-lamparas-y-linternas","9":"first","10":"instock","11":"shipping-taxable","12":"purchasable","13":"product-type-simple"},"yoast_head":"<!-- This site is optimized with the Yoast SEO plugin v23.5 - https:\/\/yoast.com\/wordpress\/plugins\/seo\/ -->\n<title>L\u00c1MPARA LED QUAD 4 PANELES 8D -<\/title>\n<meta name=\"robots\" content=\"index, follow, max-snippet:-1, max-image-preview:large, max-video-preview:-1\" \/>\n<link rel=\"canonical\" href=\"https:\/\/proveedoracomercial.com\/clientes\/producto\/lampara-led-quad-4-paneles-8d\/\" \/>\n<meta property=\"og:locale\" content=\"es_MX\" \/>\n<meta property=\"og:type\" content=\"article\" \/>\n<meta property=\"og:title\" content=\"L\u00c1MPARA LED QUAD 4 PANELES 8D -\" \/>\n<meta property=\"og:description\" content=\"4 paneles de luz extra\u00edbles que se cargan a la base. Perfecto para cuando necesitas m\u00e1s luz en m\u00e1s de un lugar. F\u00e1cil de transportar, cuenta con manija cada panel de luz. Bot\u00f3n de encendido y apagado en la base del panel y en cada panel de luz. L\u00famenes: 190 en la linterna y 47.5 en el panel de luz individual. Duraci\u00f3n: 75 horas linterna, 1.5horas en el panel de luz individual. Distancia de alumbrado: 8 m linterna y 8 m el panel de luz individual. Dise\u00f1o resistente al agua. Funciona con 4 pilas de tipo D en la base de la linterna (se venden por separado). Cada panel funciona con 3 bater\u00edas AAA (incluye la primera carga). Foco LED.\" \/>\n<meta property=\"og:url\" content=\"https:\/\/proveedoracomercial.com\/clientes\/producto\/lampara-led-quad-4-paneles-8d\/\" \/>\n<meta property=\"og:image\" content=\"https:\/\/proveedoracomercial.com\/clientes\/wp-content\/uploads\/sites\/4\/2024\/06\/lampara-led-quad-coleman.png\" \/>\n\t<meta property=\"og:image:width\" content=\"191\" \/>\n\t<meta property=\"og:image:height\" content=\"339\" \/>\n\t<meta property=\"og:image:type\" content=\"image\/png\" \/>\n<meta name=\"twitter:card\" content=\"summary_large_image\" \/>\n<script type=\"application\/ld+json\" class=\"yoast-schema-graph\">{\"@context\":\"https:\/\/schema.org\",\"@graph\":[{\"@type\":\"WebPage\",\"@id\":\"https:\/\/proveedoracomercial.com\/clientes\/producto\/lampara-led-quad-4-paneles-8d\/\",\"url\":\"https:\/\/proveedoracomercial.com\/clientes\/producto\/lampara-led-quad-4-paneles-8d\/\",\"name\":\"L\u00c1MPARA LED QUAD 4 PANELES 8D -\",\"isPartOf\":{\"@id\":\"https:\/\/proveedoracomercial.com\/clientes\/#website\"},\"primaryImageOfPage\":{\"@id\":\"https:\/\/proveedoracomercial.com\/clientes\/producto\/lampara-led-quad-4-paneles-8d\/#primaryimage\"},\"image\":{\"@id\":\"https:\/\/proveedoracomercial.com\/clientes\/producto\/lampara-led-quad-4-paneles-8d\/#primaryimage\"},\"thumbnailUrl\":\"https:\/\/proveedoracomercial.com\/clientes\/wp-content\/uploads\/sites\/4\/2024\/06\/lampara-led-quad-coleman.png\",\"datePublished\":\"2024-03-20T04:57:38+00:00\",\"dateModified\":\"2024-03-20T04:57:38+00:00\",\"breadcrumb\":{\"@id\":\"https:\/\/proveedoracomercial.com\/clientes\/producto\/lampara-led-quad-4-paneles-8d\/#breadcrumb\"},\"inLanguage\":\"es\",\"potentialAction\":[{\"@type\":\"ReadAction\",\"target\":[\"https:\/\/proveedoracomercial.com\/clientes\/producto\/lampara-led-quad-4-paneles-8d\/\"]}]},{\"@type\":\"ImageObject\",\"inLanguage\":\"es\",\"@id\":\"https:\/\/proveedoracomercial.com\/clientes\/producto\/lampara-led-quad-4-paneles-8d\/#primaryimage\",\"url\":\"https:\/\/proveedoracomercial.com\/clientes\/wp-content\/uploads\/sites\/4\/2024\/06\/lampara-led-quad-coleman.png\",\"contentUrl\":\"https:\/\/proveedoracomercial.com\/clientes\/wp-content\/uploads\/sites\/4\/2024\/06\/lampara-led-quad-coleman.png\",\"width\":191,\"height\":339},{\"@type\":\"BreadcrumbList\",\"@id\":\"https:\/\/proveedoracomercial.com\/clientes\/producto\/lampara-led-quad-4-paneles-8d\/#breadcrumb\",\"itemListElement\":[{\"@type\":\"ListItem\",\"position\":1,\"name\":\"Portada\",\"item\":\"https:\/\/proveedoracomercial.com\/clientes\/\"},{\"@type\":\"ListItem\",\"position\":2,\"name\":\"Tienda\",\"item\":\"https:\/\/proveedoracomercial.com\/clientes\/tienda\/\"},{\"@type\":\"ListItem\",\"position\":3,\"name\":\"L\u00c1MPARA LED QUAD 4 PANELES 8D\"}]},{\"@type\":\"WebSite\",\"@id\":\"https:\/\/proveedoracomercial.com\/clientes\/#website\",\"url\":\"https:\/\/proveedoracomercial.com\/clientes\/\",\"name\":\"\",\"description\":\"\",\"potentialAction\":[{\"@type\":\"SearchAction\",\"target\":{\"@type\":\"EntryPoint\",\"urlTemplate\":\"https:\/\/proveedoracomercial.com\/clientes\/?s={search_term_string}\"},\"query-input\":{\"@type\":\"PropertyValueSpecification\",\"valueRequired\":true,\"valueName\":\"search_term_string\"}}],\"inLanguage\":\"es\"}]}<\/script>\n<!-- \/ Yoast SEO plugin. -->","yoast_head_json":{"title":"L\u00c1MPARA LED QUAD 4 PANELES 8D -","robots":{"index":"index","follow":"follow","max-snippet":"max-snippet:-1","max-image-preview":"max-image-preview:large","max-video-preview":"max-video-preview:-1"},"canonical":"https:\/\/proveedoracomercial.com\/clientes\/producto\/lampara-led-quad-4-paneles-8d\/","og_locale":"es_MX","og_type":"article","og_title":"L\u00c1MPARA LED QUAD 4 PANELES 8D -","og_description":"4 paneles de luz extra\u00edbles que se cargan a la base. Perfecto para cuando necesitas m\u00e1s luz en m\u00e1s de un lugar. F\u00e1cil de transportar, cuenta con manija cada panel de luz. Bot\u00f3n de encendido y apagado en la base del panel y en cada panel de luz. L\u00famenes: 190 en la linterna y 47.5 en el panel de luz individual. Duraci\u00f3n: 75 horas linterna, 1.5horas en el panel de luz individual. Distancia de alumbrado: 8 m linterna y 8 m el panel de luz individual. Dise\u00f1o resistente al agua. Funciona con 4 pilas de tipo D en la base de la linterna (se venden por separado). Cada panel funciona con 3 bater\u00edas AAA (incluye la primera carga). Foco LED.","og_url":"https:\/\/proveedoracomercial.com\/clientes\/producto\/lampara-led-quad-4-paneles-8d\/","og_image":[{"width":191,"height":339,"url":"https:\/\/proveedoracomercial.com\/clientes\/wp-content\/uploads\/sites\/4\/2024\/06\/lampara-led-quad-coleman.png","type":"image\/png"}],"twitter_card":"summary_large_image","schema":{"@context":"https:\/\/schema.org","@graph":[{"@type":"WebPage","@id":"https:\/\/proveedoracomercial.com\/clientes\/producto\/lampara-led-quad-4-paneles-8d\/","url":"https:\/\/proveedoracomercial.com\/clientes\/producto\/lampara-led-quad-4-paneles-8d\/","name":"L\u00c1MPARA LED QUAD 4 PANELES 8D -","isPartOf":{"@id":"https:\/\/proveedoracomercial.com\/clientes\/#website"},"primaryImageOfPage":{"@id":"https:\/\/proveedoracomercial.com\/clientes\/producto\/lampara-led-quad-4-paneles-8d\/#primaryimage"},"image":{"@id":"https:\/\/proveedoracomercial.com\/clientes\/producto\/lampara-led-quad-4-paneles-8d\/#primaryimage"},"thumbnailUrl":"https:\/\/proveedoracomercial.com\/clientes\/wp-content\/uploads\/sites\/4\/2024\/06\/lampara-led-quad-coleman.png","datePublished":"2024-03-20T04:57:38+00:00","dateModified":"2024-03-20T04:57:38+00:00","breadcrumb":{"@id":"https:\/\/proveedoracomercial.com\/clientes\/producto\/lampara-led-quad-4-paneles-8d\/#breadcrumb"},"inLanguage":"es","potentialAction":[{"@type":"ReadAction","target":["https:\/\/proveedoracomercial.com\/clientes\/producto\/lampara-led-quad-4-paneles-8d\/"]}]},{"@type":"ImageObject","inLanguage":"es","@id":"https:\/\/proveedoracomercial.com\/clientes\/producto\/lampara-led-quad-4-paneles-8d\/#primaryimage","url":"https:\/\/proveedoracomercial.com\/clientes\/wp-content\/uploads\/sites\/4\/2024\/06\/lampara-led-quad-coleman.png","contentUrl":"https:\/\/proveedoracomercial.com\/clientes\/wp-content\/uploads\/sites\/4\/2024\/06\/lampara-led-quad-coleman.png","width":191,"height":339},{"@type":"BreadcrumbList","@id":"https:\/\/proveedoracomercial.com\/clientes\/producto\/lampara-led-quad-4-paneles-8d\/#breadcrumb","itemListElement":[{"@type":"ListItem","position":1,"name":"Portada","item":"https:\/\/proveedoracomercial.com\/clientes\/"},{"@type":"ListItem","position":2,"name":"Tienda","item":"https:\/\/proveedoracomercial.com\/clientes\/tienda\/"},{"@type":"ListItem","position":3,"name":"L\u00c1MPARA LED QUAD 4 PANELES 8D"}]},{"@type":"WebSite","@id":"https:\/\/proveedoracomercial.com\/clientes\/#website","url":"https:\/\/proveedoracomercial.com\/clientes\/","name":"","description":"","potentialAction":[{"@type":"SearchAction","target":{"@type":"EntryPoint","urlTemplate":"https:\/\/proveedoracomercial.com\/clientes\/?s={search_term_string}"},"query-input":{"@type":"PropertyValueSpecification","valueRequired":true,"valueName":"search_term_string"}}],"inLanguage":"es"}]}},"_links":{"self":[{"href":"https:\/\/proveedoracomercial.com\/clientes\/wp-json\/wp\/v2\/product\/693","targetHints":{"allow":["GET"]}}],"collection":[{"href":"https:\/\/proveedoracomercial.com\/clientes\/wp-json\/wp\/v2\/product"}],"about":[{"href":"https:\/\/proveedoracomercial.com\/clientes\/wp-json\/wp\/v2\/types\/product"}],"replies":[{"embeddable":true,"href":"https:\/\/proveedoracomercial.com\/clientes\/wp-json\/wp\/v2\/comments?post=693"}],"wp:featuredmedia":[{"embeddable":true,"href":"https:\/\/proveedoracomercial.com\/clientes\/wp-json\/wp\/v2\/media\/695"}],"wp:attachment":[{"href":"https:\/\/proveedoracomercial.com\/clientes\/wp-json\/wp\/v2\/media?parent=693"}],"wp:term":[{"taxonomy":"store","embeddable":true,"href":"https:\/\/proveedoracomercial.com\/clientes\/wp-json\/wp\/v2\/store?post=693"},{"taxonomy":"product_cat","embeddable":true,"href":"https:\/\/proveedoracomercial.com\/clientes\/wp-json\/wp\/v2\/product_cat?post=693"},{"taxonomy":"product_tag","embeddable":true,"href":"https:\/\/proveedoracomercial.com\/clientes\/wp-json\/wp\/v2\/product_tag?post=693"}],"curies":[{"name":"wp","href":"https:\/\/api.w.org\/{rel}","templated":true}]}}