{"id":689,"date":"2024-03-20T04:57:38","date_gmt":"2024-03-20T04:57:38","guid":{"rendered":"https:\/\/proveedoracomercial.com\/clientes\/producto\/linterna-de-cabeza-100-lumens-gris-negro\/"},"modified":"2024-03-20T04:57:38","modified_gmt":"2024-03-20T04:57:38","slug":"linterna-de-cabeza-100-lumens-gris-negro","status":"publish","type":"product","link":"https:\/\/proveedoracomercial.com\/clientes\/producto\/linterna-de-cabeza-100-lumens-gris-negro\/","title":{"rendered":"LINTERNA DE CABEZA 100 LUMENS GRIS\/NEGRO"},"content":{"rendered":"","protected":false},"excerpt":{"rendered":"<p>Funciona con 3 bater\u00edas tipo AAA (incluye la primera carga).<br \/>\nLas bater\u00edas se pueden cambiar sin necesidad de usar herramientas.<br \/>\nCuenta con 1 Foco LED blanco, 1 foco SMD LED rojo y 1 foco SMD LED blanco.<br \/>\nPeso ligero de la bater\u00eda de 75 g (sin bater\u00edas).<br \/>\nCorrea ajustable para la cabeza.<br \/>\nCuenta con 5 modos de uso extra brillo, Alto, Medio, Bajo y en foco rojo (para la visi\u00f3n nocturna).<br \/>\nIndicador de vida de la bater\u00eda verde, amarillo y rojo.<br \/>\nEmite hasta 100 l\u00famenes.<br \/>\nFunciona hasta 7 h continuas.<br \/>\nIlumina hasta 54 m de distancia.<br \/>\nEl foco LED jam\u00e1s tendr\u00e1 que ser reemplazado.<\/p>\n","protected":false},"featured_media":690,"comment_status":"closed","ping_status":"closed","template":"","meta":{"_joinchat":[]},"store":[],"product_cat":[153,152],"product_tag":[],"class_list":{"0":"post-689","1":"product","2":"type-product","3":"status-publish","4":"has-post-thumbnail","6":"product_cat-coleman-lamparas-y-linternas","7":"product_cat-lamparas-y-linternas","9":"first","10":"instock","11":"shipping-taxable","12":"purchasable","13":"product-type-simple"},"yoast_head":"<!-- This site is optimized with the Yoast SEO plugin v23.5 - https:\/\/yoast.com\/wordpress\/plugins\/seo\/ -->\n<title>LINTERNA DE CABEZA 100 LUMENS GRIS\/NEGRO -<\/title>\n<meta name=\"robots\" content=\"index, follow, max-snippet:-1, max-image-preview:large, max-video-preview:-1\" \/>\n<link rel=\"canonical\" href=\"https:\/\/proveedoracomercial.com\/clientes\/producto\/linterna-de-cabeza-100-lumens-gris-negro\/\" \/>\n<meta property=\"og:locale\" content=\"es_MX\" \/>\n<meta property=\"og:type\" content=\"article\" \/>\n<meta property=\"og:title\" content=\"LINTERNA DE CABEZA 100 LUMENS GRIS\/NEGRO -\" \/>\n<meta property=\"og:description\" content=\"Funciona con 3 bater\u00edas tipo AAA (incluye la primera carga). Las bater\u00edas se pueden cambiar sin necesidad de usar herramientas. Cuenta con 1 Foco LED blanco, 1 foco SMD LED rojo y 1 foco SMD LED blanco. Peso ligero de la bater\u00eda de 75 g (sin bater\u00edas). Correa ajustable para la cabeza. Cuenta con 5 modos de uso extra brillo, Alto, Medio, Bajo y en foco rojo (para la visi\u00f3n nocturna). Indicador de vida de la bater\u00eda verde, amarillo y rojo. Emite hasta 100 l\u00famenes. Funciona hasta 7 h continuas. Ilumina hasta 54 m de distancia. El foco LED jam\u00e1s tendr\u00e1 que ser reemplazado.\" \/>\n<meta property=\"og:url\" content=\"https:\/\/proveedoracomercial.com\/clientes\/producto\/linterna-de-cabeza-100-lumens-gris-negro\/\" \/>\n<meta property=\"og:image\" content=\"https:\/\/proveedoracomercial.com\/clientes\/wp-content\/uploads\/sites\/4\/2024\/06\/lampara-manos-libres-cht10-coleman.png\" \/>\n\t<meta property=\"og:image:width\" content=\"506\" \/>\n\t<meta property=\"og:image:height\" content=\"248\" \/>\n\t<meta property=\"og:image:type\" content=\"image\/png\" \/>\n<meta name=\"twitter:card\" content=\"summary_large_image\" \/>\n<script type=\"application\/ld+json\" class=\"yoast-schema-graph\">{\"@context\":\"https:\/\/schema.org\",\"@graph\":[{\"@type\":\"WebPage\",\"@id\":\"https:\/\/proveedoracomercial.com\/clientes\/producto\/linterna-de-cabeza-100-lumens-gris-negro\/\",\"url\":\"https:\/\/proveedoracomercial.com\/clientes\/producto\/linterna-de-cabeza-100-lumens-gris-negro\/\",\"name\":\"LINTERNA DE CABEZA 100 LUMENS GRIS\/NEGRO -\",\"isPartOf\":{\"@id\":\"https:\/\/proveedoracomercial.com\/clientes\/#website\"},\"primaryImageOfPage\":{\"@id\":\"https:\/\/proveedoracomercial.com\/clientes\/producto\/linterna-de-cabeza-100-lumens-gris-negro\/#primaryimage\"},\"image\":{\"@id\":\"https:\/\/proveedoracomercial.com\/clientes\/producto\/linterna-de-cabeza-100-lumens-gris-negro\/#primaryimage\"},\"thumbnailUrl\":\"https:\/\/proveedoracomercial.com\/clientes\/wp-content\/uploads\/sites\/4\/2024\/06\/lampara-manos-libres-cht10-coleman.png\",\"datePublished\":\"2024-03-20T04:57:38+00:00\",\"dateModified\":\"2024-03-20T04:57:38+00:00\",\"breadcrumb\":{\"@id\":\"https:\/\/proveedoracomercial.com\/clientes\/producto\/linterna-de-cabeza-100-lumens-gris-negro\/#breadcrumb\"},\"inLanguage\":\"es\",\"potentialAction\":[{\"@type\":\"ReadAction\",\"target\":[\"https:\/\/proveedoracomercial.com\/clientes\/producto\/linterna-de-cabeza-100-lumens-gris-negro\/\"]}]},{\"@type\":\"ImageObject\",\"inLanguage\":\"es\",\"@id\":\"https:\/\/proveedoracomercial.com\/clientes\/producto\/linterna-de-cabeza-100-lumens-gris-negro\/#primaryimage\",\"url\":\"https:\/\/proveedoracomercial.com\/clientes\/wp-content\/uploads\/sites\/4\/2024\/06\/lampara-manos-libres-cht10-coleman.png\",\"contentUrl\":\"https:\/\/proveedoracomercial.com\/clientes\/wp-content\/uploads\/sites\/4\/2024\/06\/lampara-manos-libres-cht10-coleman.png\",\"width\":506,\"height\":248},{\"@type\":\"BreadcrumbList\",\"@id\":\"https:\/\/proveedoracomercial.com\/clientes\/producto\/linterna-de-cabeza-100-lumens-gris-negro\/#breadcrumb\",\"itemListElement\":[{\"@type\":\"ListItem\",\"position\":1,\"name\":\"Portada\",\"item\":\"https:\/\/proveedoracomercial.com\/clientes\/\"},{\"@type\":\"ListItem\",\"position\":2,\"name\":\"Tienda\",\"item\":\"https:\/\/proveedoracomercial.com\/clientes\/tienda\/\"},{\"@type\":\"ListItem\",\"position\":3,\"name\":\"LINTERNA DE CABEZA 100 LUMENS GRIS\/NEGRO\"}]},{\"@type\":\"WebSite\",\"@id\":\"https:\/\/proveedoracomercial.com\/clientes\/#website\",\"url\":\"https:\/\/proveedoracomercial.com\/clientes\/\",\"name\":\"\",\"description\":\"\",\"potentialAction\":[{\"@type\":\"SearchAction\",\"target\":{\"@type\":\"EntryPoint\",\"urlTemplate\":\"https:\/\/proveedoracomercial.com\/clientes\/?s={search_term_string}\"},\"query-input\":{\"@type\":\"PropertyValueSpecification\",\"valueRequired\":true,\"valueName\":\"search_term_string\"}}],\"inLanguage\":\"es\"}]}<\/script>\n<!-- \/ Yoast SEO plugin. -->","yoast_head_json":{"title":"LINTERNA DE CABEZA 100 LUMENS GRIS\/NEGRO -","robots":{"index":"index","follow":"follow","max-snippet":"max-snippet:-1","max-image-preview":"max-image-preview:large","max-video-preview":"max-video-preview:-1"},"canonical":"https:\/\/proveedoracomercial.com\/clientes\/producto\/linterna-de-cabeza-100-lumens-gris-negro\/","og_locale":"es_MX","og_type":"article","og_title":"LINTERNA DE CABEZA 100 LUMENS GRIS\/NEGRO -","og_description":"Funciona con 3 bater\u00edas tipo AAA (incluye la primera carga). Las bater\u00edas se pueden cambiar sin necesidad de usar herramientas. Cuenta con 1 Foco LED blanco, 1 foco SMD LED rojo y 1 foco SMD LED blanco. Peso ligero de la bater\u00eda de 75 g (sin bater\u00edas). Correa ajustable para la cabeza. Cuenta con 5 modos de uso extra brillo, Alto, Medio, Bajo y en foco rojo (para la visi\u00f3n nocturna). Indicador de vida de la bater\u00eda verde, amarillo y rojo. Emite hasta 100 l\u00famenes. Funciona hasta 7 h continuas. Ilumina hasta 54 m de distancia. El foco LED jam\u00e1s tendr\u00e1 que ser reemplazado.","og_url":"https:\/\/proveedoracomercial.com\/clientes\/producto\/linterna-de-cabeza-100-lumens-gris-negro\/","og_image":[{"width":506,"height":248,"url":"https:\/\/proveedoracomercial.com\/clientes\/wp-content\/uploads\/sites\/4\/2024\/06\/lampara-manos-libres-cht10-coleman.png","type":"image\/png"}],"twitter_card":"summary_large_image","schema":{"@context":"https:\/\/schema.org","@graph":[{"@type":"WebPage","@id":"https:\/\/proveedoracomercial.com\/clientes\/producto\/linterna-de-cabeza-100-lumens-gris-negro\/","url":"https:\/\/proveedoracomercial.com\/clientes\/producto\/linterna-de-cabeza-100-lumens-gris-negro\/","name":"LINTERNA DE CABEZA 100 LUMENS GRIS\/NEGRO -","isPartOf":{"@id":"https:\/\/proveedoracomercial.com\/clientes\/#website"},"primaryImageOfPage":{"@id":"https:\/\/proveedoracomercial.com\/clientes\/producto\/linterna-de-cabeza-100-lumens-gris-negro\/#primaryimage"},"image":{"@id":"https:\/\/proveedoracomercial.com\/clientes\/producto\/linterna-de-cabeza-100-lumens-gris-negro\/#primaryimage"},"thumbnailUrl":"https:\/\/proveedoracomercial.com\/clientes\/wp-content\/uploads\/sites\/4\/2024\/06\/lampara-manos-libres-cht10-coleman.png","datePublished":"2024-03-20T04:57:38+00:00","dateModified":"2024-03-20T04:57:38+00:00","breadcrumb":{"@id":"https:\/\/proveedoracomercial.com\/clientes\/producto\/linterna-de-cabeza-100-lumens-gris-negro\/#breadcrumb"},"inLanguage":"es","potentialAction":[{"@type":"ReadAction","target":["https:\/\/proveedoracomercial.com\/clientes\/producto\/linterna-de-cabeza-100-lumens-gris-negro\/"]}]},{"@type":"ImageObject","inLanguage":"es","@id":"https:\/\/proveedoracomercial.com\/clientes\/producto\/linterna-de-cabeza-100-lumens-gris-negro\/#primaryimage","url":"https:\/\/proveedoracomercial.com\/clientes\/wp-content\/uploads\/sites\/4\/2024\/06\/lampara-manos-libres-cht10-coleman.png","contentUrl":"https:\/\/proveedoracomercial.com\/clientes\/wp-content\/uploads\/sites\/4\/2024\/06\/lampara-manos-libres-cht10-coleman.png","width":506,"height":248},{"@type":"BreadcrumbList","@id":"https:\/\/proveedoracomercial.com\/clientes\/producto\/linterna-de-cabeza-100-lumens-gris-negro\/#breadcrumb","itemListElement":[{"@type":"ListItem","position":1,"name":"Portada","item":"https:\/\/proveedoracomercial.com\/clientes\/"},{"@type":"ListItem","position":2,"name":"Tienda","item":"https:\/\/proveedoracomercial.com\/clientes\/tienda\/"},{"@type":"ListItem","position":3,"name":"LINTERNA DE CABEZA 100 LUMENS GRIS\/NEGRO"}]},{"@type":"WebSite","@id":"https:\/\/proveedoracomercial.com\/clientes\/#website","url":"https:\/\/proveedoracomercial.com\/clientes\/","name":"","description":"","potentialAction":[{"@type":"SearchAction","target":{"@type":"EntryPoint","urlTemplate":"https:\/\/proveedoracomercial.com\/clientes\/?s={search_term_string}"},"query-input":{"@type":"PropertyValueSpecification","valueRequired":true,"valueName":"search_term_string"}}],"inLanguage":"es"}]}},"_links":{"self":[{"href":"https:\/\/proveedoracomercial.com\/clientes\/wp-json\/wp\/v2\/product\/689","targetHints":{"allow":["GET"]}}],"collection":[{"href":"https:\/\/proveedoracomercial.com\/clientes\/wp-json\/wp\/v2\/product"}],"about":[{"href":"https:\/\/proveedoracomercial.com\/clientes\/wp-json\/wp\/v2\/types\/product"}],"replies":[{"embeddable":true,"href":"https:\/\/proveedoracomercial.com\/clientes\/wp-json\/wp\/v2\/comments?post=689"}],"wp:featuredmedia":[{"embeddable":true,"href":"https:\/\/proveedoracomercial.com\/clientes\/wp-json\/wp\/v2\/media\/690"}],"wp:attachment":[{"href":"https:\/\/proveedoracomercial.com\/clientes\/wp-json\/wp\/v2\/media?parent=689"}],"wp:term":[{"taxonomy":"store","embeddable":true,"href":"https:\/\/proveedoracomercial.com\/clientes\/wp-json\/wp\/v2\/store?post=689"},{"taxonomy":"product_cat","embeddable":true,"href":"https:\/\/proveedoracomercial.com\/clientes\/wp-json\/wp\/v2\/product_cat?post=689"},{"taxonomy":"product_tag","embeddable":true,"href":"https:\/\/proveedoracomercial.com\/clientes\/wp-json\/wp\/v2\/product_tag?post=689"}],"curies":[{"name":"wp","href":"https:\/\/api.w.org\/{rel}","templated":true}]}}