{"id":681,"date":"2024-03-20T04:57:38","date_gmt":"2024-03-20T04:57:38","guid":{"rendered":"https:\/\/proveedoracomercial.com\/clientes\/producto\/linterna-multicolor-con-led\/"},"modified":"2024-03-20T04:57:38","modified_gmt":"2024-03-20T04:57:38","slug":"linterna-multicolor-con-led","status":"publish","type":"product","link":"https:\/\/proveedoracomercial.com\/clientes\/producto\/linterna-multicolor-con-led\/","title":{"rendered":"LINTERNA MULTICOLOR CON LED"},"content":{"rendered":"","protected":false},"excerpt":{"rendered":"<p>LED Blanco y Rojo.<br \/>\nMulticolor LED.<br \/>\nBlanco. LED para uso en general.<br \/>\nRojo. LED para visi\u00f3n nocturna mejorada.<br \/>\nAzul. LED para rastros de sangre.<br \/>\nAro de 3 posiciones, LED blanco, LED rojo y off.<br \/>\nFunciona con 3 bater\u00edas tipo AAA.<br \/>\nResistente a climas extremos.<br \/>\nCambio de bater\u00edas sin necesidad de herramientas.<br \/>\nFoco LED nunca tendr\u00e1 que ser reemplazado.<br \/>\nCuerpo de aluminio.<\/p>\n","protected":false},"featured_media":682,"comment_status":"closed","ping_status":"closed","template":"","meta":{"_joinchat":[]},"store":[],"product_cat":[153,152],"product_tag":[],"class_list":{"0":"post-681","1":"product","2":"type-product","3":"status-publish","4":"has-post-thumbnail","6":"product_cat-coleman-lamparas-y-linternas","7":"product_cat-lamparas-y-linternas","9":"first","10":"instock","11":"shipping-taxable","12":"purchasable","13":"product-type-simple"},"yoast_head":"<!-- This site is optimized with the Yoast SEO plugin v23.5 - https:\/\/yoast.com\/wordpress\/plugins\/seo\/ -->\n<title>LINTERNA MULTICOLOR CON LED -<\/title>\n<meta name=\"robots\" content=\"index, follow, max-snippet:-1, max-image-preview:large, max-video-preview:-1\" \/>\n<link rel=\"canonical\" href=\"https:\/\/proveedoracomercial.com\/clientes\/producto\/linterna-multicolor-con-led\/\" \/>\n<meta property=\"og:locale\" content=\"es_MX\" \/>\n<meta property=\"og:type\" content=\"article\" \/>\n<meta property=\"og:title\" content=\"LINTERNA MULTICOLOR CON LED -\" \/>\n<meta property=\"og:description\" content=\"LED Blanco y Rojo. Multicolor LED. Blanco. LED para uso en general. Rojo. LED para visi\u00f3n nocturna mejorada. Azul. LED para rastros de sangre. Aro de 3 posiciones, LED blanco, LED rojo y off. Funciona con 3 bater\u00edas tipo AAA. Resistente a climas extremos. Cambio de bater\u00edas sin necesidad de herramientas. Foco LED nunca tendr\u00e1 que ser reemplazado. Cuerpo de aluminio.\" \/>\n<meta property=\"og:url\" content=\"https:\/\/proveedoracomercial.com\/clientes\/producto\/linterna-multicolor-con-led\/\" \/>\n<meta property=\"og:image\" content=\"https:\/\/proveedoracomercial.com\/clientes\/wp-content\/uploads\/sites\/4\/2024\/06\/linterna-multicolor.png\" \/>\n\t<meta property=\"og:image:width\" content=\"468\" \/>\n\t<meta property=\"og:image:height\" content=\"200\" \/>\n\t<meta property=\"og:image:type\" content=\"image\/png\" \/>\n<meta name=\"twitter:card\" content=\"summary_large_image\" \/>\n<script type=\"application\/ld+json\" class=\"yoast-schema-graph\">{\"@context\":\"https:\/\/schema.org\",\"@graph\":[{\"@type\":\"WebPage\",\"@id\":\"https:\/\/proveedoracomercial.com\/clientes\/producto\/linterna-multicolor-con-led\/\",\"url\":\"https:\/\/proveedoracomercial.com\/clientes\/producto\/linterna-multicolor-con-led\/\",\"name\":\"LINTERNA MULTICOLOR CON LED -\",\"isPartOf\":{\"@id\":\"https:\/\/proveedoracomercial.com\/clientes\/#website\"},\"primaryImageOfPage\":{\"@id\":\"https:\/\/proveedoracomercial.com\/clientes\/producto\/linterna-multicolor-con-led\/#primaryimage\"},\"image\":{\"@id\":\"https:\/\/proveedoracomercial.com\/clientes\/producto\/linterna-multicolor-con-led\/#primaryimage\"},\"thumbnailUrl\":\"https:\/\/proveedoracomercial.com\/clientes\/wp-content\/uploads\/sites\/4\/2024\/06\/linterna-multicolor.png\",\"datePublished\":\"2024-03-20T04:57:38+00:00\",\"dateModified\":\"2024-03-20T04:57:38+00:00\",\"breadcrumb\":{\"@id\":\"https:\/\/proveedoracomercial.com\/clientes\/producto\/linterna-multicolor-con-led\/#breadcrumb\"},\"inLanguage\":\"es\",\"potentialAction\":[{\"@type\":\"ReadAction\",\"target\":[\"https:\/\/proveedoracomercial.com\/clientes\/producto\/linterna-multicolor-con-led\/\"]}]},{\"@type\":\"ImageObject\",\"inLanguage\":\"es\",\"@id\":\"https:\/\/proveedoracomercial.com\/clientes\/producto\/linterna-multicolor-con-led\/#primaryimage\",\"url\":\"https:\/\/proveedoracomercial.com\/clientes\/wp-content\/uploads\/sites\/4\/2024\/06\/linterna-multicolor.png\",\"contentUrl\":\"https:\/\/proveedoracomercial.com\/clientes\/wp-content\/uploads\/sites\/4\/2024\/06\/linterna-multicolor.png\",\"width\":468,\"height\":200},{\"@type\":\"BreadcrumbList\",\"@id\":\"https:\/\/proveedoracomercial.com\/clientes\/producto\/linterna-multicolor-con-led\/#breadcrumb\",\"itemListElement\":[{\"@type\":\"ListItem\",\"position\":1,\"name\":\"Portada\",\"item\":\"https:\/\/proveedoracomercial.com\/clientes\/\"},{\"@type\":\"ListItem\",\"position\":2,\"name\":\"Tienda\",\"item\":\"https:\/\/proveedoracomercial.com\/clientes\/tienda\/\"},{\"@type\":\"ListItem\",\"position\":3,\"name\":\"LINTERNA MULTICOLOR CON LED\"}]},{\"@type\":\"WebSite\",\"@id\":\"https:\/\/proveedoracomercial.com\/clientes\/#website\",\"url\":\"https:\/\/proveedoracomercial.com\/clientes\/\",\"name\":\"\",\"description\":\"\",\"potentialAction\":[{\"@type\":\"SearchAction\",\"target\":{\"@type\":\"EntryPoint\",\"urlTemplate\":\"https:\/\/proveedoracomercial.com\/clientes\/?s={search_term_string}\"},\"query-input\":{\"@type\":\"PropertyValueSpecification\",\"valueRequired\":true,\"valueName\":\"search_term_string\"}}],\"inLanguage\":\"es\"}]}<\/script>\n<!-- \/ Yoast SEO plugin. -->","yoast_head_json":{"title":"LINTERNA MULTICOLOR CON LED -","robots":{"index":"index","follow":"follow","max-snippet":"max-snippet:-1","max-image-preview":"max-image-preview:large","max-video-preview":"max-video-preview:-1"},"canonical":"https:\/\/proveedoracomercial.com\/clientes\/producto\/linterna-multicolor-con-led\/","og_locale":"es_MX","og_type":"article","og_title":"LINTERNA MULTICOLOR CON LED -","og_description":"LED Blanco y Rojo. Multicolor LED. Blanco. LED para uso en general. Rojo. LED para visi\u00f3n nocturna mejorada. Azul. LED para rastros de sangre. Aro de 3 posiciones, LED blanco, LED rojo y off. Funciona con 3 bater\u00edas tipo AAA. Resistente a climas extremos. Cambio de bater\u00edas sin necesidad de herramientas. Foco LED nunca tendr\u00e1 que ser reemplazado. Cuerpo de aluminio.","og_url":"https:\/\/proveedoracomercial.com\/clientes\/producto\/linterna-multicolor-con-led\/","og_image":[{"width":468,"height":200,"url":"https:\/\/proveedoracomercial.com\/clientes\/wp-content\/uploads\/sites\/4\/2024\/06\/linterna-multicolor.png","type":"image\/png"}],"twitter_card":"summary_large_image","schema":{"@context":"https:\/\/schema.org","@graph":[{"@type":"WebPage","@id":"https:\/\/proveedoracomercial.com\/clientes\/producto\/linterna-multicolor-con-led\/","url":"https:\/\/proveedoracomercial.com\/clientes\/producto\/linterna-multicolor-con-led\/","name":"LINTERNA MULTICOLOR CON LED -","isPartOf":{"@id":"https:\/\/proveedoracomercial.com\/clientes\/#website"},"primaryImageOfPage":{"@id":"https:\/\/proveedoracomercial.com\/clientes\/producto\/linterna-multicolor-con-led\/#primaryimage"},"image":{"@id":"https:\/\/proveedoracomercial.com\/clientes\/producto\/linterna-multicolor-con-led\/#primaryimage"},"thumbnailUrl":"https:\/\/proveedoracomercial.com\/clientes\/wp-content\/uploads\/sites\/4\/2024\/06\/linterna-multicolor.png","datePublished":"2024-03-20T04:57:38+00:00","dateModified":"2024-03-20T04:57:38+00:00","breadcrumb":{"@id":"https:\/\/proveedoracomercial.com\/clientes\/producto\/linterna-multicolor-con-led\/#breadcrumb"},"inLanguage":"es","potentialAction":[{"@type":"ReadAction","target":["https:\/\/proveedoracomercial.com\/clientes\/producto\/linterna-multicolor-con-led\/"]}]},{"@type":"ImageObject","inLanguage":"es","@id":"https:\/\/proveedoracomercial.com\/clientes\/producto\/linterna-multicolor-con-led\/#primaryimage","url":"https:\/\/proveedoracomercial.com\/clientes\/wp-content\/uploads\/sites\/4\/2024\/06\/linterna-multicolor.png","contentUrl":"https:\/\/proveedoracomercial.com\/clientes\/wp-content\/uploads\/sites\/4\/2024\/06\/linterna-multicolor.png","width":468,"height":200},{"@type":"BreadcrumbList","@id":"https:\/\/proveedoracomercial.com\/clientes\/producto\/linterna-multicolor-con-led\/#breadcrumb","itemListElement":[{"@type":"ListItem","position":1,"name":"Portada","item":"https:\/\/proveedoracomercial.com\/clientes\/"},{"@type":"ListItem","position":2,"name":"Tienda","item":"https:\/\/proveedoracomercial.com\/clientes\/tienda\/"},{"@type":"ListItem","position":3,"name":"LINTERNA MULTICOLOR CON LED"}]},{"@type":"WebSite","@id":"https:\/\/proveedoracomercial.com\/clientes\/#website","url":"https:\/\/proveedoracomercial.com\/clientes\/","name":"","description":"","potentialAction":[{"@type":"SearchAction","target":{"@type":"EntryPoint","urlTemplate":"https:\/\/proveedoracomercial.com\/clientes\/?s={search_term_string}"},"query-input":{"@type":"PropertyValueSpecification","valueRequired":true,"valueName":"search_term_string"}}],"inLanguage":"es"}]}},"_links":{"self":[{"href":"https:\/\/proveedoracomercial.com\/clientes\/wp-json\/wp\/v2\/product\/681","targetHints":{"allow":["GET"]}}],"collection":[{"href":"https:\/\/proveedoracomercial.com\/clientes\/wp-json\/wp\/v2\/product"}],"about":[{"href":"https:\/\/proveedoracomercial.com\/clientes\/wp-json\/wp\/v2\/types\/product"}],"replies":[{"embeddable":true,"href":"https:\/\/proveedoracomercial.com\/clientes\/wp-json\/wp\/v2\/comments?post=681"}],"wp:featuredmedia":[{"embeddable":true,"href":"https:\/\/proveedoracomercial.com\/clientes\/wp-json\/wp\/v2\/media\/682"}],"wp:attachment":[{"href":"https:\/\/proveedoracomercial.com\/clientes\/wp-json\/wp\/v2\/media?parent=681"}],"wp:term":[{"taxonomy":"store","embeddable":true,"href":"https:\/\/proveedoracomercial.com\/clientes\/wp-json\/wp\/v2\/store?post=681"},{"taxonomy":"product_cat","embeddable":true,"href":"https:\/\/proveedoracomercial.com\/clientes\/wp-json\/wp\/v2\/product_cat?post=681"},{"taxonomy":"product_tag","embeddable":true,"href":"https:\/\/proveedoracomercial.com\/clientes\/wp-json\/wp\/v2\/product_tag?post=681"}],"curies":[{"name":"wp","href":"https:\/\/api.w.org\/{rel}","templated":true}]}}