{"id":675,"date":"2024-03-20T04:57:38","date_gmt":"2024-03-20T04:57:38","guid":{"rendered":"https:\/\/proveedoracomercial.com\/clientes\/producto\/mini-linterna-cpx-450\/"},"modified":"2024-03-20T04:57:38","modified_gmt":"2024-03-20T04:57:38","slug":"mini-linterna-cpx-450","status":"publish","type":"product","link":"https:\/\/proveedoracomercial.com\/clientes\/producto\/mini-linterna-cpx-450\/","title":{"rendered":"MINI LINTERNA CPX 450"},"content":{"rendered":"","protected":false},"excerpt":{"rendered":"<p>Compatible con fuentes de alimentaci\u00f3n CPX 4.5.<br \/>\nLa linterna puede usar 3 bater\u00edas tipo AAA (se incluyen en el producto).<br \/>\nInterruptor de bot\u00f3n con tres posiciones Apagado, alto y bajo.<br \/>\nConstrucci\u00f3n de la linterna resistente a la intemperie.<br \/>\nLa luz LED nunca tendr\u00e1 que ser reemplazada.<br \/>\nIndicador de vida de la bater\u00eda, verde, amarillo y rojo.<br \/>\n75 l\u00famenes en alta intensidad, 23 en baja intensidad.<br \/>\n10 horas de uso continuo en alta intensidad, 26 horas de uso continuo en baja intensidad.<br \/>\n6 m de luminosidad en alta intensidad y 3 m en baja intensidad.<\/p>\n","protected":false},"featured_media":676,"comment_status":"closed","ping_status":"closed","template":"","meta":{"_joinchat":[]},"store":[],"product_cat":[153,152],"product_tag":[],"class_list":{"0":"post-675","1":"product","2":"type-product","3":"status-publish","4":"has-post-thumbnail","6":"product_cat-coleman-lamparas-y-linternas","7":"product_cat-lamparas-y-linternas","9":"first","10":"instock","11":"shipping-taxable","12":"purchasable","13":"product-type-simple"},"yoast_head":"<!-- This site is optimized with the Yoast SEO plugin v23.5 - https:\/\/yoast.com\/wordpress\/plugins\/seo\/ -->\n<title>MINI LINTERNA CPX 450 -<\/title>\n<meta name=\"robots\" content=\"index, follow, max-snippet:-1, max-image-preview:large, max-video-preview:-1\" \/>\n<link rel=\"canonical\" href=\"https:\/\/proveedoracomercial.com\/clientes\/producto\/mini-linterna-cpx-450\/\" \/>\n<meta property=\"og:locale\" content=\"es_MX\" \/>\n<meta property=\"og:type\" content=\"article\" \/>\n<meta property=\"og:title\" content=\"MINI LINTERNA CPX 450 -\" \/>\n<meta property=\"og:description\" content=\"Compatible con fuentes de alimentaci\u00f3n CPX 4.5. La linterna puede usar 3 bater\u00edas tipo AAA (se incluyen en el producto). Interruptor de bot\u00f3n con tres posiciones Apagado, alto y bajo. Construcci\u00f3n de la linterna resistente a la intemperie. La luz LED nunca tendr\u00e1 que ser reemplazada. Indicador de vida de la bater\u00eda, verde, amarillo y rojo. 75 l\u00famenes en alta intensidad, 23 en baja intensidad. 10 horas de uso continuo en alta intensidad, 26 horas de uso continuo en baja intensidad. 6 m de luminosidad en alta intensidad y 3 m en baja intensidad.\" \/>\n<meta property=\"og:url\" content=\"https:\/\/proveedoracomercial.com\/clientes\/producto\/mini-linterna-cpx-450\/\" \/>\n<meta property=\"og:image\" content=\"https:\/\/proveedoracomercial.com\/clientes\/wp-content\/uploads\/sites\/4\/2024\/06\/mini-linterna-coleman.png\" \/>\n\t<meta property=\"og:image:width\" content=\"249\" \/>\n\t<meta property=\"og:image:height\" content=\"476\" \/>\n\t<meta property=\"og:image:type\" content=\"image\/png\" \/>\n<meta name=\"twitter:card\" content=\"summary_large_image\" \/>\n<script type=\"application\/ld+json\" class=\"yoast-schema-graph\">{\"@context\":\"https:\/\/schema.org\",\"@graph\":[{\"@type\":\"WebPage\",\"@id\":\"https:\/\/proveedoracomercial.com\/clientes\/producto\/mini-linterna-cpx-450\/\",\"url\":\"https:\/\/proveedoracomercial.com\/clientes\/producto\/mini-linterna-cpx-450\/\",\"name\":\"MINI LINTERNA CPX 450 -\",\"isPartOf\":{\"@id\":\"https:\/\/proveedoracomercial.com\/clientes\/#website\"},\"primaryImageOfPage\":{\"@id\":\"https:\/\/proveedoracomercial.com\/clientes\/producto\/mini-linterna-cpx-450\/#primaryimage\"},\"image\":{\"@id\":\"https:\/\/proveedoracomercial.com\/clientes\/producto\/mini-linterna-cpx-450\/#primaryimage\"},\"thumbnailUrl\":\"https:\/\/proveedoracomercial.com\/clientes\/wp-content\/uploads\/sites\/4\/2024\/06\/mini-linterna-coleman.png\",\"datePublished\":\"2024-03-20T04:57:38+00:00\",\"dateModified\":\"2024-03-20T04:57:38+00:00\",\"breadcrumb\":{\"@id\":\"https:\/\/proveedoracomercial.com\/clientes\/producto\/mini-linterna-cpx-450\/#breadcrumb\"},\"inLanguage\":\"es\",\"potentialAction\":[{\"@type\":\"ReadAction\",\"target\":[\"https:\/\/proveedoracomercial.com\/clientes\/producto\/mini-linterna-cpx-450\/\"]}]},{\"@type\":\"ImageObject\",\"inLanguage\":\"es\",\"@id\":\"https:\/\/proveedoracomercial.com\/clientes\/producto\/mini-linterna-cpx-450\/#primaryimage\",\"url\":\"https:\/\/proveedoracomercial.com\/clientes\/wp-content\/uploads\/sites\/4\/2024\/06\/mini-linterna-coleman.png\",\"contentUrl\":\"https:\/\/proveedoracomercial.com\/clientes\/wp-content\/uploads\/sites\/4\/2024\/06\/mini-linterna-coleman.png\",\"width\":249,\"height\":476},{\"@type\":\"BreadcrumbList\",\"@id\":\"https:\/\/proveedoracomercial.com\/clientes\/producto\/mini-linterna-cpx-450\/#breadcrumb\",\"itemListElement\":[{\"@type\":\"ListItem\",\"position\":1,\"name\":\"Portada\",\"item\":\"https:\/\/proveedoracomercial.com\/clientes\/\"},{\"@type\":\"ListItem\",\"position\":2,\"name\":\"Tienda\",\"item\":\"https:\/\/proveedoracomercial.com\/clientes\/tienda\/\"},{\"@type\":\"ListItem\",\"position\":3,\"name\":\"MINI LINTERNA CPX 450\"}]},{\"@type\":\"WebSite\",\"@id\":\"https:\/\/proveedoracomercial.com\/clientes\/#website\",\"url\":\"https:\/\/proveedoracomercial.com\/clientes\/\",\"name\":\"\",\"description\":\"\",\"potentialAction\":[{\"@type\":\"SearchAction\",\"target\":{\"@type\":\"EntryPoint\",\"urlTemplate\":\"https:\/\/proveedoracomercial.com\/clientes\/?s={search_term_string}\"},\"query-input\":{\"@type\":\"PropertyValueSpecification\",\"valueRequired\":true,\"valueName\":\"search_term_string\"}}],\"inLanguage\":\"es\"}]}<\/script>\n<!-- \/ Yoast SEO plugin. -->","yoast_head_json":{"title":"MINI LINTERNA CPX 450 -","robots":{"index":"index","follow":"follow","max-snippet":"max-snippet:-1","max-image-preview":"max-image-preview:large","max-video-preview":"max-video-preview:-1"},"canonical":"https:\/\/proveedoracomercial.com\/clientes\/producto\/mini-linterna-cpx-450\/","og_locale":"es_MX","og_type":"article","og_title":"MINI LINTERNA CPX 450 -","og_description":"Compatible con fuentes de alimentaci\u00f3n CPX 4.5. La linterna puede usar 3 bater\u00edas tipo AAA (se incluyen en el producto). Interruptor de bot\u00f3n con tres posiciones Apagado, alto y bajo. Construcci\u00f3n de la linterna resistente a la intemperie. La luz LED nunca tendr\u00e1 que ser reemplazada. Indicador de vida de la bater\u00eda, verde, amarillo y rojo. 75 l\u00famenes en alta intensidad, 23 en baja intensidad. 10 horas de uso continuo en alta intensidad, 26 horas de uso continuo en baja intensidad. 6 m de luminosidad en alta intensidad y 3 m en baja intensidad.","og_url":"https:\/\/proveedoracomercial.com\/clientes\/producto\/mini-linterna-cpx-450\/","og_image":[{"width":249,"height":476,"url":"https:\/\/proveedoracomercial.com\/clientes\/wp-content\/uploads\/sites\/4\/2024\/06\/mini-linterna-coleman.png","type":"image\/png"}],"twitter_card":"summary_large_image","schema":{"@context":"https:\/\/schema.org","@graph":[{"@type":"WebPage","@id":"https:\/\/proveedoracomercial.com\/clientes\/producto\/mini-linterna-cpx-450\/","url":"https:\/\/proveedoracomercial.com\/clientes\/producto\/mini-linterna-cpx-450\/","name":"MINI LINTERNA CPX 450 -","isPartOf":{"@id":"https:\/\/proveedoracomercial.com\/clientes\/#website"},"primaryImageOfPage":{"@id":"https:\/\/proveedoracomercial.com\/clientes\/producto\/mini-linterna-cpx-450\/#primaryimage"},"image":{"@id":"https:\/\/proveedoracomercial.com\/clientes\/producto\/mini-linterna-cpx-450\/#primaryimage"},"thumbnailUrl":"https:\/\/proveedoracomercial.com\/clientes\/wp-content\/uploads\/sites\/4\/2024\/06\/mini-linterna-coleman.png","datePublished":"2024-03-20T04:57:38+00:00","dateModified":"2024-03-20T04:57:38+00:00","breadcrumb":{"@id":"https:\/\/proveedoracomercial.com\/clientes\/producto\/mini-linterna-cpx-450\/#breadcrumb"},"inLanguage":"es","potentialAction":[{"@type":"ReadAction","target":["https:\/\/proveedoracomercial.com\/clientes\/producto\/mini-linterna-cpx-450\/"]}]},{"@type":"ImageObject","inLanguage":"es","@id":"https:\/\/proveedoracomercial.com\/clientes\/producto\/mini-linterna-cpx-450\/#primaryimage","url":"https:\/\/proveedoracomercial.com\/clientes\/wp-content\/uploads\/sites\/4\/2024\/06\/mini-linterna-coleman.png","contentUrl":"https:\/\/proveedoracomercial.com\/clientes\/wp-content\/uploads\/sites\/4\/2024\/06\/mini-linterna-coleman.png","width":249,"height":476},{"@type":"BreadcrumbList","@id":"https:\/\/proveedoracomercial.com\/clientes\/producto\/mini-linterna-cpx-450\/#breadcrumb","itemListElement":[{"@type":"ListItem","position":1,"name":"Portada","item":"https:\/\/proveedoracomercial.com\/clientes\/"},{"@type":"ListItem","position":2,"name":"Tienda","item":"https:\/\/proveedoracomercial.com\/clientes\/tienda\/"},{"@type":"ListItem","position":3,"name":"MINI LINTERNA CPX 450"}]},{"@type":"WebSite","@id":"https:\/\/proveedoracomercial.com\/clientes\/#website","url":"https:\/\/proveedoracomercial.com\/clientes\/","name":"","description":"","potentialAction":[{"@type":"SearchAction","target":{"@type":"EntryPoint","urlTemplate":"https:\/\/proveedoracomercial.com\/clientes\/?s={search_term_string}"},"query-input":{"@type":"PropertyValueSpecification","valueRequired":true,"valueName":"search_term_string"}}],"inLanguage":"es"}]}},"_links":{"self":[{"href":"https:\/\/proveedoracomercial.com\/clientes\/wp-json\/wp\/v2\/product\/675","targetHints":{"allow":["GET"]}}],"collection":[{"href":"https:\/\/proveedoracomercial.com\/clientes\/wp-json\/wp\/v2\/product"}],"about":[{"href":"https:\/\/proveedoracomercial.com\/clientes\/wp-json\/wp\/v2\/types\/product"}],"replies":[{"embeddable":true,"href":"https:\/\/proveedoracomercial.com\/clientes\/wp-json\/wp\/v2\/comments?post=675"}],"wp:featuredmedia":[{"embeddable":true,"href":"https:\/\/proveedoracomercial.com\/clientes\/wp-json\/wp\/v2\/media\/676"}],"wp:attachment":[{"href":"https:\/\/proveedoracomercial.com\/clientes\/wp-json\/wp\/v2\/media?parent=675"}],"wp:term":[{"taxonomy":"store","embeddable":true,"href":"https:\/\/proveedoracomercial.com\/clientes\/wp-json\/wp\/v2\/store?post=675"},{"taxonomy":"product_cat","embeddable":true,"href":"https:\/\/proveedoracomercial.com\/clientes\/wp-json\/wp\/v2\/product_cat?post=675"},{"taxonomy":"product_tag","embeddable":true,"href":"https:\/\/proveedoracomercial.com\/clientes\/wp-json\/wp\/v2\/product_tag?post=675"}],"curies":[{"name":"wp","href":"https:\/\/api.w.org\/{rel}","templated":true}]}}