{"id":673,"date":"2024-03-20T04:57:38","date_gmt":"2024-03-20T04:57:38","guid":{"rendered":"https:\/\/proveedoracomercial.com\/clientes\/producto\/linterna-cpx-4-luz-para-carpa\/"},"modified":"2024-03-20T04:57:38","modified_gmt":"2024-03-20T04:57:38","slug":"linterna-cpx-4-luz-para-carpa","status":"publish","type":"product","link":"https:\/\/proveedoracomercial.com\/clientes\/producto\/linterna-cpx-4-luz-para-carpa\/","title":{"rendered":"LINTERNA CPX 4 LUZ PARA CARPA"},"content":{"rendered":"","protected":false},"excerpt":{"rendered":"<p>Luz Magn\u00e9tica para casa de campa\u00f1a.<br \/>\nCompatible con fuentes de alimentaci\u00f3n CPX 4.5.<br \/>\nLa linterna puede usar 3 bater\u00edas tipo AAA (se incluyen en el producto).<br \/>\nInterruptor giratorio de 4 posiciones, apagado, alto, bajo, luz de noche.<br \/>\nLa luz se puede girar hasta 120\u00b0.<br \/>\nIndicaci\u00f3n de la vida de la bater\u00eda con 3 colores, verde, amarillo y rojo.<br \/>\nCuenta con un im\u00e1n que se adhiere a cualquier superficie de metal.<br \/>\nConstrucci\u00f3n de la bater\u00eda resistente a la intemperie.<br \/>\nEl foco LED nunca tendr\u00e1 que ser reemplazado.<br \/>\nIluminaci\u00f3n de 60 l\u00famenes.<br \/>\n15 horas de duraci\u00f3n.<\/p>\n","protected":false},"featured_media":674,"comment_status":"closed","ping_status":"closed","template":"","meta":{"_joinchat":[]},"store":[],"product_cat":[153,152],"product_tag":[226],"class_list":{"0":"post-673","1":"product","2":"type-product","3":"status-publish","4":"has-post-thumbnail","6":"product_cat-coleman-lamparas-y-linternas","7":"product_cat-lamparas-y-linternas","8":"product_tag-linterna-magnetica","10":"first","11":"instock","12":"shipping-taxable","13":"purchasable","14":"product-type-simple"},"yoast_head":"<!-- This site is optimized with the Yoast SEO plugin v23.5 - https:\/\/yoast.com\/wordpress\/plugins\/seo\/ -->\n<title>LINTERNA CPX 4 LUZ PARA CARPA -<\/title>\n<meta name=\"robots\" content=\"index, follow, max-snippet:-1, max-image-preview:large, max-video-preview:-1\" \/>\n<link rel=\"canonical\" href=\"https:\/\/proveedoracomercial.com\/clientes\/producto\/linterna-cpx-4-luz-para-carpa\/\" \/>\n<meta property=\"og:locale\" content=\"es_MX\" \/>\n<meta property=\"og:type\" content=\"article\" \/>\n<meta property=\"og:title\" content=\"LINTERNA CPX 4 LUZ PARA CARPA -\" \/>\n<meta property=\"og:description\" content=\"Luz Magn\u00e9tica para casa de campa\u00f1a. Compatible con fuentes de alimentaci\u00f3n CPX 4.5. La linterna puede usar 3 bater\u00edas tipo AAA (se incluyen en el producto). Interruptor giratorio de 4 posiciones, apagado, alto, bajo, luz de noche. La luz se puede girar hasta 120\u00b0. Indicaci\u00f3n de la vida de la bater\u00eda con 3 colores, verde, amarillo y rojo. Cuenta con un im\u00e1n que se adhiere a cualquier superficie de metal. Construcci\u00f3n de la bater\u00eda resistente a la intemperie. El foco LED nunca tendr\u00e1 que ser reemplazado. Iluminaci\u00f3n de 60 l\u00famenes. 15 horas de duraci\u00f3n.\" \/>\n<meta property=\"og:url\" content=\"https:\/\/proveedoracomercial.com\/clientes\/producto\/linterna-cpx-4-luz-para-carpa\/\" \/>\n<meta property=\"og:image\" content=\"https:\/\/proveedoracomercial.com\/clientes\/wp-content\/uploads\/sites\/4\/2024\/06\/linterna-magnetica.png\" \/>\n\t<meta property=\"og:image:width\" content=\"505\" \/>\n\t<meta property=\"og:image:height\" content=\"370\" \/>\n\t<meta property=\"og:image:type\" content=\"image\/png\" \/>\n<meta name=\"twitter:card\" content=\"summary_large_image\" \/>\n<script type=\"application\/ld+json\" class=\"yoast-schema-graph\">{\"@context\":\"https:\/\/schema.org\",\"@graph\":[{\"@type\":\"WebPage\",\"@id\":\"https:\/\/proveedoracomercial.com\/clientes\/producto\/linterna-cpx-4-luz-para-carpa\/\",\"url\":\"https:\/\/proveedoracomercial.com\/clientes\/producto\/linterna-cpx-4-luz-para-carpa\/\",\"name\":\"LINTERNA CPX 4 LUZ PARA CARPA -\",\"isPartOf\":{\"@id\":\"https:\/\/proveedoracomercial.com\/clientes\/#website\"},\"primaryImageOfPage\":{\"@id\":\"https:\/\/proveedoracomercial.com\/clientes\/producto\/linterna-cpx-4-luz-para-carpa\/#primaryimage\"},\"image\":{\"@id\":\"https:\/\/proveedoracomercial.com\/clientes\/producto\/linterna-cpx-4-luz-para-carpa\/#primaryimage\"},\"thumbnailUrl\":\"https:\/\/proveedoracomercial.com\/clientes\/wp-content\/uploads\/sites\/4\/2024\/06\/linterna-magnetica.png\",\"datePublished\":\"2024-03-20T04:57:38+00:00\",\"dateModified\":\"2024-03-20T04:57:38+00:00\",\"breadcrumb\":{\"@id\":\"https:\/\/proveedoracomercial.com\/clientes\/producto\/linterna-cpx-4-luz-para-carpa\/#breadcrumb\"},\"inLanguage\":\"es\",\"potentialAction\":[{\"@type\":\"ReadAction\",\"target\":[\"https:\/\/proveedoracomercial.com\/clientes\/producto\/linterna-cpx-4-luz-para-carpa\/\"]}]},{\"@type\":\"ImageObject\",\"inLanguage\":\"es\",\"@id\":\"https:\/\/proveedoracomercial.com\/clientes\/producto\/linterna-cpx-4-luz-para-carpa\/#primaryimage\",\"url\":\"https:\/\/proveedoracomercial.com\/clientes\/wp-content\/uploads\/sites\/4\/2024\/06\/linterna-magnetica.png\",\"contentUrl\":\"https:\/\/proveedoracomercial.com\/clientes\/wp-content\/uploads\/sites\/4\/2024\/06\/linterna-magnetica.png\",\"width\":505,\"height\":370},{\"@type\":\"BreadcrumbList\",\"@id\":\"https:\/\/proveedoracomercial.com\/clientes\/producto\/linterna-cpx-4-luz-para-carpa\/#breadcrumb\",\"itemListElement\":[{\"@type\":\"ListItem\",\"position\":1,\"name\":\"Portada\",\"item\":\"https:\/\/proveedoracomercial.com\/clientes\/\"},{\"@type\":\"ListItem\",\"position\":2,\"name\":\"Tienda\",\"item\":\"https:\/\/proveedoracomercial.com\/clientes\/tienda\/\"},{\"@type\":\"ListItem\",\"position\":3,\"name\":\"LINTERNA CPX 4 LUZ PARA CARPA\"}]},{\"@type\":\"WebSite\",\"@id\":\"https:\/\/proveedoracomercial.com\/clientes\/#website\",\"url\":\"https:\/\/proveedoracomercial.com\/clientes\/\",\"name\":\"\",\"description\":\"\",\"potentialAction\":[{\"@type\":\"SearchAction\",\"target\":{\"@type\":\"EntryPoint\",\"urlTemplate\":\"https:\/\/proveedoracomercial.com\/clientes\/?s={search_term_string}\"},\"query-input\":{\"@type\":\"PropertyValueSpecification\",\"valueRequired\":true,\"valueName\":\"search_term_string\"}}],\"inLanguage\":\"es\"}]}<\/script>\n<!-- \/ Yoast SEO plugin. -->","yoast_head_json":{"title":"LINTERNA CPX 4 LUZ PARA CARPA -","robots":{"index":"index","follow":"follow","max-snippet":"max-snippet:-1","max-image-preview":"max-image-preview:large","max-video-preview":"max-video-preview:-1"},"canonical":"https:\/\/proveedoracomercial.com\/clientes\/producto\/linterna-cpx-4-luz-para-carpa\/","og_locale":"es_MX","og_type":"article","og_title":"LINTERNA CPX 4 LUZ PARA CARPA -","og_description":"Luz Magn\u00e9tica para casa de campa\u00f1a. Compatible con fuentes de alimentaci\u00f3n CPX 4.5. La linterna puede usar 3 bater\u00edas tipo AAA (se incluyen en el producto). Interruptor giratorio de 4 posiciones, apagado, alto, bajo, luz de noche. La luz se puede girar hasta 120\u00b0. Indicaci\u00f3n de la vida de la bater\u00eda con 3 colores, verde, amarillo y rojo. Cuenta con un im\u00e1n que se adhiere a cualquier superficie de metal. Construcci\u00f3n de la bater\u00eda resistente a la intemperie. El foco LED nunca tendr\u00e1 que ser reemplazado. Iluminaci\u00f3n de 60 l\u00famenes. 15 horas de duraci\u00f3n.","og_url":"https:\/\/proveedoracomercial.com\/clientes\/producto\/linterna-cpx-4-luz-para-carpa\/","og_image":[{"width":505,"height":370,"url":"https:\/\/proveedoracomercial.com\/clientes\/wp-content\/uploads\/sites\/4\/2024\/06\/linterna-magnetica.png","type":"image\/png"}],"twitter_card":"summary_large_image","schema":{"@context":"https:\/\/schema.org","@graph":[{"@type":"WebPage","@id":"https:\/\/proveedoracomercial.com\/clientes\/producto\/linterna-cpx-4-luz-para-carpa\/","url":"https:\/\/proveedoracomercial.com\/clientes\/producto\/linterna-cpx-4-luz-para-carpa\/","name":"LINTERNA CPX 4 LUZ PARA CARPA -","isPartOf":{"@id":"https:\/\/proveedoracomercial.com\/clientes\/#website"},"primaryImageOfPage":{"@id":"https:\/\/proveedoracomercial.com\/clientes\/producto\/linterna-cpx-4-luz-para-carpa\/#primaryimage"},"image":{"@id":"https:\/\/proveedoracomercial.com\/clientes\/producto\/linterna-cpx-4-luz-para-carpa\/#primaryimage"},"thumbnailUrl":"https:\/\/proveedoracomercial.com\/clientes\/wp-content\/uploads\/sites\/4\/2024\/06\/linterna-magnetica.png","datePublished":"2024-03-20T04:57:38+00:00","dateModified":"2024-03-20T04:57:38+00:00","breadcrumb":{"@id":"https:\/\/proveedoracomercial.com\/clientes\/producto\/linterna-cpx-4-luz-para-carpa\/#breadcrumb"},"inLanguage":"es","potentialAction":[{"@type":"ReadAction","target":["https:\/\/proveedoracomercial.com\/clientes\/producto\/linterna-cpx-4-luz-para-carpa\/"]}]},{"@type":"ImageObject","inLanguage":"es","@id":"https:\/\/proveedoracomercial.com\/clientes\/producto\/linterna-cpx-4-luz-para-carpa\/#primaryimage","url":"https:\/\/proveedoracomercial.com\/clientes\/wp-content\/uploads\/sites\/4\/2024\/06\/linterna-magnetica.png","contentUrl":"https:\/\/proveedoracomercial.com\/clientes\/wp-content\/uploads\/sites\/4\/2024\/06\/linterna-magnetica.png","width":505,"height":370},{"@type":"BreadcrumbList","@id":"https:\/\/proveedoracomercial.com\/clientes\/producto\/linterna-cpx-4-luz-para-carpa\/#breadcrumb","itemListElement":[{"@type":"ListItem","position":1,"name":"Portada","item":"https:\/\/proveedoracomercial.com\/clientes\/"},{"@type":"ListItem","position":2,"name":"Tienda","item":"https:\/\/proveedoracomercial.com\/clientes\/tienda\/"},{"@type":"ListItem","position":3,"name":"LINTERNA CPX 4 LUZ PARA CARPA"}]},{"@type":"WebSite","@id":"https:\/\/proveedoracomercial.com\/clientes\/#website","url":"https:\/\/proveedoracomercial.com\/clientes\/","name":"","description":"","potentialAction":[{"@type":"SearchAction","target":{"@type":"EntryPoint","urlTemplate":"https:\/\/proveedoracomercial.com\/clientes\/?s={search_term_string}"},"query-input":{"@type":"PropertyValueSpecification","valueRequired":true,"valueName":"search_term_string"}}],"inLanguage":"es"}]}},"_links":{"self":[{"href":"https:\/\/proveedoracomercial.com\/clientes\/wp-json\/wp\/v2\/product\/673","targetHints":{"allow":["GET"]}}],"collection":[{"href":"https:\/\/proveedoracomercial.com\/clientes\/wp-json\/wp\/v2\/product"}],"about":[{"href":"https:\/\/proveedoracomercial.com\/clientes\/wp-json\/wp\/v2\/types\/product"}],"replies":[{"embeddable":true,"href":"https:\/\/proveedoracomercial.com\/clientes\/wp-json\/wp\/v2\/comments?post=673"}],"wp:featuredmedia":[{"embeddable":true,"href":"https:\/\/proveedoracomercial.com\/clientes\/wp-json\/wp\/v2\/media\/674"}],"wp:attachment":[{"href":"https:\/\/proveedoracomercial.com\/clientes\/wp-json\/wp\/v2\/media?parent=673"}],"wp:term":[{"taxonomy":"store","embeddable":true,"href":"https:\/\/proveedoracomercial.com\/clientes\/wp-json\/wp\/v2\/store?post=673"},{"taxonomy":"product_cat","embeddable":true,"href":"https:\/\/proveedoracomercial.com\/clientes\/wp-json\/wp\/v2\/product_cat?post=673"},{"taxonomy":"product_tag","embeddable":true,"href":"https:\/\/proveedoracomercial.com\/clientes\/wp-json\/wp\/v2\/product_tag?post=673"}],"curies":[{"name":"wp","href":"https:\/\/api.w.org\/{rel}","templated":true}]}}