{"id":669,"date":"2024-03-20T04:57:38","date_gmt":"2024-03-20T04:57:38","guid":{"rendered":"https:\/\/proveedoracomercial.com\/clientes\/producto\/lampara-electrica-c-control-remoto-80\/"},"modified":"2024-03-20T04:57:38","modified_gmt":"2024-03-20T04:57:38","slug":"lampara-electrica-c-control-remoto-80","status":"publish","type":"product","link":"https:\/\/proveedoracomercial.com\/clientes\/producto\/lampara-electrica-c-control-remoto-80\/","title":{"rendered":"L\u00c1MPARA ELECTRICA C\/ CONTROL REMOTO 80"},"content":{"rendered":"","protected":false},"excerpt":{"rendered":"<p>Fuente de luz fluorescente de U-tubo de 9 vatios<br \/>\nNuevo dise\u00f1o, resistente a la intemperie, con funci\u00f3n de utilizar tambi\u00e9n en el interior.<br \/>\nControl remoto Operacional Hasta 40 pies (12.2 metros).<br \/>\nL\u00e1mpara de carga continua con protecci\u00f3n de circuito de sobrecarga .<br \/>\nBot\u00f3n con 3 tipos, alto, bajo y apagado.<br \/>\nLED de doble color que se enciende en rojo al cargar y verde cuando est\u00e1 completamente cargado.<br \/>\nTubo flouresente que hace que no se caliente el foco.<br \/>\nEmite hasta 280 l\u00famenes.<br \/>\nAlmacenamiento en la parte inferior de la l\u00e1mpara de 120V para recargar el adaptador y control remoto .<\/p>\n","protected":false},"featured_media":670,"comment_status":"closed","ping_status":"closed","template":"","meta":{"_joinchat":[]},"store":[],"product_cat":[153,152],"product_tag":[170],"class_list":{"0":"post-669","1":"product","2":"type-product","3":"status-publish","4":"has-post-thumbnail","6":"product_cat-coleman-lamparas-y-linternas","7":"product_cat-lamparas-y-linternas","8":"product_tag-linterna","10":"first","11":"instock","12":"shipping-taxable","13":"purchasable","14":"product-type-simple"},"yoast_head":"<!-- This site is optimized with the Yoast SEO plugin v23.5 - https:\/\/yoast.com\/wordpress\/plugins\/seo\/ -->\n<title>L\u00c1MPARA ELECTRICA C\/ CONTROL REMOTO 80 -<\/title>\n<meta name=\"robots\" content=\"index, follow, max-snippet:-1, max-image-preview:large, max-video-preview:-1\" \/>\n<link rel=\"canonical\" href=\"https:\/\/proveedoracomercial.com\/clientes\/producto\/lampara-electrica-c-control-remoto-80\/\" \/>\n<meta property=\"og:locale\" content=\"es_MX\" \/>\n<meta property=\"og:type\" content=\"article\" \/>\n<meta property=\"og:title\" content=\"L\u00c1MPARA ELECTRICA C\/ CONTROL REMOTO 80 -\" \/>\n<meta property=\"og:description\" content=\"Fuente de luz fluorescente de U-tubo de 9 vatios Nuevo dise\u00f1o, resistente a la intemperie, con funci\u00f3n de utilizar tambi\u00e9n en el interior. Control remoto Operacional Hasta 40 pies (12.2 metros). L\u00e1mpara de carga continua con protecci\u00f3n de circuito de sobrecarga . Bot\u00f3n con 3 tipos, alto, bajo y apagado. LED de doble color que se enciende en rojo al cargar y verde cuando est\u00e1 completamente cargado. Tubo flouresente que hace que no se caliente el foco. Emite hasta 280 l\u00famenes. Almacenamiento en la parte inferior de la l\u00e1mpara de 120V para recargar el adaptador y control remoto .\" \/>\n<meta property=\"og:url\" content=\"https:\/\/proveedoracomercial.com\/clientes\/producto\/lampara-electrica-c-control-remoto-80\/\" \/>\n<meta property=\"og:image\" content=\"https:\/\/proveedoracomercial.com\/clientes\/wp-content\/uploads\/sites\/4\/2024\/06\/lampara-recargable-coleman-pca.png\" \/>\n\t<meta property=\"og:image:width\" content=\"427\" \/>\n\t<meta property=\"og:image:height\" content=\"525\" \/>\n\t<meta property=\"og:image:type\" content=\"image\/png\" \/>\n<meta name=\"twitter:card\" content=\"summary_large_image\" \/>\n<script type=\"application\/ld+json\" class=\"yoast-schema-graph\">{\"@context\":\"https:\/\/schema.org\",\"@graph\":[{\"@type\":\"WebPage\",\"@id\":\"https:\/\/proveedoracomercial.com\/clientes\/producto\/lampara-electrica-c-control-remoto-80\/\",\"url\":\"https:\/\/proveedoracomercial.com\/clientes\/producto\/lampara-electrica-c-control-remoto-80\/\",\"name\":\"L\u00c1MPARA ELECTRICA C\/ CONTROL REMOTO 80 -\",\"isPartOf\":{\"@id\":\"https:\/\/proveedoracomercial.com\/clientes\/#website\"},\"primaryImageOfPage\":{\"@id\":\"https:\/\/proveedoracomercial.com\/clientes\/producto\/lampara-electrica-c-control-remoto-80\/#primaryimage\"},\"image\":{\"@id\":\"https:\/\/proveedoracomercial.com\/clientes\/producto\/lampara-electrica-c-control-remoto-80\/#primaryimage\"},\"thumbnailUrl\":\"https:\/\/proveedoracomercial.com\/clientes\/wp-content\/uploads\/sites\/4\/2024\/06\/lampara-recargable-coleman-pca.png\",\"datePublished\":\"2024-03-20T04:57:38+00:00\",\"dateModified\":\"2024-03-20T04:57:38+00:00\",\"breadcrumb\":{\"@id\":\"https:\/\/proveedoracomercial.com\/clientes\/producto\/lampara-electrica-c-control-remoto-80\/#breadcrumb\"},\"inLanguage\":\"es\",\"potentialAction\":[{\"@type\":\"ReadAction\",\"target\":[\"https:\/\/proveedoracomercial.com\/clientes\/producto\/lampara-electrica-c-control-remoto-80\/\"]}]},{\"@type\":\"ImageObject\",\"inLanguage\":\"es\",\"@id\":\"https:\/\/proveedoracomercial.com\/clientes\/producto\/lampara-electrica-c-control-remoto-80\/#primaryimage\",\"url\":\"https:\/\/proveedoracomercial.com\/clientes\/wp-content\/uploads\/sites\/4\/2024\/06\/lampara-recargable-coleman-pca.png\",\"contentUrl\":\"https:\/\/proveedoracomercial.com\/clientes\/wp-content\/uploads\/sites\/4\/2024\/06\/lampara-recargable-coleman-pca.png\",\"width\":427,\"height\":525},{\"@type\":\"BreadcrumbList\",\"@id\":\"https:\/\/proveedoracomercial.com\/clientes\/producto\/lampara-electrica-c-control-remoto-80\/#breadcrumb\",\"itemListElement\":[{\"@type\":\"ListItem\",\"position\":1,\"name\":\"Portada\",\"item\":\"https:\/\/proveedoracomercial.com\/clientes\/\"},{\"@type\":\"ListItem\",\"position\":2,\"name\":\"Tienda\",\"item\":\"https:\/\/proveedoracomercial.com\/clientes\/tienda\/\"},{\"@type\":\"ListItem\",\"position\":3,\"name\":\"L\u00c1MPARA ELECTRICA C\/ CONTROL REMOTO 80\"}]},{\"@type\":\"WebSite\",\"@id\":\"https:\/\/proveedoracomercial.com\/clientes\/#website\",\"url\":\"https:\/\/proveedoracomercial.com\/clientes\/\",\"name\":\"\",\"description\":\"\",\"potentialAction\":[{\"@type\":\"SearchAction\",\"target\":{\"@type\":\"EntryPoint\",\"urlTemplate\":\"https:\/\/proveedoracomercial.com\/clientes\/?s={search_term_string}\"},\"query-input\":{\"@type\":\"PropertyValueSpecification\",\"valueRequired\":true,\"valueName\":\"search_term_string\"}}],\"inLanguage\":\"es\"}]}<\/script>\n<!-- \/ Yoast SEO plugin. -->","yoast_head_json":{"title":"L\u00c1MPARA ELECTRICA C\/ CONTROL REMOTO 80 -","robots":{"index":"index","follow":"follow","max-snippet":"max-snippet:-1","max-image-preview":"max-image-preview:large","max-video-preview":"max-video-preview:-1"},"canonical":"https:\/\/proveedoracomercial.com\/clientes\/producto\/lampara-electrica-c-control-remoto-80\/","og_locale":"es_MX","og_type":"article","og_title":"L\u00c1MPARA ELECTRICA C\/ CONTROL REMOTO 80 -","og_description":"Fuente de luz fluorescente de U-tubo de 9 vatios Nuevo dise\u00f1o, resistente a la intemperie, con funci\u00f3n de utilizar tambi\u00e9n en el interior. Control remoto Operacional Hasta 40 pies (12.2 metros). L\u00e1mpara de carga continua con protecci\u00f3n de circuito de sobrecarga . Bot\u00f3n con 3 tipos, alto, bajo y apagado. LED de doble color que se enciende en rojo al cargar y verde cuando est\u00e1 completamente cargado. Tubo flouresente que hace que no se caliente el foco. Emite hasta 280 l\u00famenes. Almacenamiento en la parte inferior de la l\u00e1mpara de 120V para recargar el adaptador y control remoto .","og_url":"https:\/\/proveedoracomercial.com\/clientes\/producto\/lampara-electrica-c-control-remoto-80\/","og_image":[{"width":427,"height":525,"url":"https:\/\/proveedoracomercial.com\/clientes\/wp-content\/uploads\/sites\/4\/2024\/06\/lampara-recargable-coleman-pca.png","type":"image\/png"}],"twitter_card":"summary_large_image","schema":{"@context":"https:\/\/schema.org","@graph":[{"@type":"WebPage","@id":"https:\/\/proveedoracomercial.com\/clientes\/producto\/lampara-electrica-c-control-remoto-80\/","url":"https:\/\/proveedoracomercial.com\/clientes\/producto\/lampara-electrica-c-control-remoto-80\/","name":"L\u00c1MPARA ELECTRICA C\/ CONTROL REMOTO 80 -","isPartOf":{"@id":"https:\/\/proveedoracomercial.com\/clientes\/#website"},"primaryImageOfPage":{"@id":"https:\/\/proveedoracomercial.com\/clientes\/producto\/lampara-electrica-c-control-remoto-80\/#primaryimage"},"image":{"@id":"https:\/\/proveedoracomercial.com\/clientes\/producto\/lampara-electrica-c-control-remoto-80\/#primaryimage"},"thumbnailUrl":"https:\/\/proveedoracomercial.com\/clientes\/wp-content\/uploads\/sites\/4\/2024\/06\/lampara-recargable-coleman-pca.png","datePublished":"2024-03-20T04:57:38+00:00","dateModified":"2024-03-20T04:57:38+00:00","breadcrumb":{"@id":"https:\/\/proveedoracomercial.com\/clientes\/producto\/lampara-electrica-c-control-remoto-80\/#breadcrumb"},"inLanguage":"es","potentialAction":[{"@type":"ReadAction","target":["https:\/\/proveedoracomercial.com\/clientes\/producto\/lampara-electrica-c-control-remoto-80\/"]}]},{"@type":"ImageObject","inLanguage":"es","@id":"https:\/\/proveedoracomercial.com\/clientes\/producto\/lampara-electrica-c-control-remoto-80\/#primaryimage","url":"https:\/\/proveedoracomercial.com\/clientes\/wp-content\/uploads\/sites\/4\/2024\/06\/lampara-recargable-coleman-pca.png","contentUrl":"https:\/\/proveedoracomercial.com\/clientes\/wp-content\/uploads\/sites\/4\/2024\/06\/lampara-recargable-coleman-pca.png","width":427,"height":525},{"@type":"BreadcrumbList","@id":"https:\/\/proveedoracomercial.com\/clientes\/producto\/lampara-electrica-c-control-remoto-80\/#breadcrumb","itemListElement":[{"@type":"ListItem","position":1,"name":"Portada","item":"https:\/\/proveedoracomercial.com\/clientes\/"},{"@type":"ListItem","position":2,"name":"Tienda","item":"https:\/\/proveedoracomercial.com\/clientes\/tienda\/"},{"@type":"ListItem","position":3,"name":"L\u00c1MPARA ELECTRICA C\/ CONTROL REMOTO 80"}]},{"@type":"WebSite","@id":"https:\/\/proveedoracomercial.com\/clientes\/#website","url":"https:\/\/proveedoracomercial.com\/clientes\/","name":"","description":"","potentialAction":[{"@type":"SearchAction","target":{"@type":"EntryPoint","urlTemplate":"https:\/\/proveedoracomercial.com\/clientes\/?s={search_term_string}"},"query-input":{"@type":"PropertyValueSpecification","valueRequired":true,"valueName":"search_term_string"}}],"inLanguage":"es"}]}},"_links":{"self":[{"href":"https:\/\/proveedoracomercial.com\/clientes\/wp-json\/wp\/v2\/product\/669","targetHints":{"allow":["GET"]}}],"collection":[{"href":"https:\/\/proveedoracomercial.com\/clientes\/wp-json\/wp\/v2\/product"}],"about":[{"href":"https:\/\/proveedoracomercial.com\/clientes\/wp-json\/wp\/v2\/types\/product"}],"replies":[{"embeddable":true,"href":"https:\/\/proveedoracomercial.com\/clientes\/wp-json\/wp\/v2\/comments?post=669"}],"wp:featuredmedia":[{"embeddable":true,"href":"https:\/\/proveedoracomercial.com\/clientes\/wp-json\/wp\/v2\/media\/670"}],"wp:attachment":[{"href":"https:\/\/proveedoracomercial.com\/clientes\/wp-json\/wp\/v2\/media?parent=669"}],"wp:term":[{"taxonomy":"store","embeddable":true,"href":"https:\/\/proveedoracomercial.com\/clientes\/wp-json\/wp\/v2\/store?post=669"},{"taxonomy":"product_cat","embeddable":true,"href":"https:\/\/proveedoracomercial.com\/clientes\/wp-json\/wp\/v2\/product_cat?post=669"},{"taxonomy":"product_tag","embeddable":true,"href":"https:\/\/proveedoracomercial.com\/clientes\/wp-json\/wp\/v2\/product_tag?post=669"}],"curies":[{"name":"wp","href":"https:\/\/api.w.org\/{rel}","templated":true}]}}