{"id":663,"date":"2024-03-20T04:57:38","date_gmt":"2024-03-20T04:57:38","guid":{"rendered":"https:\/\/proveedoracomercial.com\/clientes\/producto\/linterna-de-dual-fuel-de-dos-mantillas\/"},"modified":"2024-03-20T04:57:38","modified_gmt":"2024-03-20T04:57:38","slug":"linterna-de-dual-fuel-de-dos-mantillas","status":"publish","type":"product","link":"https:\/\/proveedoracomercial.com\/clientes\/producto\/linterna-de-dual-fuel-de-dos-mantillas\/","title":{"rendered":"LINTERNA DE DUAL FUEL DE DOS MANTILLAS"},"content":{"rendered":"","protected":false},"excerpt":{"rendered":"<p>Extra luminoso de 861 l\u00famenes.<br \/>\nEl brillo ajustable le proporciona un control preciso para una iluminaci\u00f3n exterior perfecta.<br \/>\nDise\u00f1o de combustible All-Season Strong \u2122 para una luz incre\u00edble en malas condiciones.<br \/>\nEnerg\u00eda Dual Fuel \u2122, funciona con combustible l\u00edquido Coleman\u00ae o gasolina sin plomo.<br \/>\nDuraci\u00f3n en funcionamiento continuo de hasta 7 horas en modo alto utilizando un tanque de combustible.<br \/>\nIluminaci\u00f3n de dos mantillas.<br \/>\n1 gal\u00f3n de combustible l\u00edquido Coleman es equivalente a 4.5 cilindros propanos de Coleman.<\/p>\n","protected":false},"featured_media":665,"comment_status":"closed","ping_status":"closed","template":"","meta":{"_joinchat":[]},"store":[],"product_cat":[153,152],"product_tag":[51,163],"class_list":{"0":"post-663","1":"product","2":"type-product","3":"status-publish","4":"has-post-thumbnail","6":"product_cat-coleman-lamparas-y-linternas","7":"product_cat-lamparas-y-linternas","8":"product_tag-coleman","9":"product_tag-lampara","11":"first","12":"instock","13":"shipping-taxable","14":"purchasable","15":"product-type-simple"},"yoast_head":"<!-- This site is optimized with the Yoast SEO plugin v23.5 - https:\/\/yoast.com\/wordpress\/plugins\/seo\/ -->\n<title>LINTERNA DE DUAL FUEL DE DOS MANTILLAS -<\/title>\n<meta name=\"robots\" content=\"index, follow, max-snippet:-1, max-image-preview:large, max-video-preview:-1\" \/>\n<link rel=\"canonical\" href=\"https:\/\/proveedoracomercial.com\/clientes\/producto\/linterna-de-dual-fuel-de-dos-mantillas\/\" \/>\n<meta property=\"og:locale\" content=\"es_MX\" \/>\n<meta property=\"og:type\" content=\"article\" \/>\n<meta property=\"og:title\" content=\"LINTERNA DE DUAL FUEL DE DOS MANTILLAS -\" \/>\n<meta property=\"og:description\" content=\"Extra luminoso de 861 l\u00famenes. El brillo ajustable le proporciona un control preciso para una iluminaci\u00f3n exterior perfecta. Dise\u00f1o de combustible All-Season Strong \u2122 para una luz incre\u00edble en malas condiciones. Energ\u00eda Dual Fuel \u2122, funciona con combustible l\u00edquido Coleman\u00ae o gasolina sin plomo. Duraci\u00f3n en funcionamiento continuo de hasta 7 horas en modo alto utilizando un tanque de combustible. Iluminaci\u00f3n de dos mantillas. 1 gal\u00f3n de combustible l\u00edquido Coleman es equivalente a 4.5 cilindros propanos de Coleman.\" \/>\n<meta property=\"og:url\" content=\"https:\/\/proveedoracomercial.com\/clientes\/producto\/linterna-de-dual-fuel-de-dos-mantillas\/\" \/>\n<meta property=\"og:image\" content=\"https:\/\/proveedoracomercial.com\/clientes\/wp-content\/uploads\/sites\/4\/2024\/06\/linterna-combustible-dual-coleman.png\" \/>\n\t<meta property=\"og:image:width\" content=\"287\" \/>\n\t<meta property=\"og:image:height\" content=\"530\" \/>\n\t<meta property=\"og:image:type\" content=\"image\/png\" \/>\n<meta name=\"twitter:card\" content=\"summary_large_image\" \/>\n<script type=\"application\/ld+json\" class=\"yoast-schema-graph\">{\"@context\":\"https:\/\/schema.org\",\"@graph\":[{\"@type\":\"WebPage\",\"@id\":\"https:\/\/proveedoracomercial.com\/clientes\/producto\/linterna-de-dual-fuel-de-dos-mantillas\/\",\"url\":\"https:\/\/proveedoracomercial.com\/clientes\/producto\/linterna-de-dual-fuel-de-dos-mantillas\/\",\"name\":\"LINTERNA DE DUAL FUEL DE DOS MANTILLAS -\",\"isPartOf\":{\"@id\":\"https:\/\/proveedoracomercial.com\/clientes\/#website\"},\"primaryImageOfPage\":{\"@id\":\"https:\/\/proveedoracomercial.com\/clientes\/producto\/linterna-de-dual-fuel-de-dos-mantillas\/#primaryimage\"},\"image\":{\"@id\":\"https:\/\/proveedoracomercial.com\/clientes\/producto\/linterna-de-dual-fuel-de-dos-mantillas\/#primaryimage\"},\"thumbnailUrl\":\"https:\/\/proveedoracomercial.com\/clientes\/wp-content\/uploads\/sites\/4\/2024\/06\/linterna-combustible-dual-coleman.png\",\"datePublished\":\"2024-03-20T04:57:38+00:00\",\"dateModified\":\"2024-03-20T04:57:38+00:00\",\"breadcrumb\":{\"@id\":\"https:\/\/proveedoracomercial.com\/clientes\/producto\/linterna-de-dual-fuel-de-dos-mantillas\/#breadcrumb\"},\"inLanguage\":\"es\",\"potentialAction\":[{\"@type\":\"ReadAction\",\"target\":[\"https:\/\/proveedoracomercial.com\/clientes\/producto\/linterna-de-dual-fuel-de-dos-mantillas\/\"]}]},{\"@type\":\"ImageObject\",\"inLanguage\":\"es\",\"@id\":\"https:\/\/proveedoracomercial.com\/clientes\/producto\/linterna-de-dual-fuel-de-dos-mantillas\/#primaryimage\",\"url\":\"https:\/\/proveedoracomercial.com\/clientes\/wp-content\/uploads\/sites\/4\/2024\/06\/linterna-combustible-dual-coleman.png\",\"contentUrl\":\"https:\/\/proveedoracomercial.com\/clientes\/wp-content\/uploads\/sites\/4\/2024\/06\/linterna-combustible-dual-coleman.png\",\"width\":287,\"height\":530},{\"@type\":\"BreadcrumbList\",\"@id\":\"https:\/\/proveedoracomercial.com\/clientes\/producto\/linterna-de-dual-fuel-de-dos-mantillas\/#breadcrumb\",\"itemListElement\":[{\"@type\":\"ListItem\",\"position\":1,\"name\":\"Portada\",\"item\":\"https:\/\/proveedoracomercial.com\/clientes\/\"},{\"@type\":\"ListItem\",\"position\":2,\"name\":\"Tienda\",\"item\":\"https:\/\/proveedoracomercial.com\/clientes\/tienda\/\"},{\"@type\":\"ListItem\",\"position\":3,\"name\":\"LINTERNA DE DUAL FUEL DE DOS MANTILLAS\"}]},{\"@type\":\"WebSite\",\"@id\":\"https:\/\/proveedoracomercial.com\/clientes\/#website\",\"url\":\"https:\/\/proveedoracomercial.com\/clientes\/\",\"name\":\"\",\"description\":\"\",\"potentialAction\":[{\"@type\":\"SearchAction\",\"target\":{\"@type\":\"EntryPoint\",\"urlTemplate\":\"https:\/\/proveedoracomercial.com\/clientes\/?s={search_term_string}\"},\"query-input\":{\"@type\":\"PropertyValueSpecification\",\"valueRequired\":true,\"valueName\":\"search_term_string\"}}],\"inLanguage\":\"es\"}]}<\/script>\n<!-- \/ Yoast SEO plugin. -->","yoast_head_json":{"title":"LINTERNA DE DUAL FUEL DE DOS MANTILLAS -","robots":{"index":"index","follow":"follow","max-snippet":"max-snippet:-1","max-image-preview":"max-image-preview:large","max-video-preview":"max-video-preview:-1"},"canonical":"https:\/\/proveedoracomercial.com\/clientes\/producto\/linterna-de-dual-fuel-de-dos-mantillas\/","og_locale":"es_MX","og_type":"article","og_title":"LINTERNA DE DUAL FUEL DE DOS MANTILLAS -","og_description":"Extra luminoso de 861 l\u00famenes. El brillo ajustable le proporciona un control preciso para una iluminaci\u00f3n exterior perfecta. Dise\u00f1o de combustible All-Season Strong \u2122 para una luz incre\u00edble en malas condiciones. Energ\u00eda Dual Fuel \u2122, funciona con combustible l\u00edquido Coleman\u00ae o gasolina sin plomo. Duraci\u00f3n en funcionamiento continuo de hasta 7 horas en modo alto utilizando un tanque de combustible. Iluminaci\u00f3n de dos mantillas. 1 gal\u00f3n de combustible l\u00edquido Coleman es equivalente a 4.5 cilindros propanos de Coleman.","og_url":"https:\/\/proveedoracomercial.com\/clientes\/producto\/linterna-de-dual-fuel-de-dos-mantillas\/","og_image":[{"width":287,"height":530,"url":"https:\/\/proveedoracomercial.com\/clientes\/wp-content\/uploads\/sites\/4\/2024\/06\/linterna-combustible-dual-coleman.png","type":"image\/png"}],"twitter_card":"summary_large_image","schema":{"@context":"https:\/\/schema.org","@graph":[{"@type":"WebPage","@id":"https:\/\/proveedoracomercial.com\/clientes\/producto\/linterna-de-dual-fuel-de-dos-mantillas\/","url":"https:\/\/proveedoracomercial.com\/clientes\/producto\/linterna-de-dual-fuel-de-dos-mantillas\/","name":"LINTERNA DE DUAL FUEL DE DOS MANTILLAS -","isPartOf":{"@id":"https:\/\/proveedoracomercial.com\/clientes\/#website"},"primaryImageOfPage":{"@id":"https:\/\/proveedoracomercial.com\/clientes\/producto\/linterna-de-dual-fuel-de-dos-mantillas\/#primaryimage"},"image":{"@id":"https:\/\/proveedoracomercial.com\/clientes\/producto\/linterna-de-dual-fuel-de-dos-mantillas\/#primaryimage"},"thumbnailUrl":"https:\/\/proveedoracomercial.com\/clientes\/wp-content\/uploads\/sites\/4\/2024\/06\/linterna-combustible-dual-coleman.png","datePublished":"2024-03-20T04:57:38+00:00","dateModified":"2024-03-20T04:57:38+00:00","breadcrumb":{"@id":"https:\/\/proveedoracomercial.com\/clientes\/producto\/linterna-de-dual-fuel-de-dos-mantillas\/#breadcrumb"},"inLanguage":"es","potentialAction":[{"@type":"ReadAction","target":["https:\/\/proveedoracomercial.com\/clientes\/producto\/linterna-de-dual-fuel-de-dos-mantillas\/"]}]},{"@type":"ImageObject","inLanguage":"es","@id":"https:\/\/proveedoracomercial.com\/clientes\/producto\/linterna-de-dual-fuel-de-dos-mantillas\/#primaryimage","url":"https:\/\/proveedoracomercial.com\/clientes\/wp-content\/uploads\/sites\/4\/2024\/06\/linterna-combustible-dual-coleman.png","contentUrl":"https:\/\/proveedoracomercial.com\/clientes\/wp-content\/uploads\/sites\/4\/2024\/06\/linterna-combustible-dual-coleman.png","width":287,"height":530},{"@type":"BreadcrumbList","@id":"https:\/\/proveedoracomercial.com\/clientes\/producto\/linterna-de-dual-fuel-de-dos-mantillas\/#breadcrumb","itemListElement":[{"@type":"ListItem","position":1,"name":"Portada","item":"https:\/\/proveedoracomercial.com\/clientes\/"},{"@type":"ListItem","position":2,"name":"Tienda","item":"https:\/\/proveedoracomercial.com\/clientes\/tienda\/"},{"@type":"ListItem","position":3,"name":"LINTERNA DE DUAL FUEL DE DOS MANTILLAS"}]},{"@type":"WebSite","@id":"https:\/\/proveedoracomercial.com\/clientes\/#website","url":"https:\/\/proveedoracomercial.com\/clientes\/","name":"","description":"","potentialAction":[{"@type":"SearchAction","target":{"@type":"EntryPoint","urlTemplate":"https:\/\/proveedoracomercial.com\/clientes\/?s={search_term_string}"},"query-input":{"@type":"PropertyValueSpecification","valueRequired":true,"valueName":"search_term_string"}}],"inLanguage":"es"}]}},"_links":{"self":[{"href":"https:\/\/proveedoracomercial.com\/clientes\/wp-json\/wp\/v2\/product\/663","targetHints":{"allow":["GET"]}}],"collection":[{"href":"https:\/\/proveedoracomercial.com\/clientes\/wp-json\/wp\/v2\/product"}],"about":[{"href":"https:\/\/proveedoracomercial.com\/clientes\/wp-json\/wp\/v2\/types\/product"}],"replies":[{"embeddable":true,"href":"https:\/\/proveedoracomercial.com\/clientes\/wp-json\/wp\/v2\/comments?post=663"}],"wp:featuredmedia":[{"embeddable":true,"href":"https:\/\/proveedoracomercial.com\/clientes\/wp-json\/wp\/v2\/media\/665"}],"wp:attachment":[{"href":"https:\/\/proveedoracomercial.com\/clientes\/wp-json\/wp\/v2\/media?parent=663"}],"wp:term":[{"taxonomy":"store","embeddable":true,"href":"https:\/\/proveedoracomercial.com\/clientes\/wp-json\/wp\/v2\/store?post=663"},{"taxonomy":"product_cat","embeddable":true,"href":"https:\/\/proveedoracomercial.com\/clientes\/wp-json\/wp\/v2\/product_cat?post=663"},{"taxonomy":"product_tag","embeddable":true,"href":"https:\/\/proveedoracomercial.com\/clientes\/wp-json\/wp\/v2\/product_tag?post=663"}],"curies":[{"name":"wp","href":"https:\/\/api.w.org\/{rel}","templated":true}]}}