{"id":651,"date":"2024-03-20T04:57:39","date_gmt":"2024-03-20T04:57:39","guid":{"rendered":"https:\/\/proveedoracomercial.com\/clientes\/producto\/linterna-2d-led-flashlight\/"},"modified":"2024-03-20T04:57:39","modified_gmt":"2024-03-20T04:57:39","slug":"linterna-2d-led-flashlight","status":"publish","type":"product","link":"https:\/\/proveedoracomercial.com\/clientes\/producto\/linterna-2d-led-flashlight\/","title":{"rendered":"LINTERNA 2D LED FLASHLIGHT"},"content":{"rendered":"","protected":false},"excerpt":{"rendered":"<p>LED Blanco.<br \/>\n2 posiciones, bot\u00f3n de encendido y bot\u00f3n de apagado.<br \/>\nFunciona con 2 pilas tipo D.<br \/>\nIncluye primer carga de bater\u00edas.<br \/>\nPara cambiar las bater\u00edas no necesitas herramienta.<br \/>\nEl foco LED no tendr\u00e1s que reemplazarlo.<br \/>\nMango de goma duradera que permite un mejor agarre.<\/p>\n","protected":false},"featured_media":652,"comment_status":"closed","ping_status":"closed","template":"","meta":{"_joinchat":[]},"store":[],"product_cat":[153,152],"product_tag":[],"class_list":{"0":"post-651","1":"product","2":"type-product","3":"status-publish","4":"has-post-thumbnail","6":"product_cat-coleman-lamparas-y-linternas","7":"product_cat-lamparas-y-linternas","9":"first","10":"instock","11":"shipping-taxable","12":"purchasable","13":"product-type-simple"},"yoast_head":"<!-- This site is optimized with the Yoast SEO plugin v23.5 - https:\/\/yoast.com\/wordpress\/plugins\/seo\/ -->\n<title>LINTERNA 2D LED FLASHLIGHT -<\/title>\n<meta name=\"robots\" content=\"index, follow, max-snippet:-1, max-image-preview:large, max-video-preview:-1\" \/>\n<link rel=\"canonical\" href=\"https:\/\/proveedoracomercial.com\/clientes\/producto\/linterna-2d-led-flashlight\/\" \/>\n<meta property=\"og:locale\" content=\"es_MX\" \/>\n<meta property=\"og:type\" content=\"article\" \/>\n<meta property=\"og:title\" content=\"LINTERNA 2D LED FLASHLIGHT -\" \/>\n<meta property=\"og:description\" content=\"LED Blanco. 2 posiciones, bot\u00f3n de encendido y bot\u00f3n de apagado. Funciona con 2 pilas tipo D. Incluye primer carga de bater\u00edas. Para cambiar las bater\u00edas no necesitas herramienta. El foco LED no tendr\u00e1s que reemplazarlo. Mango de goma duradera que permite un mejor agarre.\" \/>\n<meta property=\"og:url\" content=\"https:\/\/proveedoracomercial.com\/clientes\/producto\/linterna-2d-led-flashlight\/\" \/>\n<meta property=\"og:image\" content=\"https:\/\/proveedoracomercial.com\/clientes\/wp-content\/uploads\/sites\/4\/2024\/06\/linterna-multicolor-led.png\" \/>\n\t<meta property=\"og:image:width\" content=\"508\" \/>\n\t<meta property=\"og:image:height\" content=\"189\" \/>\n\t<meta property=\"og:image:type\" content=\"image\/png\" \/>\n<meta name=\"twitter:card\" content=\"summary_large_image\" \/>\n<script type=\"application\/ld+json\" class=\"yoast-schema-graph\">{\"@context\":\"https:\/\/schema.org\",\"@graph\":[{\"@type\":\"WebPage\",\"@id\":\"https:\/\/proveedoracomercial.com\/clientes\/producto\/linterna-2d-led-flashlight\/\",\"url\":\"https:\/\/proveedoracomercial.com\/clientes\/producto\/linterna-2d-led-flashlight\/\",\"name\":\"LINTERNA 2D LED FLASHLIGHT -\",\"isPartOf\":{\"@id\":\"https:\/\/proveedoracomercial.com\/clientes\/#website\"},\"primaryImageOfPage\":{\"@id\":\"https:\/\/proveedoracomercial.com\/clientes\/producto\/linterna-2d-led-flashlight\/#primaryimage\"},\"image\":{\"@id\":\"https:\/\/proveedoracomercial.com\/clientes\/producto\/linterna-2d-led-flashlight\/#primaryimage\"},\"thumbnailUrl\":\"https:\/\/proveedoracomercial.com\/clientes\/wp-content\/uploads\/sites\/4\/2024\/06\/linterna-multicolor-led.png\",\"datePublished\":\"2024-03-20T04:57:39+00:00\",\"dateModified\":\"2024-03-20T04:57:39+00:00\",\"breadcrumb\":{\"@id\":\"https:\/\/proveedoracomercial.com\/clientes\/producto\/linterna-2d-led-flashlight\/#breadcrumb\"},\"inLanguage\":\"es\",\"potentialAction\":[{\"@type\":\"ReadAction\",\"target\":[\"https:\/\/proveedoracomercial.com\/clientes\/producto\/linterna-2d-led-flashlight\/\"]}]},{\"@type\":\"ImageObject\",\"inLanguage\":\"es\",\"@id\":\"https:\/\/proveedoracomercial.com\/clientes\/producto\/linterna-2d-led-flashlight\/#primaryimage\",\"url\":\"https:\/\/proveedoracomercial.com\/clientes\/wp-content\/uploads\/sites\/4\/2024\/06\/linterna-multicolor-led.png\",\"contentUrl\":\"https:\/\/proveedoracomercial.com\/clientes\/wp-content\/uploads\/sites\/4\/2024\/06\/linterna-multicolor-led.png\",\"width\":508,\"height\":189},{\"@type\":\"BreadcrumbList\",\"@id\":\"https:\/\/proveedoracomercial.com\/clientes\/producto\/linterna-2d-led-flashlight\/#breadcrumb\",\"itemListElement\":[{\"@type\":\"ListItem\",\"position\":1,\"name\":\"Portada\",\"item\":\"https:\/\/proveedoracomercial.com\/clientes\/\"},{\"@type\":\"ListItem\",\"position\":2,\"name\":\"Tienda\",\"item\":\"https:\/\/proveedoracomercial.com\/clientes\/tienda\/\"},{\"@type\":\"ListItem\",\"position\":3,\"name\":\"LINTERNA 2D LED FLASHLIGHT\"}]},{\"@type\":\"WebSite\",\"@id\":\"https:\/\/proveedoracomercial.com\/clientes\/#website\",\"url\":\"https:\/\/proveedoracomercial.com\/clientes\/\",\"name\":\"\",\"description\":\"\",\"potentialAction\":[{\"@type\":\"SearchAction\",\"target\":{\"@type\":\"EntryPoint\",\"urlTemplate\":\"https:\/\/proveedoracomercial.com\/clientes\/?s={search_term_string}\"},\"query-input\":{\"@type\":\"PropertyValueSpecification\",\"valueRequired\":true,\"valueName\":\"search_term_string\"}}],\"inLanguage\":\"es\"}]}<\/script>\n<!-- \/ Yoast SEO plugin. -->","yoast_head_json":{"title":"LINTERNA 2D LED FLASHLIGHT -","robots":{"index":"index","follow":"follow","max-snippet":"max-snippet:-1","max-image-preview":"max-image-preview:large","max-video-preview":"max-video-preview:-1"},"canonical":"https:\/\/proveedoracomercial.com\/clientes\/producto\/linterna-2d-led-flashlight\/","og_locale":"es_MX","og_type":"article","og_title":"LINTERNA 2D LED FLASHLIGHT -","og_description":"LED Blanco. 2 posiciones, bot\u00f3n de encendido y bot\u00f3n de apagado. Funciona con 2 pilas tipo D. Incluye primer carga de bater\u00edas. Para cambiar las bater\u00edas no necesitas herramienta. El foco LED no tendr\u00e1s que reemplazarlo. Mango de goma duradera que permite un mejor agarre.","og_url":"https:\/\/proveedoracomercial.com\/clientes\/producto\/linterna-2d-led-flashlight\/","og_image":[{"width":508,"height":189,"url":"https:\/\/proveedoracomercial.com\/clientes\/wp-content\/uploads\/sites\/4\/2024\/06\/linterna-multicolor-led.png","type":"image\/png"}],"twitter_card":"summary_large_image","schema":{"@context":"https:\/\/schema.org","@graph":[{"@type":"WebPage","@id":"https:\/\/proveedoracomercial.com\/clientes\/producto\/linterna-2d-led-flashlight\/","url":"https:\/\/proveedoracomercial.com\/clientes\/producto\/linterna-2d-led-flashlight\/","name":"LINTERNA 2D LED FLASHLIGHT -","isPartOf":{"@id":"https:\/\/proveedoracomercial.com\/clientes\/#website"},"primaryImageOfPage":{"@id":"https:\/\/proveedoracomercial.com\/clientes\/producto\/linterna-2d-led-flashlight\/#primaryimage"},"image":{"@id":"https:\/\/proveedoracomercial.com\/clientes\/producto\/linterna-2d-led-flashlight\/#primaryimage"},"thumbnailUrl":"https:\/\/proveedoracomercial.com\/clientes\/wp-content\/uploads\/sites\/4\/2024\/06\/linterna-multicolor-led.png","datePublished":"2024-03-20T04:57:39+00:00","dateModified":"2024-03-20T04:57:39+00:00","breadcrumb":{"@id":"https:\/\/proveedoracomercial.com\/clientes\/producto\/linterna-2d-led-flashlight\/#breadcrumb"},"inLanguage":"es","potentialAction":[{"@type":"ReadAction","target":["https:\/\/proveedoracomercial.com\/clientes\/producto\/linterna-2d-led-flashlight\/"]}]},{"@type":"ImageObject","inLanguage":"es","@id":"https:\/\/proveedoracomercial.com\/clientes\/producto\/linterna-2d-led-flashlight\/#primaryimage","url":"https:\/\/proveedoracomercial.com\/clientes\/wp-content\/uploads\/sites\/4\/2024\/06\/linterna-multicolor-led.png","contentUrl":"https:\/\/proveedoracomercial.com\/clientes\/wp-content\/uploads\/sites\/4\/2024\/06\/linterna-multicolor-led.png","width":508,"height":189},{"@type":"BreadcrumbList","@id":"https:\/\/proveedoracomercial.com\/clientes\/producto\/linterna-2d-led-flashlight\/#breadcrumb","itemListElement":[{"@type":"ListItem","position":1,"name":"Portada","item":"https:\/\/proveedoracomercial.com\/clientes\/"},{"@type":"ListItem","position":2,"name":"Tienda","item":"https:\/\/proveedoracomercial.com\/clientes\/tienda\/"},{"@type":"ListItem","position":3,"name":"LINTERNA 2D LED FLASHLIGHT"}]},{"@type":"WebSite","@id":"https:\/\/proveedoracomercial.com\/clientes\/#website","url":"https:\/\/proveedoracomercial.com\/clientes\/","name":"","description":"","potentialAction":[{"@type":"SearchAction","target":{"@type":"EntryPoint","urlTemplate":"https:\/\/proveedoracomercial.com\/clientes\/?s={search_term_string}"},"query-input":{"@type":"PropertyValueSpecification","valueRequired":true,"valueName":"search_term_string"}}],"inLanguage":"es"}]}},"_links":{"self":[{"href":"https:\/\/proveedoracomercial.com\/clientes\/wp-json\/wp\/v2\/product\/651","targetHints":{"allow":["GET"]}}],"collection":[{"href":"https:\/\/proveedoracomercial.com\/clientes\/wp-json\/wp\/v2\/product"}],"about":[{"href":"https:\/\/proveedoracomercial.com\/clientes\/wp-json\/wp\/v2\/types\/product"}],"replies":[{"embeddable":true,"href":"https:\/\/proveedoracomercial.com\/clientes\/wp-json\/wp\/v2\/comments?post=651"}],"wp:featuredmedia":[{"embeddable":true,"href":"https:\/\/proveedoracomercial.com\/clientes\/wp-json\/wp\/v2\/media\/652"}],"wp:attachment":[{"href":"https:\/\/proveedoracomercial.com\/clientes\/wp-json\/wp\/v2\/media?parent=651"}],"wp:term":[{"taxonomy":"store","embeddable":true,"href":"https:\/\/proveedoracomercial.com\/clientes\/wp-json\/wp\/v2\/store?post=651"},{"taxonomy":"product_cat","embeddable":true,"href":"https:\/\/proveedoracomercial.com\/clientes\/wp-json\/wp\/v2\/product_cat?post=651"},{"taxonomy":"product_tag","embeddable":true,"href":"https:\/\/proveedoracomercial.com\/clientes\/wp-json\/wp\/v2\/product_tag?post=651"}],"curies":[{"name":"wp","href":"https:\/\/api.w.org\/{rel}","templated":true}]}}