{"id":637,"date":"2024-03-20T04:58:00","date_gmt":"2024-03-20T04:58:00","guid":{"rendered":"https:\/\/proveedoracomercial.com\/clientes\/producto\/mochila-coleman-latam-llaima-40lt\/"},"modified":"2024-03-20T04:58:00","modified_gmt":"2024-03-20T04:58:00","slug":"mochila-coleman-latam-llaima-40lt","status":"publish","type":"product","link":"https:\/\/proveedoracomercial.com\/clientes\/producto\/mochila-coleman-latam-llaima-40lt\/","title":{"rendered":"MOCHILA COLEMAN LATAM LLAIMA 40LT"},"content":{"rendered":"","protected":false},"excerpt":{"rendered":"<p>Capacidad: 40 Litros.<br \/>\nColor: Negra y Azul<br \/>\nEstructura interna de aluminio para mayor soporte y estabilidad.<br \/>\nCompatible con sistemas de hidrataci\u00f3n y puerto de acceso para la bolsa de hidrataci\u00f3n (se compra por separado).<br \/>\nIncluye cobertor impermeable para que no se moje la mochila.<br \/>\nCorreas y almohadillas en espalda y caderas respirables y anat\u00f3micas.<br \/>\nCorreas para hombros y cintur\u00f3n de caderas ajustables para mayor comodidad.<br \/>\nCorreas de compresi\u00f3n y correas de estern\u00f3n ajustables.<br \/>\nBolsillo con cierre frontal y bolsillos laterales de malla mesh para accesorios y equipamiento.<br \/>\nMaterial Poli\u00e9ster Dobby 420D y Diamond Ripstop 420D.<\/p>\n","protected":false},"featured_media":639,"comment_status":"closed","ping_status":"closed","template":"","meta":{"_joinchat":[]},"store":[],"product_cat":[214,213],"product_tag":[],"class_list":{"0":"post-637","1":"product","2":"type-product","3":"status-publish","4":"has-post-thumbnail","6":"product_cat-coleman-mochilas","7":"product_cat-mochilas","9":"first","10":"instock","11":"shipping-taxable","12":"purchasable","13":"product-type-simple"},"yoast_head":"<!-- This site is optimized with the Yoast SEO plugin v23.5 - https:\/\/yoast.com\/wordpress\/plugins\/seo\/ -->\n<title>MOCHILA COLEMAN LATAM LLAIMA 40LT -<\/title>\n<meta name=\"robots\" content=\"index, follow, max-snippet:-1, max-image-preview:large, max-video-preview:-1\" \/>\n<link rel=\"canonical\" href=\"https:\/\/proveedoracomercial.com\/clientes\/producto\/mochila-coleman-latam-llaima-40lt\/\" \/>\n<meta property=\"og:locale\" content=\"es_MX\" \/>\n<meta property=\"og:type\" content=\"article\" \/>\n<meta property=\"og:title\" content=\"MOCHILA COLEMAN LATAM LLAIMA 40LT -\" \/>\n<meta property=\"og:description\" content=\"Capacidad: 40 Litros. Color: Negra y Azul Estructura interna de aluminio para mayor soporte y estabilidad. Compatible con sistemas de hidrataci\u00f3n y puerto de acceso para la bolsa de hidrataci\u00f3n (se compra por separado). Incluye cobertor impermeable para que no se moje la mochila. Correas y almohadillas en espalda y caderas respirables y anat\u00f3micas. Correas para hombros y cintur\u00f3n de caderas ajustables para mayor comodidad. Correas de compresi\u00f3n y correas de estern\u00f3n ajustables. Bolsillo con cierre frontal y bolsillos laterales de malla mesh para accesorios y equipamiento. Material Poli\u00e9ster Dobby 420D y Diamond Ripstop 420D.\" \/>\n<meta property=\"og:url\" content=\"https:\/\/proveedoracomercial.com\/clientes\/producto\/mochila-coleman-latam-llaima-40lt\/\" \/>\n<meta property=\"og:image\" content=\"https:\/\/proveedoracomercial.com\/clientes\/wp-content\/uploads\/sites\/4\/2024\/06\/backpack-latam.png\" \/>\n\t<meta property=\"og:image:width\" content=\"240\" \/>\n\t<meta property=\"og:image:height\" content=\"344\" \/>\n\t<meta property=\"og:image:type\" content=\"image\/png\" \/>\n<meta name=\"twitter:card\" content=\"summary_large_image\" \/>\n<script type=\"application\/ld+json\" class=\"yoast-schema-graph\">{\"@context\":\"https:\/\/schema.org\",\"@graph\":[{\"@type\":\"WebPage\",\"@id\":\"https:\/\/proveedoracomercial.com\/clientes\/producto\/mochila-coleman-latam-llaima-40lt\/\",\"url\":\"https:\/\/proveedoracomercial.com\/clientes\/producto\/mochila-coleman-latam-llaima-40lt\/\",\"name\":\"MOCHILA COLEMAN LATAM LLAIMA 40LT -\",\"isPartOf\":{\"@id\":\"https:\/\/proveedoracomercial.com\/clientes\/#website\"},\"primaryImageOfPage\":{\"@id\":\"https:\/\/proveedoracomercial.com\/clientes\/producto\/mochila-coleman-latam-llaima-40lt\/#primaryimage\"},\"image\":{\"@id\":\"https:\/\/proveedoracomercial.com\/clientes\/producto\/mochila-coleman-latam-llaima-40lt\/#primaryimage\"},\"thumbnailUrl\":\"https:\/\/proveedoracomercial.com\/clientes\/wp-content\/uploads\/sites\/4\/2024\/06\/backpack-latam.png\",\"datePublished\":\"2024-03-20T04:58:00+00:00\",\"dateModified\":\"2024-03-20T04:58:00+00:00\",\"breadcrumb\":{\"@id\":\"https:\/\/proveedoracomercial.com\/clientes\/producto\/mochila-coleman-latam-llaima-40lt\/#breadcrumb\"},\"inLanguage\":\"es\",\"potentialAction\":[{\"@type\":\"ReadAction\",\"target\":[\"https:\/\/proveedoracomercial.com\/clientes\/producto\/mochila-coleman-latam-llaima-40lt\/\"]}]},{\"@type\":\"ImageObject\",\"inLanguage\":\"es\",\"@id\":\"https:\/\/proveedoracomercial.com\/clientes\/producto\/mochila-coleman-latam-llaima-40lt\/#primaryimage\",\"url\":\"https:\/\/proveedoracomercial.com\/clientes\/wp-content\/uploads\/sites\/4\/2024\/06\/backpack-latam.png\",\"contentUrl\":\"https:\/\/proveedoracomercial.com\/clientes\/wp-content\/uploads\/sites\/4\/2024\/06\/backpack-latam.png\",\"width\":240,\"height\":344},{\"@type\":\"BreadcrumbList\",\"@id\":\"https:\/\/proveedoracomercial.com\/clientes\/producto\/mochila-coleman-latam-llaima-40lt\/#breadcrumb\",\"itemListElement\":[{\"@type\":\"ListItem\",\"position\":1,\"name\":\"Portada\",\"item\":\"https:\/\/proveedoracomercial.com\/clientes\/\"},{\"@type\":\"ListItem\",\"position\":2,\"name\":\"Tienda\",\"item\":\"https:\/\/proveedoracomercial.com\/clientes\/tienda\/\"},{\"@type\":\"ListItem\",\"position\":3,\"name\":\"MOCHILA COLEMAN LATAM LLAIMA 40LT\"}]},{\"@type\":\"WebSite\",\"@id\":\"https:\/\/proveedoracomercial.com\/clientes\/#website\",\"url\":\"https:\/\/proveedoracomercial.com\/clientes\/\",\"name\":\"\",\"description\":\"\",\"potentialAction\":[{\"@type\":\"SearchAction\",\"target\":{\"@type\":\"EntryPoint\",\"urlTemplate\":\"https:\/\/proveedoracomercial.com\/clientes\/?s={search_term_string}\"},\"query-input\":{\"@type\":\"PropertyValueSpecification\",\"valueRequired\":true,\"valueName\":\"search_term_string\"}}],\"inLanguage\":\"es\"}]}<\/script>\n<!-- \/ Yoast SEO plugin. -->","yoast_head_json":{"title":"MOCHILA COLEMAN LATAM LLAIMA 40LT -","robots":{"index":"index","follow":"follow","max-snippet":"max-snippet:-1","max-image-preview":"max-image-preview:large","max-video-preview":"max-video-preview:-1"},"canonical":"https:\/\/proveedoracomercial.com\/clientes\/producto\/mochila-coleman-latam-llaima-40lt\/","og_locale":"es_MX","og_type":"article","og_title":"MOCHILA COLEMAN LATAM LLAIMA 40LT -","og_description":"Capacidad: 40 Litros. Color: Negra y Azul Estructura interna de aluminio para mayor soporte y estabilidad. Compatible con sistemas de hidrataci\u00f3n y puerto de acceso para la bolsa de hidrataci\u00f3n (se compra por separado). Incluye cobertor impermeable para que no se moje la mochila. Correas y almohadillas en espalda y caderas respirables y anat\u00f3micas. Correas para hombros y cintur\u00f3n de caderas ajustables para mayor comodidad. Correas de compresi\u00f3n y correas de estern\u00f3n ajustables. Bolsillo con cierre frontal y bolsillos laterales de malla mesh para accesorios y equipamiento. Material Poli\u00e9ster Dobby 420D y Diamond Ripstop 420D.","og_url":"https:\/\/proveedoracomercial.com\/clientes\/producto\/mochila-coleman-latam-llaima-40lt\/","og_image":[{"width":240,"height":344,"url":"https:\/\/proveedoracomercial.com\/clientes\/wp-content\/uploads\/sites\/4\/2024\/06\/backpack-latam.png","type":"image\/png"}],"twitter_card":"summary_large_image","schema":{"@context":"https:\/\/schema.org","@graph":[{"@type":"WebPage","@id":"https:\/\/proveedoracomercial.com\/clientes\/producto\/mochila-coleman-latam-llaima-40lt\/","url":"https:\/\/proveedoracomercial.com\/clientes\/producto\/mochila-coleman-latam-llaima-40lt\/","name":"MOCHILA COLEMAN LATAM LLAIMA 40LT -","isPartOf":{"@id":"https:\/\/proveedoracomercial.com\/clientes\/#website"},"primaryImageOfPage":{"@id":"https:\/\/proveedoracomercial.com\/clientes\/producto\/mochila-coleman-latam-llaima-40lt\/#primaryimage"},"image":{"@id":"https:\/\/proveedoracomercial.com\/clientes\/producto\/mochila-coleman-latam-llaima-40lt\/#primaryimage"},"thumbnailUrl":"https:\/\/proveedoracomercial.com\/clientes\/wp-content\/uploads\/sites\/4\/2024\/06\/backpack-latam.png","datePublished":"2024-03-20T04:58:00+00:00","dateModified":"2024-03-20T04:58:00+00:00","breadcrumb":{"@id":"https:\/\/proveedoracomercial.com\/clientes\/producto\/mochila-coleman-latam-llaima-40lt\/#breadcrumb"},"inLanguage":"es","potentialAction":[{"@type":"ReadAction","target":["https:\/\/proveedoracomercial.com\/clientes\/producto\/mochila-coleman-latam-llaima-40lt\/"]}]},{"@type":"ImageObject","inLanguage":"es","@id":"https:\/\/proveedoracomercial.com\/clientes\/producto\/mochila-coleman-latam-llaima-40lt\/#primaryimage","url":"https:\/\/proveedoracomercial.com\/clientes\/wp-content\/uploads\/sites\/4\/2024\/06\/backpack-latam.png","contentUrl":"https:\/\/proveedoracomercial.com\/clientes\/wp-content\/uploads\/sites\/4\/2024\/06\/backpack-latam.png","width":240,"height":344},{"@type":"BreadcrumbList","@id":"https:\/\/proveedoracomercial.com\/clientes\/producto\/mochila-coleman-latam-llaima-40lt\/#breadcrumb","itemListElement":[{"@type":"ListItem","position":1,"name":"Portada","item":"https:\/\/proveedoracomercial.com\/clientes\/"},{"@type":"ListItem","position":2,"name":"Tienda","item":"https:\/\/proveedoracomercial.com\/clientes\/tienda\/"},{"@type":"ListItem","position":3,"name":"MOCHILA COLEMAN LATAM LLAIMA 40LT"}]},{"@type":"WebSite","@id":"https:\/\/proveedoracomercial.com\/clientes\/#website","url":"https:\/\/proveedoracomercial.com\/clientes\/","name":"","description":"","potentialAction":[{"@type":"SearchAction","target":{"@type":"EntryPoint","urlTemplate":"https:\/\/proveedoracomercial.com\/clientes\/?s={search_term_string}"},"query-input":{"@type":"PropertyValueSpecification","valueRequired":true,"valueName":"search_term_string"}}],"inLanguage":"es"}]}},"_links":{"self":[{"href":"https:\/\/proveedoracomercial.com\/clientes\/wp-json\/wp\/v2\/product\/637","targetHints":{"allow":["GET"]}}],"collection":[{"href":"https:\/\/proveedoracomercial.com\/clientes\/wp-json\/wp\/v2\/product"}],"about":[{"href":"https:\/\/proveedoracomercial.com\/clientes\/wp-json\/wp\/v2\/types\/product"}],"replies":[{"embeddable":true,"href":"https:\/\/proveedoracomercial.com\/clientes\/wp-json\/wp\/v2\/comments?post=637"}],"wp:featuredmedia":[{"embeddable":true,"href":"https:\/\/proveedoracomercial.com\/clientes\/wp-json\/wp\/v2\/media\/639"}],"wp:attachment":[{"href":"https:\/\/proveedoracomercial.com\/clientes\/wp-json\/wp\/v2\/media?parent=637"}],"wp:term":[{"taxonomy":"store","embeddable":true,"href":"https:\/\/proveedoracomercial.com\/clientes\/wp-json\/wp\/v2\/store?post=637"},{"taxonomy":"product_cat","embeddable":true,"href":"https:\/\/proveedoracomercial.com\/clientes\/wp-json\/wp\/v2\/product_cat?post=637"},{"taxonomy":"product_tag","embeddable":true,"href":"https:\/\/proveedoracomercial.com\/clientes\/wp-json\/wp\/v2\/product_tag?post=637"}],"curies":[{"name":"wp","href":"https:\/\/api.w.org\/{rel}","templated":true}]}}