{"id":606,"date":"2024-03-20T04:58:00","date_gmt":"2024-03-20T04:58:00","guid":{"rendered":"https:\/\/proveedoracomercial.com\/clientes\/producto\/combo-de-linterna-de-cuerda\/"},"modified":"2024-03-20T04:58:00","modified_gmt":"2024-03-20T04:58:00","slug":"combo-de-linterna-de-cuerda","status":"publish","type":"product","link":"https:\/\/proveedoracomercial.com\/clientes\/producto\/combo-de-linterna-de-cuerda\/","title":{"rendered":"COMBO DE LINTERNA DE CUERDA"},"content":{"rendered":"","protected":false},"excerpt":{"rendered":"<p>El LED brilla en un cono metalizado para esparcir luz.<br \/>\nRadio FM con controles de volumen Y Sintonizador.<br \/>\nManivela con mecanismo de caja de engranajes para mayor eficiencia de la dinamo .<br \/>\nInterruptor separado para encender \/ apagar la radio.<br \/>\nInterruptor de 3 posiciones Bajo \/ Apagado \/ Alto<br \/>\n1 minuto de manivela en 15 minutos de luz utilizable.<br \/>\nBater\u00edas recargables NiMH (4.8V, 600mAH).<br \/>\nFunciona con 2 bater\u00edas tipo AA (Incluye la primera carga).<br \/>\nConstrucci\u00f3n de la bater\u00eda resistente a la intemperie.<br \/>\nLas bater\u00edas se pueden cambiar sin necesidad de herramientas.<br \/>\nConstrucci\u00f3n del cuerpo de la linterna de aluminio con acabado anodizado.<br \/>\nEl foco LED jam\u00e1s tendr\u00e1 que ser reemplazado.<\/p>\n","protected":false},"featured_media":608,"comment_status":"closed","ping_status":"closed","template":"","meta":{"_joinchat":[]},"store":[],"product_cat":[153,152],"product_tag":[163],"class_list":{"0":"post-606","1":"product","2":"type-product","3":"status-publish","4":"has-post-thumbnail","6":"product_cat-coleman-lamparas-y-linternas","7":"product_cat-lamparas-y-linternas","8":"product_tag-lampara","10":"first","11":"instock","12":"shipping-taxable","13":"purchasable","14":"product-type-simple"},"yoast_head":"<!-- This site is optimized with the Yoast SEO plugin v23.5 - https:\/\/yoast.com\/wordpress\/plugins\/seo\/ -->\n<title>COMBO DE LINTERNA DE CUERDA -<\/title>\n<meta name=\"robots\" content=\"index, follow, max-snippet:-1, max-image-preview:large, max-video-preview:-1\" \/>\n<link rel=\"canonical\" href=\"https:\/\/proveedoracomercial.com\/clientes\/producto\/combo-de-linterna-de-cuerda\/\" \/>\n<meta property=\"og:locale\" content=\"es_MX\" \/>\n<meta property=\"og:type\" content=\"article\" \/>\n<meta property=\"og:title\" content=\"COMBO DE LINTERNA DE CUERDA -\" \/>\n<meta property=\"og:description\" content=\"El LED brilla en un cono metalizado para esparcir luz. Radio FM con controles de volumen Y Sintonizador. Manivela con mecanismo de caja de engranajes para mayor eficiencia de la dinamo . Interruptor separado para encender \/ apagar la radio. Interruptor de 3 posiciones Bajo \/ Apagado \/ Alto 1 minuto de manivela en 15 minutos de luz utilizable. Bater\u00edas recargables NiMH (4.8V, 600mAH). Funciona con 2 bater\u00edas tipo AA (Incluye la primera carga). Construcci\u00f3n de la bater\u00eda resistente a la intemperie. Las bater\u00edas se pueden cambiar sin necesidad de herramientas. Construcci\u00f3n del cuerpo de la linterna de aluminio con acabado anodizado. El foco LED jam\u00e1s tendr\u00e1 que ser reemplazado.\" \/>\n<meta property=\"og:url\" content=\"https:\/\/proveedoracomercial.com\/clientes\/producto\/combo-de-linterna-de-cuerda\/\" \/>\n<meta property=\"og:image\" content=\"https:\/\/proveedoracomercial.com\/clientes\/wp-content\/uploads\/sites\/4\/2024\/06\/linterna-de-cuerda-city-coleman-pca.png\" \/>\n\t<meta property=\"og:image:width\" content=\"267\" \/>\n\t<meta property=\"og:image:height\" content=\"464\" \/>\n\t<meta property=\"og:image:type\" content=\"image\/png\" \/>\n<meta name=\"twitter:card\" content=\"summary_large_image\" \/>\n<script type=\"application\/ld+json\" class=\"yoast-schema-graph\">{\"@context\":\"https:\/\/schema.org\",\"@graph\":[{\"@type\":\"WebPage\",\"@id\":\"https:\/\/proveedoracomercial.com\/clientes\/producto\/combo-de-linterna-de-cuerda\/\",\"url\":\"https:\/\/proveedoracomercial.com\/clientes\/producto\/combo-de-linterna-de-cuerda\/\",\"name\":\"COMBO DE LINTERNA DE CUERDA -\",\"isPartOf\":{\"@id\":\"https:\/\/proveedoracomercial.com\/clientes\/#website\"},\"primaryImageOfPage\":{\"@id\":\"https:\/\/proveedoracomercial.com\/clientes\/producto\/combo-de-linterna-de-cuerda\/#primaryimage\"},\"image\":{\"@id\":\"https:\/\/proveedoracomercial.com\/clientes\/producto\/combo-de-linterna-de-cuerda\/#primaryimage\"},\"thumbnailUrl\":\"https:\/\/proveedoracomercial.com\/clientes\/wp-content\/uploads\/sites\/4\/2024\/06\/linterna-de-cuerda-city-coleman-pca.png\",\"datePublished\":\"2024-03-20T04:58:00+00:00\",\"dateModified\":\"2024-03-20T04:58:00+00:00\",\"breadcrumb\":{\"@id\":\"https:\/\/proveedoracomercial.com\/clientes\/producto\/combo-de-linterna-de-cuerda\/#breadcrumb\"},\"inLanguage\":\"es\",\"potentialAction\":[{\"@type\":\"ReadAction\",\"target\":[\"https:\/\/proveedoracomercial.com\/clientes\/producto\/combo-de-linterna-de-cuerda\/\"]}]},{\"@type\":\"ImageObject\",\"inLanguage\":\"es\",\"@id\":\"https:\/\/proveedoracomercial.com\/clientes\/producto\/combo-de-linterna-de-cuerda\/#primaryimage\",\"url\":\"https:\/\/proveedoracomercial.com\/clientes\/wp-content\/uploads\/sites\/4\/2024\/06\/linterna-de-cuerda-city-coleman-pca.png\",\"contentUrl\":\"https:\/\/proveedoracomercial.com\/clientes\/wp-content\/uploads\/sites\/4\/2024\/06\/linterna-de-cuerda-city-coleman-pca.png\",\"width\":267,\"height\":464},{\"@type\":\"BreadcrumbList\",\"@id\":\"https:\/\/proveedoracomercial.com\/clientes\/producto\/combo-de-linterna-de-cuerda\/#breadcrumb\",\"itemListElement\":[{\"@type\":\"ListItem\",\"position\":1,\"name\":\"Portada\",\"item\":\"https:\/\/proveedoracomercial.com\/clientes\/\"},{\"@type\":\"ListItem\",\"position\":2,\"name\":\"Tienda\",\"item\":\"https:\/\/proveedoracomercial.com\/clientes\/tienda\/\"},{\"@type\":\"ListItem\",\"position\":3,\"name\":\"COMBO DE LINTERNA DE CUERDA\"}]},{\"@type\":\"WebSite\",\"@id\":\"https:\/\/proveedoracomercial.com\/clientes\/#website\",\"url\":\"https:\/\/proveedoracomercial.com\/clientes\/\",\"name\":\"\",\"description\":\"\",\"potentialAction\":[{\"@type\":\"SearchAction\",\"target\":{\"@type\":\"EntryPoint\",\"urlTemplate\":\"https:\/\/proveedoracomercial.com\/clientes\/?s={search_term_string}\"},\"query-input\":{\"@type\":\"PropertyValueSpecification\",\"valueRequired\":true,\"valueName\":\"search_term_string\"}}],\"inLanguage\":\"es\"}]}<\/script>\n<!-- \/ Yoast SEO plugin. -->","yoast_head_json":{"title":"COMBO DE LINTERNA DE CUERDA -","robots":{"index":"index","follow":"follow","max-snippet":"max-snippet:-1","max-image-preview":"max-image-preview:large","max-video-preview":"max-video-preview:-1"},"canonical":"https:\/\/proveedoracomercial.com\/clientes\/producto\/combo-de-linterna-de-cuerda\/","og_locale":"es_MX","og_type":"article","og_title":"COMBO DE LINTERNA DE CUERDA -","og_description":"El LED brilla en un cono metalizado para esparcir luz. Radio FM con controles de volumen Y Sintonizador. Manivela con mecanismo de caja de engranajes para mayor eficiencia de la dinamo . Interruptor separado para encender \/ apagar la radio. Interruptor de 3 posiciones Bajo \/ Apagado \/ Alto 1 minuto de manivela en 15 minutos de luz utilizable. Bater\u00edas recargables NiMH (4.8V, 600mAH). Funciona con 2 bater\u00edas tipo AA (Incluye la primera carga). Construcci\u00f3n de la bater\u00eda resistente a la intemperie. Las bater\u00edas se pueden cambiar sin necesidad de herramientas. Construcci\u00f3n del cuerpo de la linterna de aluminio con acabado anodizado. El foco LED jam\u00e1s tendr\u00e1 que ser reemplazado.","og_url":"https:\/\/proveedoracomercial.com\/clientes\/producto\/combo-de-linterna-de-cuerda\/","og_image":[{"width":267,"height":464,"url":"https:\/\/proveedoracomercial.com\/clientes\/wp-content\/uploads\/sites\/4\/2024\/06\/linterna-de-cuerda-city-coleman-pca.png","type":"image\/png"}],"twitter_card":"summary_large_image","schema":{"@context":"https:\/\/schema.org","@graph":[{"@type":"WebPage","@id":"https:\/\/proveedoracomercial.com\/clientes\/producto\/combo-de-linterna-de-cuerda\/","url":"https:\/\/proveedoracomercial.com\/clientes\/producto\/combo-de-linterna-de-cuerda\/","name":"COMBO DE LINTERNA DE CUERDA -","isPartOf":{"@id":"https:\/\/proveedoracomercial.com\/clientes\/#website"},"primaryImageOfPage":{"@id":"https:\/\/proveedoracomercial.com\/clientes\/producto\/combo-de-linterna-de-cuerda\/#primaryimage"},"image":{"@id":"https:\/\/proveedoracomercial.com\/clientes\/producto\/combo-de-linterna-de-cuerda\/#primaryimage"},"thumbnailUrl":"https:\/\/proveedoracomercial.com\/clientes\/wp-content\/uploads\/sites\/4\/2024\/06\/linterna-de-cuerda-city-coleman-pca.png","datePublished":"2024-03-20T04:58:00+00:00","dateModified":"2024-03-20T04:58:00+00:00","breadcrumb":{"@id":"https:\/\/proveedoracomercial.com\/clientes\/producto\/combo-de-linterna-de-cuerda\/#breadcrumb"},"inLanguage":"es","potentialAction":[{"@type":"ReadAction","target":["https:\/\/proveedoracomercial.com\/clientes\/producto\/combo-de-linterna-de-cuerda\/"]}]},{"@type":"ImageObject","inLanguage":"es","@id":"https:\/\/proveedoracomercial.com\/clientes\/producto\/combo-de-linterna-de-cuerda\/#primaryimage","url":"https:\/\/proveedoracomercial.com\/clientes\/wp-content\/uploads\/sites\/4\/2024\/06\/linterna-de-cuerda-city-coleman-pca.png","contentUrl":"https:\/\/proveedoracomercial.com\/clientes\/wp-content\/uploads\/sites\/4\/2024\/06\/linterna-de-cuerda-city-coleman-pca.png","width":267,"height":464},{"@type":"BreadcrumbList","@id":"https:\/\/proveedoracomercial.com\/clientes\/producto\/combo-de-linterna-de-cuerda\/#breadcrumb","itemListElement":[{"@type":"ListItem","position":1,"name":"Portada","item":"https:\/\/proveedoracomercial.com\/clientes\/"},{"@type":"ListItem","position":2,"name":"Tienda","item":"https:\/\/proveedoracomercial.com\/clientes\/tienda\/"},{"@type":"ListItem","position":3,"name":"COMBO DE LINTERNA DE CUERDA"}]},{"@type":"WebSite","@id":"https:\/\/proveedoracomercial.com\/clientes\/#website","url":"https:\/\/proveedoracomercial.com\/clientes\/","name":"","description":"","potentialAction":[{"@type":"SearchAction","target":{"@type":"EntryPoint","urlTemplate":"https:\/\/proveedoracomercial.com\/clientes\/?s={search_term_string}"},"query-input":{"@type":"PropertyValueSpecification","valueRequired":true,"valueName":"search_term_string"}}],"inLanguage":"es"}]}},"_links":{"self":[{"href":"https:\/\/proveedoracomercial.com\/clientes\/wp-json\/wp\/v2\/product\/606","targetHints":{"allow":["GET"]}}],"collection":[{"href":"https:\/\/proveedoracomercial.com\/clientes\/wp-json\/wp\/v2\/product"}],"about":[{"href":"https:\/\/proveedoracomercial.com\/clientes\/wp-json\/wp\/v2\/types\/product"}],"replies":[{"embeddable":true,"href":"https:\/\/proveedoracomercial.com\/clientes\/wp-json\/wp\/v2\/comments?post=606"}],"wp:featuredmedia":[{"embeddable":true,"href":"https:\/\/proveedoracomercial.com\/clientes\/wp-json\/wp\/v2\/media\/608"}],"wp:attachment":[{"href":"https:\/\/proveedoracomercial.com\/clientes\/wp-json\/wp\/v2\/media?parent=606"}],"wp:term":[{"taxonomy":"store","embeddable":true,"href":"https:\/\/proveedoracomercial.com\/clientes\/wp-json\/wp\/v2\/store?post=606"},{"taxonomy":"product_cat","embeddable":true,"href":"https:\/\/proveedoracomercial.com\/clientes\/wp-json\/wp\/v2\/product_cat?post=606"},{"taxonomy":"product_tag","embeddable":true,"href":"https:\/\/proveedoracomercial.com\/clientes\/wp-json\/wp\/v2\/product_tag?post=606"}],"curies":[{"name":"wp","href":"https:\/\/api.w.org\/{rel}","templated":true}]}}