{"id":592,"date":"2024-03-20T05:01:52","date_gmt":"2024-03-20T05:01:52","guid":{"rendered":"https:\/\/proveedoracomercial.com\/clientes\/producto\/bote-fish-hunting-para-6-personas\/"},"modified":"2024-03-20T05:01:52","modified_gmt":"2024-03-20T05:01:52","slug":"bote-fish-hunting-para-6-personas","status":"publish","type":"product","link":"https:\/\/proveedoracomercial.com\/clientes\/producto\/bote-fish-hunting-para-6-personas\/","title":{"rendered":"BOTE FISH HUNTING PARA 6 PERSONAS"},"content":{"rendered":"","protected":false},"excerpt":{"rendered":"<p>\u2022 63% m\u00e1s de espacio que nuestro modelo 2014<br \/>\n\u2022 La construcci\u00f3n de PVC resistente es resistente para el uso del lago<br \/>\n\u2022 Las c\u00e1maras de aire m\u00faltiples permiten que las otras c\u00e1maras permanezcan infladas si se perfora una<br \/>\n\u2022 El sistema Airtight\u00ae tiene garant\u00eda de no fugas<br \/>\n\u2022 Berkley\u00ae Quick Set Rod Holder es ajustable para mejorar la pesca con manos libres<br \/>\n\u2022 Los accesorios de montaje del motor fueraborda le permiten agregar hasta 4 caballos de fuerza y \u200b\u200bllegar m\u00e1s r\u00e1pido<br \/>\n\u2022 Los accesorios de motor de pesca por curric\u00e1n Sevylor\u00ae ampl\u00edan sus capacidades de pesca<br \/>\n\u2022 Los oarlocks giratorios Delrin\u00ae te permiten remar de forma natural y f\u00e1cil<br \/>\n\u2022 El bolso de la bater\u00eda mantiene la bater\u00eda de su motor seca y fuera del camino<br \/>\n\u2022 Las c\u00e1maras de t\u00fanel mejoran la estabilidad de lado a lado<br \/>\n\u2022 Las v\u00e1lvulas Double Lock \u2122 usan dos puntos de bloqueo para facilitar la inflaci\u00f3n \/ desinflado<br \/>\n\u2022 La bolsa de engranajes mantiene los suministros y bocadillos a la mano<br \/>\n\u2022 Los asientos inflables agregan altura para un remo y pesca m\u00e1s c\u00f3modos<br \/>\n\u2022 Las almohadillas de irrigaci\u00f3n agregan comodidad mientras se rema<br \/>\n\u2022 Grabline hace que sea f\u00e1cil subir y bajar<br \/>\n\u2022 Las asas de transporte facilitan la entrada y la salida del agua<br \/>\n\u2022 El tap\u00f3n de drenaje le ahorra tiempo y esfuerzo al empacar<br \/>\n\u2022 Se adapta a seis personas<br \/>\n\u2022 Certificado NMMA\u00ae para soportar hasta 1250 lbs.<br \/>\n\u2022 Dimensiones infladas: 11 pies 5 pulgadas x 6 pies 1 pulgadas<\/p>\n<p>&nbsp;<\/p>\n<p>&nbsp;<\/p>\n","protected":false},"featured_media":595,"comment_status":"closed","ping_status":"closed","template":"","meta":{"_joinchat":[]},"store":[],"product_cat":[43,44],"product_tag":[207,68,46,47],"class_list":{"0":"post-592","1":"product","2":"type-product","3":"status-publish","4":"has-post-thumbnail","6":"product_cat-botes","7":"product_cat-sevylor","8":"product_tag-bote","9":"product_tag-inflable","10":"product_tag-pesca","11":"product_tag-sevylor","13":"first","14":"instock","15":"shipping-taxable","16":"purchasable","17":"product-type-simple"},"yoast_head":"<!-- This site is optimized with the Yoast SEO plugin v23.5 - https:\/\/yoast.com\/wordpress\/plugins\/seo\/ -->\n<title>BOTE FISH HUNTING PARA 6 PERSONAS -<\/title>\n<meta name=\"robots\" content=\"index, follow, max-snippet:-1, max-image-preview:large, max-video-preview:-1\" \/>\n<link rel=\"canonical\" href=\"https:\/\/proveedoracomercial.com\/clientes\/producto\/bote-fish-hunting-para-6-personas\/\" \/>\n<meta property=\"og:locale\" content=\"es_MX\" \/>\n<meta property=\"og:type\" content=\"article\" \/>\n<meta property=\"og:title\" content=\"BOTE FISH HUNTING PARA 6 PERSONAS -\" \/>\n<meta property=\"og:description\" content=\"\u2022 63% m\u00e1s de espacio que nuestro modelo 2014 \u2022 La construcci\u00f3n de PVC resistente es resistente para el uso del lago \u2022 Las c\u00e1maras de aire m\u00faltiples permiten que las otras c\u00e1maras permanezcan infladas si se perfora una \u2022 El sistema Airtight\u00ae tiene garant\u00eda de no fugas \u2022 Berkley\u00ae Quick Set Rod Holder es ajustable para mejorar la pesca con manos libres \u2022 Los accesorios de montaje del motor fueraborda le permiten agregar hasta 4 caballos de fuerza y \u200b\u200bllegar m\u00e1s r\u00e1pido \u2022 Los accesorios de motor de pesca por curric\u00e1n Sevylor\u00ae ampl\u00edan sus capacidades de pesca \u2022 Los oarlocks giratorios Delrin\u00ae te permiten remar de forma natural y f\u00e1cil \u2022 El bolso de la bater\u00eda mantiene la bater\u00eda de su motor seca y fuera del camino \u2022 Las c\u00e1maras de t\u00fanel mejoran la estabilidad de lado a lado \u2022 Las v\u00e1lvulas Double Lock \u2122 usan dos puntos de bloqueo para facilitar la inflaci\u00f3n \/ desinflado \u2022 La bolsa de engranajes mantiene los suministros y bocadillos a la mano \u2022 Los asientos inflables agregan altura para un remo y pesca m\u00e1s c\u00f3modos \u2022 Las almohadillas de irrigaci\u00f3n agregan comodidad mientras se rema \u2022 Grabline hace que sea f\u00e1cil subir y bajar \u2022 Las asas de transporte facilitan la entrada y la salida del agua \u2022 El tap\u00f3n de drenaje le ahorra tiempo y esfuerzo al empacar \u2022 Se adapta a seis personas \u2022 Certificado NMMA\u00ae para soportar hasta 1250 lbs. \u2022 Dimensiones infladas: 11 pies 5 pulgadas x 6 pies 1 pulgadas  &nbsp;  &nbsp;\" \/>\n<meta property=\"og:url\" content=\"https:\/\/proveedoracomercial.com\/clientes\/producto\/bote-fish-hunting-para-6-personas\/\" \/>\n<meta property=\"og:image\" content=\"https:\/\/proveedoracomercial.com\/clientes\/wp-content\/uploads\/sites\/4\/2024\/06\/bote-hunter-para-pescar-.jpg\" \/>\n\t<meta property=\"og:image:width\" content=\"1000\" \/>\n\t<meta property=\"og:image:height\" content=\"1000\" \/>\n\t<meta property=\"og:image:type\" content=\"image\/jpeg\" \/>\n<meta name=\"twitter:card\" content=\"summary_large_image\" \/>\n<script type=\"application\/ld+json\" class=\"yoast-schema-graph\">{\"@context\":\"https:\/\/schema.org\",\"@graph\":[{\"@type\":\"WebPage\",\"@id\":\"https:\/\/proveedoracomercial.com\/clientes\/producto\/bote-fish-hunting-para-6-personas\/\",\"url\":\"https:\/\/proveedoracomercial.com\/clientes\/producto\/bote-fish-hunting-para-6-personas\/\",\"name\":\"BOTE FISH HUNTING PARA 6 PERSONAS -\",\"isPartOf\":{\"@id\":\"https:\/\/proveedoracomercial.com\/clientes\/#website\"},\"primaryImageOfPage\":{\"@id\":\"https:\/\/proveedoracomercial.com\/clientes\/producto\/bote-fish-hunting-para-6-personas\/#primaryimage\"},\"image\":{\"@id\":\"https:\/\/proveedoracomercial.com\/clientes\/producto\/bote-fish-hunting-para-6-personas\/#primaryimage\"},\"thumbnailUrl\":\"https:\/\/proveedoracomercial.com\/clientes\/wp-content\/uploads\/sites\/4\/2024\/06\/bote-hunter-para-pescar-.jpg\",\"datePublished\":\"2024-03-20T05:01:52+00:00\",\"dateModified\":\"2024-03-20T05:01:52+00:00\",\"breadcrumb\":{\"@id\":\"https:\/\/proveedoracomercial.com\/clientes\/producto\/bote-fish-hunting-para-6-personas\/#breadcrumb\"},\"inLanguage\":\"es\",\"potentialAction\":[{\"@type\":\"ReadAction\",\"target\":[\"https:\/\/proveedoracomercial.com\/clientes\/producto\/bote-fish-hunting-para-6-personas\/\"]}]},{\"@type\":\"ImageObject\",\"inLanguage\":\"es\",\"@id\":\"https:\/\/proveedoracomercial.com\/clientes\/producto\/bote-fish-hunting-para-6-personas\/#primaryimage\",\"url\":\"https:\/\/proveedoracomercial.com\/clientes\/wp-content\/uploads\/sites\/4\/2024\/06\/bote-hunter-para-pescar-.jpg\",\"contentUrl\":\"https:\/\/proveedoracomercial.com\/clientes\/wp-content\/uploads\/sites\/4\/2024\/06\/bote-hunter-para-pescar-.jpg\",\"width\":1000,\"height\":1000},{\"@type\":\"BreadcrumbList\",\"@id\":\"https:\/\/proveedoracomercial.com\/clientes\/producto\/bote-fish-hunting-para-6-personas\/#breadcrumb\",\"itemListElement\":[{\"@type\":\"ListItem\",\"position\":1,\"name\":\"Portada\",\"item\":\"https:\/\/proveedoracomercial.com\/clientes\/\"},{\"@type\":\"ListItem\",\"position\":2,\"name\":\"Tienda\",\"item\":\"https:\/\/proveedoracomercial.com\/clientes\/tienda\/\"},{\"@type\":\"ListItem\",\"position\":3,\"name\":\"BOTE FISH HUNTING PARA 6 PERSONAS\"}]},{\"@type\":\"WebSite\",\"@id\":\"https:\/\/proveedoracomercial.com\/clientes\/#website\",\"url\":\"https:\/\/proveedoracomercial.com\/clientes\/\",\"name\":\"\",\"description\":\"\",\"potentialAction\":[{\"@type\":\"SearchAction\",\"target\":{\"@type\":\"EntryPoint\",\"urlTemplate\":\"https:\/\/proveedoracomercial.com\/clientes\/?s={search_term_string}\"},\"query-input\":{\"@type\":\"PropertyValueSpecification\",\"valueRequired\":true,\"valueName\":\"search_term_string\"}}],\"inLanguage\":\"es\"}]}<\/script>\n<!-- \/ Yoast SEO plugin. -->","yoast_head_json":{"title":"BOTE FISH HUNTING PARA 6 PERSONAS -","robots":{"index":"index","follow":"follow","max-snippet":"max-snippet:-1","max-image-preview":"max-image-preview:large","max-video-preview":"max-video-preview:-1"},"canonical":"https:\/\/proveedoracomercial.com\/clientes\/producto\/bote-fish-hunting-para-6-personas\/","og_locale":"es_MX","og_type":"article","og_title":"BOTE FISH HUNTING PARA 6 PERSONAS -","og_description":"\u2022 63% m\u00e1s de espacio que nuestro modelo 2014 \u2022 La construcci\u00f3n de PVC resistente es resistente para el uso del lago \u2022 Las c\u00e1maras de aire m\u00faltiples permiten que las otras c\u00e1maras permanezcan infladas si se perfora una \u2022 El sistema Airtight\u00ae tiene garant\u00eda de no fugas \u2022 Berkley\u00ae Quick Set Rod Holder es ajustable para mejorar la pesca con manos libres \u2022 Los accesorios de montaje del motor fueraborda le permiten agregar hasta 4 caballos de fuerza y \u200b\u200bllegar m\u00e1s r\u00e1pido \u2022 Los accesorios de motor de pesca por curric\u00e1n Sevylor\u00ae ampl\u00edan sus capacidades de pesca \u2022 Los oarlocks giratorios Delrin\u00ae te permiten remar de forma natural y f\u00e1cil \u2022 El bolso de la bater\u00eda mantiene la bater\u00eda de su motor seca y fuera del camino \u2022 Las c\u00e1maras de t\u00fanel mejoran la estabilidad de lado a lado \u2022 Las v\u00e1lvulas Double Lock \u2122 usan dos puntos de bloqueo para facilitar la inflaci\u00f3n \/ desinflado \u2022 La bolsa de engranajes mantiene los suministros y bocadillos a la mano \u2022 Los asientos inflables agregan altura para un remo y pesca m\u00e1s c\u00f3modos \u2022 Las almohadillas de irrigaci\u00f3n agregan comodidad mientras se rema \u2022 Grabline hace que sea f\u00e1cil subir y bajar \u2022 Las asas de transporte facilitan la entrada y la salida del agua \u2022 El tap\u00f3n de drenaje le ahorra tiempo y esfuerzo al empacar \u2022 Se adapta a seis personas \u2022 Certificado NMMA\u00ae para soportar hasta 1250 lbs. \u2022 Dimensiones infladas: 11 pies 5 pulgadas x 6 pies 1 pulgadas  &nbsp;  &nbsp;","og_url":"https:\/\/proveedoracomercial.com\/clientes\/producto\/bote-fish-hunting-para-6-personas\/","og_image":[{"width":1000,"height":1000,"url":"https:\/\/proveedoracomercial.com\/clientes\/wp-content\/uploads\/sites\/4\/2024\/06\/bote-hunter-para-pescar-.jpg","type":"image\/jpeg"}],"twitter_card":"summary_large_image","schema":{"@context":"https:\/\/schema.org","@graph":[{"@type":"WebPage","@id":"https:\/\/proveedoracomercial.com\/clientes\/producto\/bote-fish-hunting-para-6-personas\/","url":"https:\/\/proveedoracomercial.com\/clientes\/producto\/bote-fish-hunting-para-6-personas\/","name":"BOTE FISH HUNTING PARA 6 PERSONAS -","isPartOf":{"@id":"https:\/\/proveedoracomercial.com\/clientes\/#website"},"primaryImageOfPage":{"@id":"https:\/\/proveedoracomercial.com\/clientes\/producto\/bote-fish-hunting-para-6-personas\/#primaryimage"},"image":{"@id":"https:\/\/proveedoracomercial.com\/clientes\/producto\/bote-fish-hunting-para-6-personas\/#primaryimage"},"thumbnailUrl":"https:\/\/proveedoracomercial.com\/clientes\/wp-content\/uploads\/sites\/4\/2024\/06\/bote-hunter-para-pescar-.jpg","datePublished":"2024-03-20T05:01:52+00:00","dateModified":"2024-03-20T05:01:52+00:00","breadcrumb":{"@id":"https:\/\/proveedoracomercial.com\/clientes\/producto\/bote-fish-hunting-para-6-personas\/#breadcrumb"},"inLanguage":"es","potentialAction":[{"@type":"ReadAction","target":["https:\/\/proveedoracomercial.com\/clientes\/producto\/bote-fish-hunting-para-6-personas\/"]}]},{"@type":"ImageObject","inLanguage":"es","@id":"https:\/\/proveedoracomercial.com\/clientes\/producto\/bote-fish-hunting-para-6-personas\/#primaryimage","url":"https:\/\/proveedoracomercial.com\/clientes\/wp-content\/uploads\/sites\/4\/2024\/06\/bote-hunter-para-pescar-.jpg","contentUrl":"https:\/\/proveedoracomercial.com\/clientes\/wp-content\/uploads\/sites\/4\/2024\/06\/bote-hunter-para-pescar-.jpg","width":1000,"height":1000},{"@type":"BreadcrumbList","@id":"https:\/\/proveedoracomercial.com\/clientes\/producto\/bote-fish-hunting-para-6-personas\/#breadcrumb","itemListElement":[{"@type":"ListItem","position":1,"name":"Portada","item":"https:\/\/proveedoracomercial.com\/clientes\/"},{"@type":"ListItem","position":2,"name":"Tienda","item":"https:\/\/proveedoracomercial.com\/clientes\/tienda\/"},{"@type":"ListItem","position":3,"name":"BOTE FISH HUNTING PARA 6 PERSONAS"}]},{"@type":"WebSite","@id":"https:\/\/proveedoracomercial.com\/clientes\/#website","url":"https:\/\/proveedoracomercial.com\/clientes\/","name":"","description":"","potentialAction":[{"@type":"SearchAction","target":{"@type":"EntryPoint","urlTemplate":"https:\/\/proveedoracomercial.com\/clientes\/?s={search_term_string}"},"query-input":{"@type":"PropertyValueSpecification","valueRequired":true,"valueName":"search_term_string"}}],"inLanguage":"es"}]}},"_links":{"self":[{"href":"https:\/\/proveedoracomercial.com\/clientes\/wp-json\/wp\/v2\/product\/592","targetHints":{"allow":["GET"]}}],"collection":[{"href":"https:\/\/proveedoracomercial.com\/clientes\/wp-json\/wp\/v2\/product"}],"about":[{"href":"https:\/\/proveedoracomercial.com\/clientes\/wp-json\/wp\/v2\/types\/product"}],"replies":[{"embeddable":true,"href":"https:\/\/proveedoracomercial.com\/clientes\/wp-json\/wp\/v2\/comments?post=592"}],"wp:featuredmedia":[{"embeddable":true,"href":"https:\/\/proveedoracomercial.com\/clientes\/wp-json\/wp\/v2\/media\/595"}],"wp:attachment":[{"href":"https:\/\/proveedoracomercial.com\/clientes\/wp-json\/wp\/v2\/media?parent=592"}],"wp:term":[{"taxonomy":"store","embeddable":true,"href":"https:\/\/proveedoracomercial.com\/clientes\/wp-json\/wp\/v2\/store?post=592"},{"taxonomy":"product_cat","embeddable":true,"href":"https:\/\/proveedoracomercial.com\/clientes\/wp-json\/wp\/v2\/product_cat?post=592"},{"taxonomy":"product_tag","embeddable":true,"href":"https:\/\/proveedoracomercial.com\/clientes\/wp-json\/wp\/v2\/product_tag?post=592"}],"curies":[{"name":"wp","href":"https:\/\/api.w.org\/{rel}","templated":true}]}}