{"id":587,"date":"2024-03-20T05:02:14","date_gmt":"2024-03-20T05:02:14","guid":{"rendered":"https:\/\/proveedoracomercial.com\/clientes\/producto\/linterna-de-cabeza-40-lumens\/"},"modified":"2024-03-20T05:02:14","modified_gmt":"2024-03-20T05:02:14","slug":"linterna-de-cabeza-40-lumens","status":"publish","type":"product","link":"https:\/\/proveedoracomercial.com\/clientes\/producto\/linterna-de-cabeza-40-lumens\/","title":{"rendered":"LINTERNA DE CABEZA 40 LUMENS"},"content":{"rendered":"","protected":false},"excerpt":{"rendered":"<p>Tres modos: alta, baja y roja<\/p>\n<p>40 l\u00famenes en alta y 23 l\u00famenes de baja<\/p>\n<p>Hasta 32 m. distancia<\/p>\n<p>Tiempo de ejecuci\u00f3n 20 horas en alta y 35 en baja<\/p>\n<p>LED de por vida<\/p>\n<p>Funciona con dos pilas tipo AAA, incluido<\/p>\n<p>Correa para la cabeza suave totalmente ajustable para una mayor comodidad<\/p>\n<p>Dise\u00f1o resistente al agua<\/p>\n<p>Construcci\u00f3n resistente a los impactos<\/p>\n","protected":false},"featured_media":588,"comment_status":"closed","ping_status":"closed","template":"","meta":{"_joinchat":[]},"store":[],"product_cat":[153,152],"product_tag":[206,51,170,205],"class_list":{"0":"post-587","1":"product","2":"type-product","3":"status-publish","4":"has-post-thumbnail","6":"product_cat-coleman-lamparas-y-linternas","7":"product_cat-lamparas-y-linternas","8":"product_tag-40-lumens","9":"product_tag-coleman","10":"product_tag-linterna","11":"product_tag-manos-libres","13":"first","14":"instock","15":"shipping-taxable","16":"purchasable","17":"product-type-simple"},"yoast_head":"<!-- This site is optimized with the Yoast SEO plugin v23.5 - https:\/\/yoast.com\/wordpress\/plugins\/seo\/ -->\n<title>LINTERNA DE CABEZA 40 LUMENS -<\/title>\n<meta name=\"robots\" content=\"index, follow, max-snippet:-1, max-image-preview:large, max-video-preview:-1\" \/>\n<link rel=\"canonical\" href=\"https:\/\/proveedoracomercial.com\/clientes\/producto\/linterna-de-cabeza-40-lumens\/\" \/>\n<meta property=\"og:locale\" content=\"es_MX\" \/>\n<meta property=\"og:type\" content=\"article\" \/>\n<meta property=\"og:title\" content=\"LINTERNA DE CABEZA 40 LUMENS -\" \/>\n<meta property=\"og:description\" content=\"Tres modos: alta, baja y roja  40 l\u00famenes en alta y 23 l\u00famenes de baja  Hasta 32 m. distancia  Tiempo de ejecuci\u00f3n 20 horas en alta y 35 en baja  LED de por vida  Funciona con dos pilas tipo AAA, incluido  Correa para la cabeza suave totalmente ajustable para una mayor comodidad  Dise\u00f1o resistente al agua  Construcci\u00f3n resistente a los impactos\" \/>\n<meta property=\"og:url\" content=\"https:\/\/proveedoracomercial.com\/clientes\/producto\/linterna-de-cabeza-40-lumens\/\" \/>\n<meta property=\"og:image\" content=\"https:\/\/proveedoracomercial.com\/clientes\/wp-content\/uploads\/sites\/4\/2024\/06\/40-LUMENS.png\" \/>\n\t<meta property=\"og:image:width\" content=\"622\" \/>\n\t<meta property=\"og:image:height\" content=\"313\" \/>\n\t<meta property=\"og:image:type\" content=\"image\/png\" \/>\n<meta name=\"twitter:card\" content=\"summary_large_image\" \/>\n<script type=\"application\/ld+json\" class=\"yoast-schema-graph\">{\"@context\":\"https:\/\/schema.org\",\"@graph\":[{\"@type\":\"WebPage\",\"@id\":\"https:\/\/proveedoracomercial.com\/clientes\/producto\/linterna-de-cabeza-40-lumens\/\",\"url\":\"https:\/\/proveedoracomercial.com\/clientes\/producto\/linterna-de-cabeza-40-lumens\/\",\"name\":\"LINTERNA DE CABEZA 40 LUMENS -\",\"isPartOf\":{\"@id\":\"https:\/\/proveedoracomercial.com\/clientes\/#website\"},\"primaryImageOfPage\":{\"@id\":\"https:\/\/proveedoracomercial.com\/clientes\/producto\/linterna-de-cabeza-40-lumens\/#primaryimage\"},\"image\":{\"@id\":\"https:\/\/proveedoracomercial.com\/clientes\/producto\/linterna-de-cabeza-40-lumens\/#primaryimage\"},\"thumbnailUrl\":\"https:\/\/proveedoracomercial.com\/clientes\/wp-content\/uploads\/sites\/4\/2024\/06\/40-LUMENS.png\",\"datePublished\":\"2024-03-20T05:02:14+00:00\",\"dateModified\":\"2024-03-20T05:02:14+00:00\",\"breadcrumb\":{\"@id\":\"https:\/\/proveedoracomercial.com\/clientes\/producto\/linterna-de-cabeza-40-lumens\/#breadcrumb\"},\"inLanguage\":\"es\",\"potentialAction\":[{\"@type\":\"ReadAction\",\"target\":[\"https:\/\/proveedoracomercial.com\/clientes\/producto\/linterna-de-cabeza-40-lumens\/\"]}]},{\"@type\":\"ImageObject\",\"inLanguage\":\"es\",\"@id\":\"https:\/\/proveedoracomercial.com\/clientes\/producto\/linterna-de-cabeza-40-lumens\/#primaryimage\",\"url\":\"https:\/\/proveedoracomercial.com\/clientes\/wp-content\/uploads\/sites\/4\/2024\/06\/40-LUMENS.png\",\"contentUrl\":\"https:\/\/proveedoracomercial.com\/clientes\/wp-content\/uploads\/sites\/4\/2024\/06\/40-LUMENS.png\",\"width\":622,\"height\":313},{\"@type\":\"BreadcrumbList\",\"@id\":\"https:\/\/proveedoracomercial.com\/clientes\/producto\/linterna-de-cabeza-40-lumens\/#breadcrumb\",\"itemListElement\":[{\"@type\":\"ListItem\",\"position\":1,\"name\":\"Portada\",\"item\":\"https:\/\/proveedoracomercial.com\/clientes\/\"},{\"@type\":\"ListItem\",\"position\":2,\"name\":\"Tienda\",\"item\":\"https:\/\/proveedoracomercial.com\/clientes\/tienda\/\"},{\"@type\":\"ListItem\",\"position\":3,\"name\":\"LINTERNA DE CABEZA 40 LUMENS\"}]},{\"@type\":\"WebSite\",\"@id\":\"https:\/\/proveedoracomercial.com\/clientes\/#website\",\"url\":\"https:\/\/proveedoracomercial.com\/clientes\/\",\"name\":\"\",\"description\":\"\",\"potentialAction\":[{\"@type\":\"SearchAction\",\"target\":{\"@type\":\"EntryPoint\",\"urlTemplate\":\"https:\/\/proveedoracomercial.com\/clientes\/?s={search_term_string}\"},\"query-input\":{\"@type\":\"PropertyValueSpecification\",\"valueRequired\":true,\"valueName\":\"search_term_string\"}}],\"inLanguage\":\"es\"}]}<\/script>\n<!-- \/ Yoast SEO plugin. -->","yoast_head_json":{"title":"LINTERNA DE CABEZA 40 LUMENS -","robots":{"index":"index","follow":"follow","max-snippet":"max-snippet:-1","max-image-preview":"max-image-preview:large","max-video-preview":"max-video-preview:-1"},"canonical":"https:\/\/proveedoracomercial.com\/clientes\/producto\/linterna-de-cabeza-40-lumens\/","og_locale":"es_MX","og_type":"article","og_title":"LINTERNA DE CABEZA 40 LUMENS -","og_description":"Tres modos: alta, baja y roja  40 l\u00famenes en alta y 23 l\u00famenes de baja  Hasta 32 m. distancia  Tiempo de ejecuci\u00f3n 20 horas en alta y 35 en baja  LED de por vida  Funciona con dos pilas tipo AAA, incluido  Correa para la cabeza suave totalmente ajustable para una mayor comodidad  Dise\u00f1o resistente al agua  Construcci\u00f3n resistente a los impactos","og_url":"https:\/\/proveedoracomercial.com\/clientes\/producto\/linterna-de-cabeza-40-lumens\/","og_image":[{"width":622,"height":313,"url":"https:\/\/proveedoracomercial.com\/clientes\/wp-content\/uploads\/sites\/4\/2024\/06\/40-LUMENS.png","type":"image\/png"}],"twitter_card":"summary_large_image","schema":{"@context":"https:\/\/schema.org","@graph":[{"@type":"WebPage","@id":"https:\/\/proveedoracomercial.com\/clientes\/producto\/linterna-de-cabeza-40-lumens\/","url":"https:\/\/proveedoracomercial.com\/clientes\/producto\/linterna-de-cabeza-40-lumens\/","name":"LINTERNA DE CABEZA 40 LUMENS -","isPartOf":{"@id":"https:\/\/proveedoracomercial.com\/clientes\/#website"},"primaryImageOfPage":{"@id":"https:\/\/proveedoracomercial.com\/clientes\/producto\/linterna-de-cabeza-40-lumens\/#primaryimage"},"image":{"@id":"https:\/\/proveedoracomercial.com\/clientes\/producto\/linterna-de-cabeza-40-lumens\/#primaryimage"},"thumbnailUrl":"https:\/\/proveedoracomercial.com\/clientes\/wp-content\/uploads\/sites\/4\/2024\/06\/40-LUMENS.png","datePublished":"2024-03-20T05:02:14+00:00","dateModified":"2024-03-20T05:02:14+00:00","breadcrumb":{"@id":"https:\/\/proveedoracomercial.com\/clientes\/producto\/linterna-de-cabeza-40-lumens\/#breadcrumb"},"inLanguage":"es","potentialAction":[{"@type":"ReadAction","target":["https:\/\/proveedoracomercial.com\/clientes\/producto\/linterna-de-cabeza-40-lumens\/"]}]},{"@type":"ImageObject","inLanguage":"es","@id":"https:\/\/proveedoracomercial.com\/clientes\/producto\/linterna-de-cabeza-40-lumens\/#primaryimage","url":"https:\/\/proveedoracomercial.com\/clientes\/wp-content\/uploads\/sites\/4\/2024\/06\/40-LUMENS.png","contentUrl":"https:\/\/proveedoracomercial.com\/clientes\/wp-content\/uploads\/sites\/4\/2024\/06\/40-LUMENS.png","width":622,"height":313},{"@type":"BreadcrumbList","@id":"https:\/\/proveedoracomercial.com\/clientes\/producto\/linterna-de-cabeza-40-lumens\/#breadcrumb","itemListElement":[{"@type":"ListItem","position":1,"name":"Portada","item":"https:\/\/proveedoracomercial.com\/clientes\/"},{"@type":"ListItem","position":2,"name":"Tienda","item":"https:\/\/proveedoracomercial.com\/clientes\/tienda\/"},{"@type":"ListItem","position":3,"name":"LINTERNA DE CABEZA 40 LUMENS"}]},{"@type":"WebSite","@id":"https:\/\/proveedoracomercial.com\/clientes\/#website","url":"https:\/\/proveedoracomercial.com\/clientes\/","name":"","description":"","potentialAction":[{"@type":"SearchAction","target":{"@type":"EntryPoint","urlTemplate":"https:\/\/proveedoracomercial.com\/clientes\/?s={search_term_string}"},"query-input":{"@type":"PropertyValueSpecification","valueRequired":true,"valueName":"search_term_string"}}],"inLanguage":"es"}]}},"_links":{"self":[{"href":"https:\/\/proveedoracomercial.com\/clientes\/wp-json\/wp\/v2\/product\/587","targetHints":{"allow":["GET"]}}],"collection":[{"href":"https:\/\/proveedoracomercial.com\/clientes\/wp-json\/wp\/v2\/product"}],"about":[{"href":"https:\/\/proveedoracomercial.com\/clientes\/wp-json\/wp\/v2\/types\/product"}],"replies":[{"embeddable":true,"href":"https:\/\/proveedoracomercial.com\/clientes\/wp-json\/wp\/v2\/comments?post=587"}],"wp:featuredmedia":[{"embeddable":true,"href":"https:\/\/proveedoracomercial.com\/clientes\/wp-json\/wp\/v2\/media\/588"}],"wp:attachment":[{"href":"https:\/\/proveedoracomercial.com\/clientes\/wp-json\/wp\/v2\/media?parent=587"}],"wp:term":[{"taxonomy":"store","embeddable":true,"href":"https:\/\/proveedoracomercial.com\/clientes\/wp-json\/wp\/v2\/store?post=587"},{"taxonomy":"product_cat","embeddable":true,"href":"https:\/\/proveedoracomercial.com\/clientes\/wp-json\/wp\/v2\/product_cat?post=587"},{"taxonomy":"product_tag","embeddable":true,"href":"https:\/\/proveedoracomercial.com\/clientes\/wp-json\/wp\/v2\/product_tag?post=587"}],"curies":[{"name":"wp","href":"https:\/\/api.w.org\/{rel}","templated":true}]}}