{"id":581,"date":"2024-03-20T05:02:14","date_gmt":"2024-03-20T05:02:14","guid":{"rendered":"https:\/\/proveedoracomercial.com\/clientes\/producto\/kayak-k3-quickpack-bomba-remo-chaleco\/"},"modified":"2024-03-20T05:02:14","modified_gmt":"2024-03-20T05:02:14","slug":"kayak-k3-quickpack-bomba-remo-chaleco","status":"publish","type":"product","link":"https:\/\/proveedoracomercial.com\/clientes\/producto\/kayak-k3-quickpack-bomba-remo-chaleco\/","title":{"rendered":"KAYAK K3 QUICKPACK &#8211; BOMBA\/REMO\/CHALECO"},"content":{"rendered":"","protected":false},"excerpt":{"rendered":"<p>El\u00a0Kayak Sevylor QuikPak K3\u00a0es un kayak inflable\u00a0de tipo sit-on-top para\u00a01\u00a0persona para diversi\u00f3n al aire libre sin la preocupaci\u00f3n de su transporte y su guarda. El espacio que ocupa su\u00a0guarda es peque\u00f1o y es f\u00e1cil de transportar por su poco peso. El armado es\u00a0r\u00e1pido; solo\u00a05 minutos tarda su retiro de la mochila hasta su total armado.\u00a0\u00a0Este Kayak soporta hasta 113 kg de carga total\u00a0y tiene la certificaci\u00f3n NMMA. Con su sistema herm\u00e9tico, este kayak\u00a0es confiable durante la navegaci\u00f3n. Posee una\u00a0c\u00e1mara de seguridad\u00a0que se infla dentro de la c\u00e1mara principal exterior y que lo ayuda\u00a0a mantener a flote si la c\u00e1mara exterior sufre\u00a0alg\u00fan desgarro. Con su sistema de almacenamiento integrado, la mochila que forma parte de este art\u00edculo y sirve para el transporte de este kayak, se convierte en un c\u00f3modo asiento. Tiene una cubierta de poli\u00e9ster de alta resistencia con una parte inferior laminada\u00a0de PVC incluyendo orzas para mejorar el rumbo y la maniobrabilidad.\u00a0\u00a0La mochila cuenta con correas acolchadas para un transporte c\u00f3modo. Este kayak port\u00e1til incluye una cuerda\u00a0el\u00e1stica\u00a0para mantener la carga o equipo en su lugar. El kayak K3 es\u00a0confiable, c\u00f3modo\u00a0y port\u00e1til. Dise\u00f1ado\u00a0para recreaci\u00f3n.<\/p>\n","protected":false},"featured_media":584,"comment_status":"closed","ping_status":"closed","template":"","meta":{"_joinchat":[]},"store":[],"product_cat":[43,44],"product_tag":[],"class_list":{"0":"post-581","1":"product","2":"type-product","3":"status-publish","4":"has-post-thumbnail","6":"product_cat-botes","7":"product_cat-sevylor","9":"first","10":"instock","11":"shipping-taxable","12":"purchasable","13":"product-type-simple"},"yoast_head":"<!-- This site is optimized with the Yoast SEO plugin v23.5 - https:\/\/yoast.com\/wordpress\/plugins\/seo\/ -->\n<title>KAYAK K3 QUICKPACK - BOMBA\/REMO\/CHALECO -<\/title>\n<meta name=\"robots\" content=\"index, follow, max-snippet:-1, max-image-preview:large, max-video-preview:-1\" \/>\n<link rel=\"canonical\" href=\"https:\/\/proveedoracomercial.com\/clientes\/producto\/kayak-k3-quickpack-bomba-remo-chaleco\/\" \/>\n<meta property=\"og:locale\" content=\"es_MX\" \/>\n<meta property=\"og:type\" content=\"article\" \/>\n<meta property=\"og:title\" content=\"KAYAK K3 QUICKPACK - BOMBA\/REMO\/CHALECO -\" \/>\n<meta property=\"og:description\" content=\"El\u00a0Kayak Sevylor QuikPak K3\u00a0es un kayak inflable\u00a0de tipo sit-on-top para\u00a01\u00a0persona para diversi\u00f3n al aire libre sin la preocupaci\u00f3n de su transporte y su guarda. El espacio que ocupa su\u00a0guarda es peque\u00f1o y es f\u00e1cil de transportar por su poco peso. El armado es\u00a0r\u00e1pido; solo\u00a05 minutos tarda su retiro de la mochila hasta su total armado.\u00a0\u00a0Este Kayak soporta hasta 113 kg de carga total\u00a0y tiene la certificaci\u00f3n NMMA. Con su sistema herm\u00e9tico, este kayak\u00a0es confiable durante la navegaci\u00f3n. Posee una\u00a0c\u00e1mara de seguridad\u00a0que se infla dentro de la c\u00e1mara principal exterior y que lo ayuda\u00a0a mantener a flote si la c\u00e1mara exterior sufre\u00a0alg\u00fan desgarro. Con su sistema de almacenamiento integrado, la mochila que forma parte de este art\u00edculo y sirve para el transporte de este kayak, se convierte en un c\u00f3modo asiento. Tiene una cubierta de poli\u00e9ster de alta resistencia con una parte inferior laminada\u00a0de PVC incluyendo orzas para mejorar el rumbo y la maniobrabilidad.\u00a0\u00a0La mochila cuenta con correas acolchadas para un transporte c\u00f3modo. Este kayak port\u00e1til incluye una cuerda\u00a0el\u00e1stica\u00a0para mantener la carga o equipo en su lugar. El kayak K3 es\u00a0confiable, c\u00f3modo\u00a0y port\u00e1til. Dise\u00f1ado\u00a0para recreaci\u00f3n.\" \/>\n<meta property=\"og:url\" content=\"https:\/\/proveedoracomercial.com\/clientes\/producto\/kayak-k3-quickpack-bomba-remo-chaleco\/\" \/>\n<meta property=\"og:image\" content=\"https:\/\/proveedoracomercial.com\/clientes\/wp-content\/uploads\/sites\/4\/2024\/06\/quickpack-k3-sevylor.jpg\" \/>\n\t<meta property=\"og:image:width\" content=\"500\" \/>\n\t<meta property=\"og:image:height\" content=\"500\" \/>\n\t<meta property=\"og:image:type\" content=\"image\/jpeg\" \/>\n<meta name=\"twitter:card\" content=\"summary_large_image\" \/>\n<script type=\"application\/ld+json\" class=\"yoast-schema-graph\">{\"@context\":\"https:\/\/schema.org\",\"@graph\":[{\"@type\":\"WebPage\",\"@id\":\"https:\/\/proveedoracomercial.com\/clientes\/producto\/kayak-k3-quickpack-bomba-remo-chaleco\/\",\"url\":\"https:\/\/proveedoracomercial.com\/clientes\/producto\/kayak-k3-quickpack-bomba-remo-chaleco\/\",\"name\":\"KAYAK K3 QUICKPACK - BOMBA\/REMO\/CHALECO -\",\"isPartOf\":{\"@id\":\"https:\/\/proveedoracomercial.com\/clientes\/#website\"},\"primaryImageOfPage\":{\"@id\":\"https:\/\/proveedoracomercial.com\/clientes\/producto\/kayak-k3-quickpack-bomba-remo-chaleco\/#primaryimage\"},\"image\":{\"@id\":\"https:\/\/proveedoracomercial.com\/clientes\/producto\/kayak-k3-quickpack-bomba-remo-chaleco\/#primaryimage\"},\"thumbnailUrl\":\"https:\/\/proveedoracomercial.com\/clientes\/wp-content\/uploads\/sites\/4\/2024\/06\/quickpack-k3-sevylor.jpg\",\"datePublished\":\"2024-03-20T05:02:14+00:00\",\"dateModified\":\"2024-03-20T05:02:14+00:00\",\"breadcrumb\":{\"@id\":\"https:\/\/proveedoracomercial.com\/clientes\/producto\/kayak-k3-quickpack-bomba-remo-chaleco\/#breadcrumb\"},\"inLanguage\":\"es\",\"potentialAction\":[{\"@type\":\"ReadAction\",\"target\":[\"https:\/\/proveedoracomercial.com\/clientes\/producto\/kayak-k3-quickpack-bomba-remo-chaleco\/\"]}]},{\"@type\":\"ImageObject\",\"inLanguage\":\"es\",\"@id\":\"https:\/\/proveedoracomercial.com\/clientes\/producto\/kayak-k3-quickpack-bomba-remo-chaleco\/#primaryimage\",\"url\":\"https:\/\/proveedoracomercial.com\/clientes\/wp-content\/uploads\/sites\/4\/2024\/06\/quickpack-k3-sevylor.jpg\",\"contentUrl\":\"https:\/\/proveedoracomercial.com\/clientes\/wp-content\/uploads\/sites\/4\/2024\/06\/quickpack-k3-sevylor.jpg\",\"width\":500,\"height\":500},{\"@type\":\"BreadcrumbList\",\"@id\":\"https:\/\/proveedoracomercial.com\/clientes\/producto\/kayak-k3-quickpack-bomba-remo-chaleco\/#breadcrumb\",\"itemListElement\":[{\"@type\":\"ListItem\",\"position\":1,\"name\":\"Portada\",\"item\":\"https:\/\/proveedoracomercial.com\/clientes\/\"},{\"@type\":\"ListItem\",\"position\":2,\"name\":\"Tienda\",\"item\":\"https:\/\/proveedoracomercial.com\/clientes\/tienda\/\"},{\"@type\":\"ListItem\",\"position\":3,\"name\":\"KAYAK K3 QUICKPACK &#8211; BOMBA\/REMO\/CHALECO\"}]},{\"@type\":\"WebSite\",\"@id\":\"https:\/\/proveedoracomercial.com\/clientes\/#website\",\"url\":\"https:\/\/proveedoracomercial.com\/clientes\/\",\"name\":\"\",\"description\":\"\",\"potentialAction\":[{\"@type\":\"SearchAction\",\"target\":{\"@type\":\"EntryPoint\",\"urlTemplate\":\"https:\/\/proveedoracomercial.com\/clientes\/?s={search_term_string}\"},\"query-input\":{\"@type\":\"PropertyValueSpecification\",\"valueRequired\":true,\"valueName\":\"search_term_string\"}}],\"inLanguage\":\"es\"}]}<\/script>\n<!-- \/ Yoast SEO plugin. -->","yoast_head_json":{"title":"KAYAK K3 QUICKPACK - BOMBA\/REMO\/CHALECO -","robots":{"index":"index","follow":"follow","max-snippet":"max-snippet:-1","max-image-preview":"max-image-preview:large","max-video-preview":"max-video-preview:-1"},"canonical":"https:\/\/proveedoracomercial.com\/clientes\/producto\/kayak-k3-quickpack-bomba-remo-chaleco\/","og_locale":"es_MX","og_type":"article","og_title":"KAYAK K3 QUICKPACK - BOMBA\/REMO\/CHALECO -","og_description":"El\u00a0Kayak Sevylor QuikPak K3\u00a0es un kayak inflable\u00a0de tipo sit-on-top para\u00a01\u00a0persona para diversi\u00f3n al aire libre sin la preocupaci\u00f3n de su transporte y su guarda. El espacio que ocupa su\u00a0guarda es peque\u00f1o y es f\u00e1cil de transportar por su poco peso. El armado es\u00a0r\u00e1pido; solo\u00a05 minutos tarda su retiro de la mochila hasta su total armado.\u00a0\u00a0Este Kayak soporta hasta 113 kg de carga total\u00a0y tiene la certificaci\u00f3n NMMA. Con su sistema herm\u00e9tico, este kayak\u00a0es confiable durante la navegaci\u00f3n. Posee una\u00a0c\u00e1mara de seguridad\u00a0que se infla dentro de la c\u00e1mara principal exterior y que lo ayuda\u00a0a mantener a flote si la c\u00e1mara exterior sufre\u00a0alg\u00fan desgarro. Con su sistema de almacenamiento integrado, la mochila que forma parte de este art\u00edculo y sirve para el transporte de este kayak, se convierte en un c\u00f3modo asiento. Tiene una cubierta de poli\u00e9ster de alta resistencia con una parte inferior laminada\u00a0de PVC incluyendo orzas para mejorar el rumbo y la maniobrabilidad.\u00a0\u00a0La mochila cuenta con correas acolchadas para un transporte c\u00f3modo. Este kayak port\u00e1til incluye una cuerda\u00a0el\u00e1stica\u00a0para mantener la carga o equipo en su lugar. El kayak K3 es\u00a0confiable, c\u00f3modo\u00a0y port\u00e1til. Dise\u00f1ado\u00a0para recreaci\u00f3n.","og_url":"https:\/\/proveedoracomercial.com\/clientes\/producto\/kayak-k3-quickpack-bomba-remo-chaleco\/","og_image":[{"width":500,"height":500,"url":"https:\/\/proveedoracomercial.com\/clientes\/wp-content\/uploads\/sites\/4\/2024\/06\/quickpack-k3-sevylor.jpg","type":"image\/jpeg"}],"twitter_card":"summary_large_image","schema":{"@context":"https:\/\/schema.org","@graph":[{"@type":"WebPage","@id":"https:\/\/proveedoracomercial.com\/clientes\/producto\/kayak-k3-quickpack-bomba-remo-chaleco\/","url":"https:\/\/proveedoracomercial.com\/clientes\/producto\/kayak-k3-quickpack-bomba-remo-chaleco\/","name":"KAYAK K3 QUICKPACK - BOMBA\/REMO\/CHALECO -","isPartOf":{"@id":"https:\/\/proveedoracomercial.com\/clientes\/#website"},"primaryImageOfPage":{"@id":"https:\/\/proveedoracomercial.com\/clientes\/producto\/kayak-k3-quickpack-bomba-remo-chaleco\/#primaryimage"},"image":{"@id":"https:\/\/proveedoracomercial.com\/clientes\/producto\/kayak-k3-quickpack-bomba-remo-chaleco\/#primaryimage"},"thumbnailUrl":"https:\/\/proveedoracomercial.com\/clientes\/wp-content\/uploads\/sites\/4\/2024\/06\/quickpack-k3-sevylor.jpg","datePublished":"2024-03-20T05:02:14+00:00","dateModified":"2024-03-20T05:02:14+00:00","breadcrumb":{"@id":"https:\/\/proveedoracomercial.com\/clientes\/producto\/kayak-k3-quickpack-bomba-remo-chaleco\/#breadcrumb"},"inLanguage":"es","potentialAction":[{"@type":"ReadAction","target":["https:\/\/proveedoracomercial.com\/clientes\/producto\/kayak-k3-quickpack-bomba-remo-chaleco\/"]}]},{"@type":"ImageObject","inLanguage":"es","@id":"https:\/\/proveedoracomercial.com\/clientes\/producto\/kayak-k3-quickpack-bomba-remo-chaleco\/#primaryimage","url":"https:\/\/proveedoracomercial.com\/clientes\/wp-content\/uploads\/sites\/4\/2024\/06\/quickpack-k3-sevylor.jpg","contentUrl":"https:\/\/proveedoracomercial.com\/clientes\/wp-content\/uploads\/sites\/4\/2024\/06\/quickpack-k3-sevylor.jpg","width":500,"height":500},{"@type":"BreadcrumbList","@id":"https:\/\/proveedoracomercial.com\/clientes\/producto\/kayak-k3-quickpack-bomba-remo-chaleco\/#breadcrumb","itemListElement":[{"@type":"ListItem","position":1,"name":"Portada","item":"https:\/\/proveedoracomercial.com\/clientes\/"},{"@type":"ListItem","position":2,"name":"Tienda","item":"https:\/\/proveedoracomercial.com\/clientes\/tienda\/"},{"@type":"ListItem","position":3,"name":"KAYAK K3 QUICKPACK &#8211; BOMBA\/REMO\/CHALECO"}]},{"@type":"WebSite","@id":"https:\/\/proveedoracomercial.com\/clientes\/#website","url":"https:\/\/proveedoracomercial.com\/clientes\/","name":"","description":"","potentialAction":[{"@type":"SearchAction","target":{"@type":"EntryPoint","urlTemplate":"https:\/\/proveedoracomercial.com\/clientes\/?s={search_term_string}"},"query-input":{"@type":"PropertyValueSpecification","valueRequired":true,"valueName":"search_term_string"}}],"inLanguage":"es"}]}},"_links":{"self":[{"href":"https:\/\/proveedoracomercial.com\/clientes\/wp-json\/wp\/v2\/product\/581","targetHints":{"allow":["GET"]}}],"collection":[{"href":"https:\/\/proveedoracomercial.com\/clientes\/wp-json\/wp\/v2\/product"}],"about":[{"href":"https:\/\/proveedoracomercial.com\/clientes\/wp-json\/wp\/v2\/types\/product"}],"replies":[{"embeddable":true,"href":"https:\/\/proveedoracomercial.com\/clientes\/wp-json\/wp\/v2\/comments?post=581"}],"wp:featuredmedia":[{"embeddable":true,"href":"https:\/\/proveedoracomercial.com\/clientes\/wp-json\/wp\/v2\/media\/584"}],"wp:attachment":[{"href":"https:\/\/proveedoracomercial.com\/clientes\/wp-json\/wp\/v2\/media?parent=581"}],"wp:term":[{"taxonomy":"store","embeddable":true,"href":"https:\/\/proveedoracomercial.com\/clientes\/wp-json\/wp\/v2\/store?post=581"},{"taxonomy":"product_cat","embeddable":true,"href":"https:\/\/proveedoracomercial.com\/clientes\/wp-json\/wp\/v2\/product_cat?post=581"},{"taxonomy":"product_tag","embeddable":true,"href":"https:\/\/proveedoracomercial.com\/clientes\/wp-json\/wp\/v2\/product_tag?post=581"}],"curies":[{"name":"wp","href":"https:\/\/api.w.org\/{rel}","templated":true}]}}