{"id":577,"date":"2024-03-20T05:02:14","date_gmt":"2024-03-20T05:02:14","guid":{"rendered":"https:\/\/proveedoracomercial.com\/clientes\/producto\/kayak-k1-quickpack-bomba-remo-chaleco\/"},"modified":"2024-03-20T05:02:14","modified_gmt":"2024-03-20T05:02:14","slug":"kayak-k1-quickpack-bomba-remo-chaleco","status":"publish","type":"product","link":"https:\/\/proveedoracomercial.com\/clientes\/producto\/kayak-k1-quickpack-bomba-remo-chaleco\/","title":{"rendered":"KAYAK K1 QUICKPACK &#8211; BOMBA\/REMO\/CHALECO"},"content":{"rendered":"","protected":false},"excerpt":{"rendered":"<p>La configuraci\u00f3n de 5 minutos le permite pasar m\u00e1s tiempo en el agua<br \/>\nEl sistema de mochila f\u00e1cil de llevar se convierte en el asiento<br \/>\nLa construcci\u00f3n de PVC de calibre 21 es resistente para el uso del lago<br \/>\nLa parte inferior de lona proporciona protecci\u00f3n duradera contra pinchazos<br \/>\nLas c\u00e1maras de aire m\u00faltiples permiten que otra c\u00e1mara permanezca inflada si se perfora una<br \/>\nEl sistema herm\u00e9tico est\u00e1 garantizado para no fugarse<br \/>\nLas v\u00e1lvulas de doble bloqueo utilizan dos puntos de bloqueo para facilitar la inflaci\u00f3n \/ desinflado<br \/>\nEl respaldo le permite recostarse y disfrutar el viaje<br \/>\nEl reposapi\u00e9s multiposici\u00f3n le permite encontrar su posici\u00f3n m\u00e1s c\u00f3moda<br \/>\nEl \u00e1rea de almacenamiento seguro le permite almacenar art\u00edculos con bungees de forma segura<\/p>\n","protected":false},"featured_media":580,"comment_status":"closed","ping_status":"closed","template":"","meta":{"_joinchat":[]},"store":[],"product_cat":[43,44],"product_tag":[],"class_list":{"0":"post-577","1":"product","2":"type-product","3":"status-publish","4":"has-post-thumbnail","6":"product_cat-botes","7":"product_cat-sevylor","9":"first","10":"instock","11":"shipping-taxable","12":"purchasable","13":"product-type-simple"},"yoast_head":"<!-- This site is optimized with the Yoast SEO plugin v23.5 - https:\/\/yoast.com\/wordpress\/plugins\/seo\/ -->\n<title>KAYAK K1 QUICKPACK - BOMBA\/REMO\/CHALECO -<\/title>\n<meta name=\"robots\" content=\"index, follow, max-snippet:-1, max-image-preview:large, max-video-preview:-1\" \/>\n<link rel=\"canonical\" href=\"https:\/\/proveedoracomercial.com\/clientes\/producto\/kayak-k1-quickpack-bomba-remo-chaleco\/\" \/>\n<meta property=\"og:locale\" content=\"es_MX\" \/>\n<meta property=\"og:type\" content=\"article\" \/>\n<meta property=\"og:title\" content=\"KAYAK K1 QUICKPACK - BOMBA\/REMO\/CHALECO -\" \/>\n<meta property=\"og:description\" content=\"La configuraci\u00f3n de 5 minutos le permite pasar m\u00e1s tiempo en el agua El sistema de mochila f\u00e1cil de llevar se convierte en el asiento La construcci\u00f3n de PVC de calibre 21 es resistente para el uso del lago La parte inferior de lona proporciona protecci\u00f3n duradera contra pinchazos Las c\u00e1maras de aire m\u00faltiples permiten que otra c\u00e1mara permanezca inflada si se perfora una El sistema herm\u00e9tico est\u00e1 garantizado para no fugarse Las v\u00e1lvulas de doble bloqueo utilizan dos puntos de bloqueo para facilitar la inflaci\u00f3n \/ desinflado El respaldo le permite recostarse y disfrutar el viaje El reposapi\u00e9s multiposici\u00f3n le permite encontrar su posici\u00f3n m\u00e1s c\u00f3moda El \u00e1rea de almacenamiento seguro le permite almacenar art\u00edculos con bungees de forma segura\" \/>\n<meta property=\"og:url\" content=\"https:\/\/proveedoracomercial.com\/clientes\/producto\/kayak-k1-quickpack-bomba-remo-chaleco\/\" \/>\n<meta property=\"og:image\" content=\"https:\/\/proveedoracomercial.com\/clientes\/wp-content\/uploads\/sites\/4\/2024\/06\/kayak-quickpack-k1.jpg\" \/>\n\t<meta property=\"og:image:width\" content=\"522\" \/>\n\t<meta property=\"og:image:height\" content=\"522\" \/>\n\t<meta property=\"og:image:type\" content=\"image\/jpeg\" \/>\n<meta name=\"twitter:card\" content=\"summary_large_image\" \/>\n<script type=\"application\/ld+json\" class=\"yoast-schema-graph\">{\"@context\":\"https:\/\/schema.org\",\"@graph\":[{\"@type\":\"WebPage\",\"@id\":\"https:\/\/proveedoracomercial.com\/clientes\/producto\/kayak-k1-quickpack-bomba-remo-chaleco\/\",\"url\":\"https:\/\/proveedoracomercial.com\/clientes\/producto\/kayak-k1-quickpack-bomba-remo-chaleco\/\",\"name\":\"KAYAK K1 QUICKPACK - BOMBA\/REMO\/CHALECO -\",\"isPartOf\":{\"@id\":\"https:\/\/proveedoracomercial.com\/clientes\/#website\"},\"primaryImageOfPage\":{\"@id\":\"https:\/\/proveedoracomercial.com\/clientes\/producto\/kayak-k1-quickpack-bomba-remo-chaleco\/#primaryimage\"},\"image\":{\"@id\":\"https:\/\/proveedoracomercial.com\/clientes\/producto\/kayak-k1-quickpack-bomba-remo-chaleco\/#primaryimage\"},\"thumbnailUrl\":\"https:\/\/proveedoracomercial.com\/clientes\/wp-content\/uploads\/sites\/4\/2024\/06\/kayak-quickpack-k1.jpg\",\"datePublished\":\"2024-03-20T05:02:14+00:00\",\"dateModified\":\"2024-03-20T05:02:14+00:00\",\"breadcrumb\":{\"@id\":\"https:\/\/proveedoracomercial.com\/clientes\/producto\/kayak-k1-quickpack-bomba-remo-chaleco\/#breadcrumb\"},\"inLanguage\":\"es\",\"potentialAction\":[{\"@type\":\"ReadAction\",\"target\":[\"https:\/\/proveedoracomercial.com\/clientes\/producto\/kayak-k1-quickpack-bomba-remo-chaleco\/\"]}]},{\"@type\":\"ImageObject\",\"inLanguage\":\"es\",\"@id\":\"https:\/\/proveedoracomercial.com\/clientes\/producto\/kayak-k1-quickpack-bomba-remo-chaleco\/#primaryimage\",\"url\":\"https:\/\/proveedoracomercial.com\/clientes\/wp-content\/uploads\/sites\/4\/2024\/06\/kayak-quickpack-k1.jpg\",\"contentUrl\":\"https:\/\/proveedoracomercial.com\/clientes\/wp-content\/uploads\/sites\/4\/2024\/06\/kayak-quickpack-k1.jpg\",\"width\":522,\"height\":522},{\"@type\":\"BreadcrumbList\",\"@id\":\"https:\/\/proveedoracomercial.com\/clientes\/producto\/kayak-k1-quickpack-bomba-remo-chaleco\/#breadcrumb\",\"itemListElement\":[{\"@type\":\"ListItem\",\"position\":1,\"name\":\"Portada\",\"item\":\"https:\/\/proveedoracomercial.com\/clientes\/\"},{\"@type\":\"ListItem\",\"position\":2,\"name\":\"Tienda\",\"item\":\"https:\/\/proveedoracomercial.com\/clientes\/tienda\/\"},{\"@type\":\"ListItem\",\"position\":3,\"name\":\"KAYAK K1 QUICKPACK &#8211; BOMBA\/REMO\/CHALECO\"}]},{\"@type\":\"WebSite\",\"@id\":\"https:\/\/proveedoracomercial.com\/clientes\/#website\",\"url\":\"https:\/\/proveedoracomercial.com\/clientes\/\",\"name\":\"\",\"description\":\"\",\"potentialAction\":[{\"@type\":\"SearchAction\",\"target\":{\"@type\":\"EntryPoint\",\"urlTemplate\":\"https:\/\/proveedoracomercial.com\/clientes\/?s={search_term_string}\"},\"query-input\":{\"@type\":\"PropertyValueSpecification\",\"valueRequired\":true,\"valueName\":\"search_term_string\"}}],\"inLanguage\":\"es\"}]}<\/script>\n<!-- \/ Yoast SEO plugin. -->","yoast_head_json":{"title":"KAYAK K1 QUICKPACK - BOMBA\/REMO\/CHALECO -","robots":{"index":"index","follow":"follow","max-snippet":"max-snippet:-1","max-image-preview":"max-image-preview:large","max-video-preview":"max-video-preview:-1"},"canonical":"https:\/\/proveedoracomercial.com\/clientes\/producto\/kayak-k1-quickpack-bomba-remo-chaleco\/","og_locale":"es_MX","og_type":"article","og_title":"KAYAK K1 QUICKPACK - BOMBA\/REMO\/CHALECO -","og_description":"La configuraci\u00f3n de 5 minutos le permite pasar m\u00e1s tiempo en el agua El sistema de mochila f\u00e1cil de llevar se convierte en el asiento La construcci\u00f3n de PVC de calibre 21 es resistente para el uso del lago La parte inferior de lona proporciona protecci\u00f3n duradera contra pinchazos Las c\u00e1maras de aire m\u00faltiples permiten que otra c\u00e1mara permanezca inflada si se perfora una El sistema herm\u00e9tico est\u00e1 garantizado para no fugarse Las v\u00e1lvulas de doble bloqueo utilizan dos puntos de bloqueo para facilitar la inflaci\u00f3n \/ desinflado El respaldo le permite recostarse y disfrutar el viaje El reposapi\u00e9s multiposici\u00f3n le permite encontrar su posici\u00f3n m\u00e1s c\u00f3moda El \u00e1rea de almacenamiento seguro le permite almacenar art\u00edculos con bungees de forma segura","og_url":"https:\/\/proveedoracomercial.com\/clientes\/producto\/kayak-k1-quickpack-bomba-remo-chaleco\/","og_image":[{"width":522,"height":522,"url":"https:\/\/proveedoracomercial.com\/clientes\/wp-content\/uploads\/sites\/4\/2024\/06\/kayak-quickpack-k1.jpg","type":"image\/jpeg"}],"twitter_card":"summary_large_image","schema":{"@context":"https:\/\/schema.org","@graph":[{"@type":"WebPage","@id":"https:\/\/proveedoracomercial.com\/clientes\/producto\/kayak-k1-quickpack-bomba-remo-chaleco\/","url":"https:\/\/proveedoracomercial.com\/clientes\/producto\/kayak-k1-quickpack-bomba-remo-chaleco\/","name":"KAYAK K1 QUICKPACK - BOMBA\/REMO\/CHALECO -","isPartOf":{"@id":"https:\/\/proveedoracomercial.com\/clientes\/#website"},"primaryImageOfPage":{"@id":"https:\/\/proveedoracomercial.com\/clientes\/producto\/kayak-k1-quickpack-bomba-remo-chaleco\/#primaryimage"},"image":{"@id":"https:\/\/proveedoracomercial.com\/clientes\/producto\/kayak-k1-quickpack-bomba-remo-chaleco\/#primaryimage"},"thumbnailUrl":"https:\/\/proveedoracomercial.com\/clientes\/wp-content\/uploads\/sites\/4\/2024\/06\/kayak-quickpack-k1.jpg","datePublished":"2024-03-20T05:02:14+00:00","dateModified":"2024-03-20T05:02:14+00:00","breadcrumb":{"@id":"https:\/\/proveedoracomercial.com\/clientes\/producto\/kayak-k1-quickpack-bomba-remo-chaleco\/#breadcrumb"},"inLanguage":"es","potentialAction":[{"@type":"ReadAction","target":["https:\/\/proveedoracomercial.com\/clientes\/producto\/kayak-k1-quickpack-bomba-remo-chaleco\/"]}]},{"@type":"ImageObject","inLanguage":"es","@id":"https:\/\/proveedoracomercial.com\/clientes\/producto\/kayak-k1-quickpack-bomba-remo-chaleco\/#primaryimage","url":"https:\/\/proveedoracomercial.com\/clientes\/wp-content\/uploads\/sites\/4\/2024\/06\/kayak-quickpack-k1.jpg","contentUrl":"https:\/\/proveedoracomercial.com\/clientes\/wp-content\/uploads\/sites\/4\/2024\/06\/kayak-quickpack-k1.jpg","width":522,"height":522},{"@type":"BreadcrumbList","@id":"https:\/\/proveedoracomercial.com\/clientes\/producto\/kayak-k1-quickpack-bomba-remo-chaleco\/#breadcrumb","itemListElement":[{"@type":"ListItem","position":1,"name":"Portada","item":"https:\/\/proveedoracomercial.com\/clientes\/"},{"@type":"ListItem","position":2,"name":"Tienda","item":"https:\/\/proveedoracomercial.com\/clientes\/tienda\/"},{"@type":"ListItem","position":3,"name":"KAYAK K1 QUICKPACK &#8211; BOMBA\/REMO\/CHALECO"}]},{"@type":"WebSite","@id":"https:\/\/proveedoracomercial.com\/clientes\/#website","url":"https:\/\/proveedoracomercial.com\/clientes\/","name":"","description":"","potentialAction":[{"@type":"SearchAction","target":{"@type":"EntryPoint","urlTemplate":"https:\/\/proveedoracomercial.com\/clientes\/?s={search_term_string}"},"query-input":{"@type":"PropertyValueSpecification","valueRequired":true,"valueName":"search_term_string"}}],"inLanguage":"es"}]}},"_links":{"self":[{"href":"https:\/\/proveedoracomercial.com\/clientes\/wp-json\/wp\/v2\/product\/577","targetHints":{"allow":["GET"]}}],"collection":[{"href":"https:\/\/proveedoracomercial.com\/clientes\/wp-json\/wp\/v2\/product"}],"about":[{"href":"https:\/\/proveedoracomercial.com\/clientes\/wp-json\/wp\/v2\/types\/product"}],"replies":[{"embeddable":true,"href":"https:\/\/proveedoracomercial.com\/clientes\/wp-json\/wp\/v2\/comments?post=577"}],"wp:featuredmedia":[{"embeddable":true,"href":"https:\/\/proveedoracomercial.com\/clientes\/wp-json\/wp\/v2\/media\/580"}],"wp:attachment":[{"href":"https:\/\/proveedoracomercial.com\/clientes\/wp-json\/wp\/v2\/media?parent=577"}],"wp:term":[{"taxonomy":"store","embeddable":true,"href":"https:\/\/proveedoracomercial.com\/clientes\/wp-json\/wp\/v2\/store?post=577"},{"taxonomy":"product_cat","embeddable":true,"href":"https:\/\/proveedoracomercial.com\/clientes\/wp-json\/wp\/v2\/product_cat?post=577"},{"taxonomy":"product_tag","embeddable":true,"href":"https:\/\/proveedoracomercial.com\/clientes\/wp-json\/wp\/v2\/product_tag?post=577"}],"curies":[{"name":"wp","href":"https:\/\/api.w.org\/{rel}","templated":true}]}}