{"id":570,"date":"2024-03-20T05:02:14","date_gmt":"2024-03-20T05:02:14","guid":{"rendered":"https:\/\/proveedoracomercial.com\/clientes\/producto\/kayak-fiji-para-2-personas\/"},"modified":"2024-03-20T05:02:14","modified_gmt":"2024-03-20T05:02:14","slug":"kayak-fiji-para-2-personas","status":"publish","type":"product","link":"https:\/\/proveedoracomercial.com\/clientes\/producto\/kayak-fiji-para-2-personas\/","title":{"rendered":"KAYAK FIJI PARA 2 PERSONAS"},"content":{"rendered":"","protected":false},"excerpt":{"rendered":"<p>Dos cubiertas de pulverizaci\u00f3n<\/p>\n<p>Bloquea las salpicadura para mantenerte seco<\/p>\n<p>Incluye un remo y bolsa transportadora<\/p>\n<p>Asiento fijo en la parte trasera, el asiento central se puede mover para ajustarse a usted.<\/p>\n<p>V\u00e1lvulas de doble bloqueo que hace el trabajo m\u00e1s f\u00e1cil<\/p>\n","protected":false},"featured_media":572,"comment_status":"closed","ping_status":"closed","template":"","meta":{"_joinchat":[]},"store":[],"product_cat":[43,44],"product_tag":[79,200,196,47],"class_list":{"0":"post-570","1":"product","2":"type-product","3":"status-publish","4":"has-post-thumbnail","6":"product_cat-botes","7":"product_cat-sevylor","8":"product_tag-2-personas","9":"product_tag-fiji","10":"product_tag-kayak","11":"product_tag-sevylor","13":"first","14":"instock","15":"shipping-taxable","16":"purchasable","17":"product-type-simple"},"yoast_head":"<!-- This site is optimized with the Yoast SEO plugin v23.5 - https:\/\/yoast.com\/wordpress\/plugins\/seo\/ -->\n<title>KAYAK FIJI PARA 2 PERSONAS -<\/title>\n<meta name=\"robots\" content=\"index, follow, max-snippet:-1, max-image-preview:large, max-video-preview:-1\" \/>\n<link rel=\"canonical\" href=\"https:\/\/proveedoracomercial.com\/clientes\/producto\/kayak-fiji-para-2-personas\/\" \/>\n<meta property=\"og:locale\" content=\"es_MX\" \/>\n<meta property=\"og:type\" content=\"article\" \/>\n<meta property=\"og:title\" content=\"KAYAK FIJI PARA 2 PERSONAS -\" \/>\n<meta property=\"og:description\" content=\"Dos cubiertas de pulverizaci\u00f3n  Bloquea las salpicadura para mantenerte seco  Incluye un remo y bolsa transportadora  Asiento fijo en la parte trasera, el asiento central se puede mover para ajustarse a usted.  V\u00e1lvulas de doble bloqueo que hace el trabajo m\u00e1s f\u00e1cil\" \/>\n<meta property=\"og:url\" content=\"https:\/\/proveedoracomercial.com\/clientes\/producto\/kayak-fiji-para-2-personas\/\" \/>\n<meta property=\"og:image\" content=\"https:\/\/proveedoracomercial.com\/clientes\/wp-content\/uploads\/sites\/4\/2024\/06\/kayak-fiji.jpg\" \/>\n\t<meta property=\"og:image:width\" content=\"425\" \/>\n\t<meta property=\"og:image:height\" content=\"425\" \/>\n\t<meta property=\"og:image:type\" content=\"image\/jpeg\" \/>\n<meta name=\"twitter:card\" content=\"summary_large_image\" \/>\n<script type=\"application\/ld+json\" class=\"yoast-schema-graph\">{\"@context\":\"https:\/\/schema.org\",\"@graph\":[{\"@type\":\"WebPage\",\"@id\":\"https:\/\/proveedoracomercial.com\/clientes\/producto\/kayak-fiji-para-2-personas\/\",\"url\":\"https:\/\/proveedoracomercial.com\/clientes\/producto\/kayak-fiji-para-2-personas\/\",\"name\":\"KAYAK FIJI PARA 2 PERSONAS -\",\"isPartOf\":{\"@id\":\"https:\/\/proveedoracomercial.com\/clientes\/#website\"},\"primaryImageOfPage\":{\"@id\":\"https:\/\/proveedoracomercial.com\/clientes\/producto\/kayak-fiji-para-2-personas\/#primaryimage\"},\"image\":{\"@id\":\"https:\/\/proveedoracomercial.com\/clientes\/producto\/kayak-fiji-para-2-personas\/#primaryimage\"},\"thumbnailUrl\":\"https:\/\/proveedoracomercial.com\/clientes\/wp-content\/uploads\/sites\/4\/2024\/06\/kayak-fiji.jpg\",\"datePublished\":\"2024-03-20T05:02:14+00:00\",\"dateModified\":\"2024-03-20T05:02:14+00:00\",\"breadcrumb\":{\"@id\":\"https:\/\/proveedoracomercial.com\/clientes\/producto\/kayak-fiji-para-2-personas\/#breadcrumb\"},\"inLanguage\":\"es\",\"potentialAction\":[{\"@type\":\"ReadAction\",\"target\":[\"https:\/\/proveedoracomercial.com\/clientes\/producto\/kayak-fiji-para-2-personas\/\"]}]},{\"@type\":\"ImageObject\",\"inLanguage\":\"es\",\"@id\":\"https:\/\/proveedoracomercial.com\/clientes\/producto\/kayak-fiji-para-2-personas\/#primaryimage\",\"url\":\"https:\/\/proveedoracomercial.com\/clientes\/wp-content\/uploads\/sites\/4\/2024\/06\/kayak-fiji.jpg\",\"contentUrl\":\"https:\/\/proveedoracomercial.com\/clientes\/wp-content\/uploads\/sites\/4\/2024\/06\/kayak-fiji.jpg\",\"width\":425,\"height\":425},{\"@type\":\"BreadcrumbList\",\"@id\":\"https:\/\/proveedoracomercial.com\/clientes\/producto\/kayak-fiji-para-2-personas\/#breadcrumb\",\"itemListElement\":[{\"@type\":\"ListItem\",\"position\":1,\"name\":\"Portada\",\"item\":\"https:\/\/proveedoracomercial.com\/clientes\/\"},{\"@type\":\"ListItem\",\"position\":2,\"name\":\"Tienda\",\"item\":\"https:\/\/proveedoracomercial.com\/clientes\/tienda\/\"},{\"@type\":\"ListItem\",\"position\":3,\"name\":\"KAYAK FIJI PARA 2 PERSONAS\"}]},{\"@type\":\"WebSite\",\"@id\":\"https:\/\/proveedoracomercial.com\/clientes\/#website\",\"url\":\"https:\/\/proveedoracomercial.com\/clientes\/\",\"name\":\"\",\"description\":\"\",\"potentialAction\":[{\"@type\":\"SearchAction\",\"target\":{\"@type\":\"EntryPoint\",\"urlTemplate\":\"https:\/\/proveedoracomercial.com\/clientes\/?s={search_term_string}\"},\"query-input\":{\"@type\":\"PropertyValueSpecification\",\"valueRequired\":true,\"valueName\":\"search_term_string\"}}],\"inLanguage\":\"es\"}]}<\/script>\n<!-- \/ Yoast SEO plugin. -->","yoast_head_json":{"title":"KAYAK FIJI PARA 2 PERSONAS -","robots":{"index":"index","follow":"follow","max-snippet":"max-snippet:-1","max-image-preview":"max-image-preview:large","max-video-preview":"max-video-preview:-1"},"canonical":"https:\/\/proveedoracomercial.com\/clientes\/producto\/kayak-fiji-para-2-personas\/","og_locale":"es_MX","og_type":"article","og_title":"KAYAK FIJI PARA 2 PERSONAS -","og_description":"Dos cubiertas de pulverizaci\u00f3n  Bloquea las salpicadura para mantenerte seco  Incluye un remo y bolsa transportadora  Asiento fijo en la parte trasera, el asiento central se puede mover para ajustarse a usted.  V\u00e1lvulas de doble bloqueo que hace el trabajo m\u00e1s f\u00e1cil","og_url":"https:\/\/proveedoracomercial.com\/clientes\/producto\/kayak-fiji-para-2-personas\/","og_image":[{"width":425,"height":425,"url":"https:\/\/proveedoracomercial.com\/clientes\/wp-content\/uploads\/sites\/4\/2024\/06\/kayak-fiji.jpg","type":"image\/jpeg"}],"twitter_card":"summary_large_image","schema":{"@context":"https:\/\/schema.org","@graph":[{"@type":"WebPage","@id":"https:\/\/proveedoracomercial.com\/clientes\/producto\/kayak-fiji-para-2-personas\/","url":"https:\/\/proveedoracomercial.com\/clientes\/producto\/kayak-fiji-para-2-personas\/","name":"KAYAK FIJI PARA 2 PERSONAS -","isPartOf":{"@id":"https:\/\/proveedoracomercial.com\/clientes\/#website"},"primaryImageOfPage":{"@id":"https:\/\/proveedoracomercial.com\/clientes\/producto\/kayak-fiji-para-2-personas\/#primaryimage"},"image":{"@id":"https:\/\/proveedoracomercial.com\/clientes\/producto\/kayak-fiji-para-2-personas\/#primaryimage"},"thumbnailUrl":"https:\/\/proveedoracomercial.com\/clientes\/wp-content\/uploads\/sites\/4\/2024\/06\/kayak-fiji.jpg","datePublished":"2024-03-20T05:02:14+00:00","dateModified":"2024-03-20T05:02:14+00:00","breadcrumb":{"@id":"https:\/\/proveedoracomercial.com\/clientes\/producto\/kayak-fiji-para-2-personas\/#breadcrumb"},"inLanguage":"es","potentialAction":[{"@type":"ReadAction","target":["https:\/\/proveedoracomercial.com\/clientes\/producto\/kayak-fiji-para-2-personas\/"]}]},{"@type":"ImageObject","inLanguage":"es","@id":"https:\/\/proveedoracomercial.com\/clientes\/producto\/kayak-fiji-para-2-personas\/#primaryimage","url":"https:\/\/proveedoracomercial.com\/clientes\/wp-content\/uploads\/sites\/4\/2024\/06\/kayak-fiji.jpg","contentUrl":"https:\/\/proveedoracomercial.com\/clientes\/wp-content\/uploads\/sites\/4\/2024\/06\/kayak-fiji.jpg","width":425,"height":425},{"@type":"BreadcrumbList","@id":"https:\/\/proveedoracomercial.com\/clientes\/producto\/kayak-fiji-para-2-personas\/#breadcrumb","itemListElement":[{"@type":"ListItem","position":1,"name":"Portada","item":"https:\/\/proveedoracomercial.com\/clientes\/"},{"@type":"ListItem","position":2,"name":"Tienda","item":"https:\/\/proveedoracomercial.com\/clientes\/tienda\/"},{"@type":"ListItem","position":3,"name":"KAYAK FIJI PARA 2 PERSONAS"}]},{"@type":"WebSite","@id":"https:\/\/proveedoracomercial.com\/clientes\/#website","url":"https:\/\/proveedoracomercial.com\/clientes\/","name":"","description":"","potentialAction":[{"@type":"SearchAction","target":{"@type":"EntryPoint","urlTemplate":"https:\/\/proveedoracomercial.com\/clientes\/?s={search_term_string}"},"query-input":{"@type":"PropertyValueSpecification","valueRequired":true,"valueName":"search_term_string"}}],"inLanguage":"es"}]}},"_links":{"self":[{"href":"https:\/\/proveedoracomercial.com\/clientes\/wp-json\/wp\/v2\/product\/570","targetHints":{"allow":["GET"]}}],"collection":[{"href":"https:\/\/proveedoracomercial.com\/clientes\/wp-json\/wp\/v2\/product"}],"about":[{"href":"https:\/\/proveedoracomercial.com\/clientes\/wp-json\/wp\/v2\/types\/product"}],"replies":[{"embeddable":true,"href":"https:\/\/proveedoracomercial.com\/clientes\/wp-json\/wp\/v2\/comments?post=570"}],"wp:featuredmedia":[{"embeddable":true,"href":"https:\/\/proveedoracomercial.com\/clientes\/wp-json\/wp\/v2\/media\/572"}],"wp:attachment":[{"href":"https:\/\/proveedoracomercial.com\/clientes\/wp-json\/wp\/v2\/media?parent=570"}],"wp:term":[{"taxonomy":"store","embeddable":true,"href":"https:\/\/proveedoracomercial.com\/clientes\/wp-json\/wp\/v2\/store?post=570"},{"taxonomy":"product_cat","embeddable":true,"href":"https:\/\/proveedoracomercial.com\/clientes\/wp-json\/wp\/v2\/product_cat?post=570"},{"taxonomy":"product_tag","embeddable":true,"href":"https:\/\/proveedoracomercial.com\/clientes\/wp-json\/wp\/v2\/product_tag?post=570"}],"curies":[{"name":"wp","href":"https:\/\/api.w.org\/{rel}","templated":true}]}}