{"id":550,"date":"2024-03-20T05:02:15","date_gmt":"2024-03-20T05:02:15","guid":{"rendered":"https:\/\/proveedoracomercial.com\/clientes\/producto\/remo-de-aluminio-beige\/"},"modified":"2024-03-20T05:02:15","modified_gmt":"2024-03-20T05:02:15","slug":"remo-de-aluminio-beige","status":"publish","type":"product","link":"https:\/\/proveedoracomercial.com\/clientes\/producto\/remo-de-aluminio-beige\/","title":{"rendered":"REMO DE ALUMINIO BEIGE"},"content":{"rendered":"","protected":false},"excerpt":{"rendered":"<ul>\n<li>Remos Duraderos, eje de aluminio robusto y liviano.<\/li>\n<li>Anillos de goteo, mantenga las manos secas mientras remas.<\/li>\n<li>Buen desempe\u00f1o, hojas en forma de cuchara con collarines de tensi\u00f3n.<\/li>\n<li>1.3 metros longitud del remo.<\/li>\n<li>Ideales para botes de hasta 2.7 metros.<\/li>\n<li>Flotan una vez armados.<\/li>\n<li>Para m\u00e1xima resistencia y eficiencia, inserte la ca\u00f1a interior al menos 15.2 cm en la otra ca\u00f1a.<\/li>\n<\/ul>\n","protected":false},"featured_media":552,"comment_status":"closed","ping_status":"closed","template":"","meta":{"_joinchat":[]},"store":[],"product_cat":[89,193],"product_tag":[],"class_list":{"0":"post-550","1":"product","2":"type-product","3":"status-publish","4":"has-post-thumbnail","6":"product_cat-accesorios","7":"product_cat-sevylor-accesorios","9":"first","10":"instock","11":"shipping-taxable","12":"purchasable","13":"product-type-simple"},"yoast_head":"<!-- This site is optimized with the Yoast SEO plugin v23.5 - https:\/\/yoast.com\/wordpress\/plugins\/seo\/ -->\n<title>REMO DE ALUMINIO BEIGE -<\/title>\n<meta name=\"robots\" content=\"index, follow, max-snippet:-1, max-image-preview:large, max-video-preview:-1\" \/>\n<link rel=\"canonical\" href=\"https:\/\/proveedoracomercial.com\/clientes\/producto\/remo-de-aluminio-beige\/\" \/>\n<meta property=\"og:locale\" content=\"es_MX\" \/>\n<meta property=\"og:type\" content=\"article\" \/>\n<meta property=\"og:title\" content=\"REMO DE ALUMINIO BEIGE -\" \/>\n<meta property=\"og:description\" content=\"Remos Duraderos, eje de aluminio robusto y liviano.  Anillos de goteo, mantenga las manos secas mientras remas.  Buen desempe\u00f1o, hojas en forma de cuchara con collarines de tensi\u00f3n.  1.3 metros longitud del remo.  Ideales para botes de hasta 2.7 metros.  Flotan una vez armados.  Para m\u00e1xima resistencia y eficiencia, inserte la ca\u00f1a interior al menos 15.2 cm en la otra ca\u00f1a.\" \/>\n<meta property=\"og:url\" content=\"https:\/\/proveedoracomercial.com\/clientes\/producto\/remo-de-aluminio-beige\/\" \/>\n<meta property=\"og:image\" content=\"https:\/\/proveedoracomercial.com\/clientes\/wp-content\/uploads\/sites\/4\/2024\/06\/remos-beige-sevylor.jpg\" \/>\n\t<meta property=\"og:image:width\" content=\"600\" \/>\n\t<meta property=\"og:image:height\" content=\"600\" \/>\n\t<meta property=\"og:image:type\" content=\"image\/jpeg\" \/>\n<meta name=\"twitter:card\" content=\"summary_large_image\" \/>\n<script type=\"application\/ld+json\" class=\"yoast-schema-graph\">{\"@context\":\"https:\/\/schema.org\",\"@graph\":[{\"@type\":\"WebPage\",\"@id\":\"https:\/\/proveedoracomercial.com\/clientes\/producto\/remo-de-aluminio-beige\/\",\"url\":\"https:\/\/proveedoracomercial.com\/clientes\/producto\/remo-de-aluminio-beige\/\",\"name\":\"REMO DE ALUMINIO BEIGE -\",\"isPartOf\":{\"@id\":\"https:\/\/proveedoracomercial.com\/clientes\/#website\"},\"primaryImageOfPage\":{\"@id\":\"https:\/\/proveedoracomercial.com\/clientes\/producto\/remo-de-aluminio-beige\/#primaryimage\"},\"image\":{\"@id\":\"https:\/\/proveedoracomercial.com\/clientes\/producto\/remo-de-aluminio-beige\/#primaryimage\"},\"thumbnailUrl\":\"https:\/\/proveedoracomercial.com\/clientes\/wp-content\/uploads\/sites\/4\/2024\/06\/remos-beige-sevylor.jpg\",\"datePublished\":\"2024-03-20T05:02:15+00:00\",\"dateModified\":\"2024-03-20T05:02:15+00:00\",\"breadcrumb\":{\"@id\":\"https:\/\/proveedoracomercial.com\/clientes\/producto\/remo-de-aluminio-beige\/#breadcrumb\"},\"inLanguage\":\"es\",\"potentialAction\":[{\"@type\":\"ReadAction\",\"target\":[\"https:\/\/proveedoracomercial.com\/clientes\/producto\/remo-de-aluminio-beige\/\"]}]},{\"@type\":\"ImageObject\",\"inLanguage\":\"es\",\"@id\":\"https:\/\/proveedoracomercial.com\/clientes\/producto\/remo-de-aluminio-beige\/#primaryimage\",\"url\":\"https:\/\/proveedoracomercial.com\/clientes\/wp-content\/uploads\/sites\/4\/2024\/06\/remos-beige-sevylor.jpg\",\"contentUrl\":\"https:\/\/proveedoracomercial.com\/clientes\/wp-content\/uploads\/sites\/4\/2024\/06\/remos-beige-sevylor.jpg\",\"width\":600,\"height\":600},{\"@type\":\"BreadcrumbList\",\"@id\":\"https:\/\/proveedoracomercial.com\/clientes\/producto\/remo-de-aluminio-beige\/#breadcrumb\",\"itemListElement\":[{\"@type\":\"ListItem\",\"position\":1,\"name\":\"Portada\",\"item\":\"https:\/\/proveedoracomercial.com\/clientes\/\"},{\"@type\":\"ListItem\",\"position\":2,\"name\":\"Tienda\",\"item\":\"https:\/\/proveedoracomercial.com\/clientes\/tienda\/\"},{\"@type\":\"ListItem\",\"position\":3,\"name\":\"REMO DE ALUMINIO BEIGE\"}]},{\"@type\":\"WebSite\",\"@id\":\"https:\/\/proveedoracomercial.com\/clientes\/#website\",\"url\":\"https:\/\/proveedoracomercial.com\/clientes\/\",\"name\":\"\",\"description\":\"\",\"potentialAction\":[{\"@type\":\"SearchAction\",\"target\":{\"@type\":\"EntryPoint\",\"urlTemplate\":\"https:\/\/proveedoracomercial.com\/clientes\/?s={search_term_string}\"},\"query-input\":{\"@type\":\"PropertyValueSpecification\",\"valueRequired\":true,\"valueName\":\"search_term_string\"}}],\"inLanguage\":\"es\"}]}<\/script>\n<!-- \/ Yoast SEO plugin. -->","yoast_head_json":{"title":"REMO DE ALUMINIO BEIGE -","robots":{"index":"index","follow":"follow","max-snippet":"max-snippet:-1","max-image-preview":"max-image-preview:large","max-video-preview":"max-video-preview:-1"},"canonical":"https:\/\/proveedoracomercial.com\/clientes\/producto\/remo-de-aluminio-beige\/","og_locale":"es_MX","og_type":"article","og_title":"REMO DE ALUMINIO BEIGE -","og_description":"Remos Duraderos, eje de aluminio robusto y liviano.  Anillos de goteo, mantenga las manos secas mientras remas.  Buen desempe\u00f1o, hojas en forma de cuchara con collarines de tensi\u00f3n.  1.3 metros longitud del remo.  Ideales para botes de hasta 2.7 metros.  Flotan una vez armados.  Para m\u00e1xima resistencia y eficiencia, inserte la ca\u00f1a interior al menos 15.2 cm en la otra ca\u00f1a.","og_url":"https:\/\/proveedoracomercial.com\/clientes\/producto\/remo-de-aluminio-beige\/","og_image":[{"width":600,"height":600,"url":"https:\/\/proveedoracomercial.com\/clientes\/wp-content\/uploads\/sites\/4\/2024\/06\/remos-beige-sevylor.jpg","type":"image\/jpeg"}],"twitter_card":"summary_large_image","schema":{"@context":"https:\/\/schema.org","@graph":[{"@type":"WebPage","@id":"https:\/\/proveedoracomercial.com\/clientes\/producto\/remo-de-aluminio-beige\/","url":"https:\/\/proveedoracomercial.com\/clientes\/producto\/remo-de-aluminio-beige\/","name":"REMO DE ALUMINIO BEIGE -","isPartOf":{"@id":"https:\/\/proveedoracomercial.com\/clientes\/#website"},"primaryImageOfPage":{"@id":"https:\/\/proveedoracomercial.com\/clientes\/producto\/remo-de-aluminio-beige\/#primaryimage"},"image":{"@id":"https:\/\/proveedoracomercial.com\/clientes\/producto\/remo-de-aluminio-beige\/#primaryimage"},"thumbnailUrl":"https:\/\/proveedoracomercial.com\/clientes\/wp-content\/uploads\/sites\/4\/2024\/06\/remos-beige-sevylor.jpg","datePublished":"2024-03-20T05:02:15+00:00","dateModified":"2024-03-20T05:02:15+00:00","breadcrumb":{"@id":"https:\/\/proveedoracomercial.com\/clientes\/producto\/remo-de-aluminio-beige\/#breadcrumb"},"inLanguage":"es","potentialAction":[{"@type":"ReadAction","target":["https:\/\/proveedoracomercial.com\/clientes\/producto\/remo-de-aluminio-beige\/"]}]},{"@type":"ImageObject","inLanguage":"es","@id":"https:\/\/proveedoracomercial.com\/clientes\/producto\/remo-de-aluminio-beige\/#primaryimage","url":"https:\/\/proveedoracomercial.com\/clientes\/wp-content\/uploads\/sites\/4\/2024\/06\/remos-beige-sevylor.jpg","contentUrl":"https:\/\/proveedoracomercial.com\/clientes\/wp-content\/uploads\/sites\/4\/2024\/06\/remos-beige-sevylor.jpg","width":600,"height":600},{"@type":"BreadcrumbList","@id":"https:\/\/proveedoracomercial.com\/clientes\/producto\/remo-de-aluminio-beige\/#breadcrumb","itemListElement":[{"@type":"ListItem","position":1,"name":"Portada","item":"https:\/\/proveedoracomercial.com\/clientes\/"},{"@type":"ListItem","position":2,"name":"Tienda","item":"https:\/\/proveedoracomercial.com\/clientes\/tienda\/"},{"@type":"ListItem","position":3,"name":"REMO DE ALUMINIO BEIGE"}]},{"@type":"WebSite","@id":"https:\/\/proveedoracomercial.com\/clientes\/#website","url":"https:\/\/proveedoracomercial.com\/clientes\/","name":"","description":"","potentialAction":[{"@type":"SearchAction","target":{"@type":"EntryPoint","urlTemplate":"https:\/\/proveedoracomercial.com\/clientes\/?s={search_term_string}"},"query-input":{"@type":"PropertyValueSpecification","valueRequired":true,"valueName":"search_term_string"}}],"inLanguage":"es"}]}},"_links":{"self":[{"href":"https:\/\/proveedoracomercial.com\/clientes\/wp-json\/wp\/v2\/product\/550","targetHints":{"allow":["GET"]}}],"collection":[{"href":"https:\/\/proveedoracomercial.com\/clientes\/wp-json\/wp\/v2\/product"}],"about":[{"href":"https:\/\/proveedoracomercial.com\/clientes\/wp-json\/wp\/v2\/types\/product"}],"replies":[{"embeddable":true,"href":"https:\/\/proveedoracomercial.com\/clientes\/wp-json\/wp\/v2\/comments?post=550"}],"wp:featuredmedia":[{"embeddable":true,"href":"https:\/\/proveedoracomercial.com\/clientes\/wp-json\/wp\/v2\/media\/552"}],"wp:attachment":[{"href":"https:\/\/proveedoracomercial.com\/clientes\/wp-json\/wp\/v2\/media?parent=550"}],"wp:term":[{"taxonomy":"store","embeddable":true,"href":"https:\/\/proveedoracomercial.com\/clientes\/wp-json\/wp\/v2\/store?post=550"},{"taxonomy":"product_cat","embeddable":true,"href":"https:\/\/proveedoracomercial.com\/clientes\/wp-json\/wp\/v2\/product_cat?post=550"},{"taxonomy":"product_tag","embeddable":true,"href":"https:\/\/proveedoracomercial.com\/clientes\/wp-json\/wp\/v2\/product_tag?post=550"}],"curies":[{"name":"wp","href":"https:\/\/api.w.org\/{rel}","templated":true}]}}