{"id":511,"date":"2024-03-21T00:08:30","date_gmt":"2024-03-21T00:08:30","guid":{"rendered":"https:\/\/proveedoracomercial.com\/clientes\/producto\/puddle-jumper-3d-bahamas-de-cocodrilo\/"},"modified":"2024-03-21T00:08:30","modified_gmt":"2024-03-21T00:08:30","slug":"puddle-jumper-3d-bahamas-de-cocodrilo","status":"publish","type":"product","link":"https:\/\/proveedoracomercial.com\/clientes\/producto\/puddle-jumper-3d-bahamas-de-cocodrilo\/","title":{"rendered":"PUDDLE JUMPER 3D BAHAMAS DE COCODRILO"},"content":{"rendered":"","protected":false},"excerpt":{"rendered":"<p>\u2022 Chaleco salvavidas aprobado por la Guardia Costera de los Estados Unidos &#8211; Tipo V \/ III<br \/>\n\u2022 Cuando se usa, puede sustituir a un chaleco salvavidas Tipo III<br \/>\n\u2022 El tejido antimicrobiano resiste la formaci\u00f3n de olores, moho, hongos y hongos en el producto<br \/>\n\u2022 Tejido de poli\u00e9ster para un tejido m\u00e1s suave con menos rozaduras.<br \/>\n\u2022 Divertido personaje 3D en el frente para m\u00e1s diversi\u00f3n en el agua.<br \/>\n\u2022 Ayuda a los principiantes en el agua a aprender a nadar.<br \/>\n\u2022 Dise\u00f1o c\u00f3modo, m\u00e1s libertad para nadar y jugar.<br \/>\n\u2022 Cierre de hebilla ajustable en la espalda.<br \/>\n\u2022 Se adapta a los ni\u00f1os 30-50 libras.<\/p>\n","protected":false},"featured_media":512,"comment_status":"closed","ping_status":"closed","template":"","meta":{"_joinchat":[]},"store":[],"product_cat":[182,181],"product_tag":[],"class_list":{"0":"post-511","1":"product","2":"type-product","3":"status-publish","4":"has-post-thumbnail","6":"product_cat-puddle-jumper","7":"product_cat-salvavidas","9":"first","10":"instock","11":"shipping-taxable","12":"purchasable","13":"product-type-simple"},"yoast_head":"<!-- This site is optimized with the Yoast SEO plugin v23.5 - https:\/\/yoast.com\/wordpress\/plugins\/seo\/ -->\n<title>PUDDLE JUMPER 3D BAHAMAS DE COCODRILO -<\/title>\n<meta name=\"robots\" content=\"index, follow, max-snippet:-1, max-image-preview:large, max-video-preview:-1\" \/>\n<link rel=\"canonical\" href=\"https:\/\/proveedoracomercial.com\/clientes\/producto\/puddle-jumper-3d-bahamas-de-cocodrilo\/\" \/>\n<meta property=\"og:locale\" content=\"es_MX\" \/>\n<meta property=\"og:type\" content=\"article\" \/>\n<meta property=\"og:title\" content=\"PUDDLE JUMPER 3D BAHAMAS DE COCODRILO -\" \/>\n<meta property=\"og:description\" content=\"\u2022 Chaleco salvavidas aprobado por la Guardia Costera de los Estados Unidos - Tipo V \/ III \u2022 Cuando se usa, puede sustituir a un chaleco salvavidas Tipo III \u2022 El tejido antimicrobiano resiste la formaci\u00f3n de olores, moho, hongos y hongos en el producto \u2022 Tejido de poli\u00e9ster para un tejido m\u00e1s suave con menos rozaduras. \u2022 Divertido personaje 3D en el frente para m\u00e1s diversi\u00f3n en el agua. \u2022 Ayuda a los principiantes en el agua a aprender a nadar. \u2022 Dise\u00f1o c\u00f3modo, m\u00e1s libertad para nadar y jugar. \u2022 Cierre de hebilla ajustable en la espalda. \u2022 Se adapta a los ni\u00f1os 30-50 libras.\" \/>\n<meta property=\"og:url\" content=\"https:\/\/proveedoracomercial.com\/clientes\/producto\/puddle-jumper-3d-bahamas-de-cocodrilo\/\" \/>\n<meta property=\"og:image\" content=\"https:\/\/proveedoracomercial.com\/clientes\/wp-content\/uploads\/sites\/4\/2024\/06\/2000013764_puddlejumper.jpg\" \/>\n\t<meta property=\"og:image:width\" content=\"2000\" \/>\n\t<meta property=\"og:image:height\" content=\"2000\" \/>\n\t<meta property=\"og:image:type\" content=\"image\/jpeg\" \/>\n<meta name=\"twitter:card\" content=\"summary_large_image\" \/>\n<script type=\"application\/ld+json\" class=\"yoast-schema-graph\">{\"@context\":\"https:\/\/schema.org\",\"@graph\":[{\"@type\":\"WebPage\",\"@id\":\"https:\/\/proveedoracomercial.com\/clientes\/producto\/puddle-jumper-3d-bahamas-de-cocodrilo\/\",\"url\":\"https:\/\/proveedoracomercial.com\/clientes\/producto\/puddle-jumper-3d-bahamas-de-cocodrilo\/\",\"name\":\"PUDDLE JUMPER 3D BAHAMAS DE COCODRILO -\",\"isPartOf\":{\"@id\":\"https:\/\/proveedoracomercial.com\/clientes\/#website\"},\"primaryImageOfPage\":{\"@id\":\"https:\/\/proveedoracomercial.com\/clientes\/producto\/puddle-jumper-3d-bahamas-de-cocodrilo\/#primaryimage\"},\"image\":{\"@id\":\"https:\/\/proveedoracomercial.com\/clientes\/producto\/puddle-jumper-3d-bahamas-de-cocodrilo\/#primaryimage\"},\"thumbnailUrl\":\"https:\/\/proveedoracomercial.com\/clientes\/wp-content\/uploads\/sites\/4\/2024\/06\/2000013764_puddlejumper.jpg\",\"datePublished\":\"2024-03-21T00:08:30+00:00\",\"dateModified\":\"2024-03-21T00:08:30+00:00\",\"breadcrumb\":{\"@id\":\"https:\/\/proveedoracomercial.com\/clientes\/producto\/puddle-jumper-3d-bahamas-de-cocodrilo\/#breadcrumb\"},\"inLanguage\":\"es\",\"potentialAction\":[{\"@type\":\"ReadAction\",\"target\":[\"https:\/\/proveedoracomercial.com\/clientes\/producto\/puddle-jumper-3d-bahamas-de-cocodrilo\/\"]}]},{\"@type\":\"ImageObject\",\"inLanguage\":\"es\",\"@id\":\"https:\/\/proveedoracomercial.com\/clientes\/producto\/puddle-jumper-3d-bahamas-de-cocodrilo\/#primaryimage\",\"url\":\"https:\/\/proveedoracomercial.com\/clientes\/wp-content\/uploads\/sites\/4\/2024\/06\/2000013764_puddlejumper.jpg\",\"contentUrl\":\"https:\/\/proveedoracomercial.com\/clientes\/wp-content\/uploads\/sites\/4\/2024\/06\/2000013764_puddlejumper.jpg\",\"width\":2000,\"height\":2000},{\"@type\":\"BreadcrumbList\",\"@id\":\"https:\/\/proveedoracomercial.com\/clientes\/producto\/puddle-jumper-3d-bahamas-de-cocodrilo\/#breadcrumb\",\"itemListElement\":[{\"@type\":\"ListItem\",\"position\":1,\"name\":\"Portada\",\"item\":\"https:\/\/proveedoracomercial.com\/clientes\/\"},{\"@type\":\"ListItem\",\"position\":2,\"name\":\"Tienda\",\"item\":\"https:\/\/proveedoracomercial.com\/clientes\/tienda\/\"},{\"@type\":\"ListItem\",\"position\":3,\"name\":\"PUDDLE JUMPER 3D BAHAMAS DE COCODRILO\"}]},{\"@type\":\"WebSite\",\"@id\":\"https:\/\/proveedoracomercial.com\/clientes\/#website\",\"url\":\"https:\/\/proveedoracomercial.com\/clientes\/\",\"name\":\"\",\"description\":\"\",\"potentialAction\":[{\"@type\":\"SearchAction\",\"target\":{\"@type\":\"EntryPoint\",\"urlTemplate\":\"https:\/\/proveedoracomercial.com\/clientes\/?s={search_term_string}\"},\"query-input\":{\"@type\":\"PropertyValueSpecification\",\"valueRequired\":true,\"valueName\":\"search_term_string\"}}],\"inLanguage\":\"es\"}]}<\/script>\n<!-- \/ Yoast SEO plugin. -->","yoast_head_json":{"title":"PUDDLE JUMPER 3D BAHAMAS DE COCODRILO -","robots":{"index":"index","follow":"follow","max-snippet":"max-snippet:-1","max-image-preview":"max-image-preview:large","max-video-preview":"max-video-preview:-1"},"canonical":"https:\/\/proveedoracomercial.com\/clientes\/producto\/puddle-jumper-3d-bahamas-de-cocodrilo\/","og_locale":"es_MX","og_type":"article","og_title":"PUDDLE JUMPER 3D BAHAMAS DE COCODRILO -","og_description":"\u2022 Chaleco salvavidas aprobado por la Guardia Costera de los Estados Unidos - Tipo V \/ III \u2022 Cuando se usa, puede sustituir a un chaleco salvavidas Tipo III \u2022 El tejido antimicrobiano resiste la formaci\u00f3n de olores, moho, hongos y hongos en el producto \u2022 Tejido de poli\u00e9ster para un tejido m\u00e1s suave con menos rozaduras. \u2022 Divertido personaje 3D en el frente para m\u00e1s diversi\u00f3n en el agua. \u2022 Ayuda a los principiantes en el agua a aprender a nadar. \u2022 Dise\u00f1o c\u00f3modo, m\u00e1s libertad para nadar y jugar. \u2022 Cierre de hebilla ajustable en la espalda. \u2022 Se adapta a los ni\u00f1os 30-50 libras.","og_url":"https:\/\/proveedoracomercial.com\/clientes\/producto\/puddle-jumper-3d-bahamas-de-cocodrilo\/","og_image":[{"width":2000,"height":2000,"url":"https:\/\/proveedoracomercial.com\/clientes\/wp-content\/uploads\/sites\/4\/2024\/06\/2000013764_puddlejumper.jpg","type":"image\/jpeg"}],"twitter_card":"summary_large_image","schema":{"@context":"https:\/\/schema.org","@graph":[{"@type":"WebPage","@id":"https:\/\/proveedoracomercial.com\/clientes\/producto\/puddle-jumper-3d-bahamas-de-cocodrilo\/","url":"https:\/\/proveedoracomercial.com\/clientes\/producto\/puddle-jumper-3d-bahamas-de-cocodrilo\/","name":"PUDDLE JUMPER 3D BAHAMAS DE COCODRILO -","isPartOf":{"@id":"https:\/\/proveedoracomercial.com\/clientes\/#website"},"primaryImageOfPage":{"@id":"https:\/\/proveedoracomercial.com\/clientes\/producto\/puddle-jumper-3d-bahamas-de-cocodrilo\/#primaryimage"},"image":{"@id":"https:\/\/proveedoracomercial.com\/clientes\/producto\/puddle-jumper-3d-bahamas-de-cocodrilo\/#primaryimage"},"thumbnailUrl":"https:\/\/proveedoracomercial.com\/clientes\/wp-content\/uploads\/sites\/4\/2024\/06\/2000013764_puddlejumper.jpg","datePublished":"2024-03-21T00:08:30+00:00","dateModified":"2024-03-21T00:08:30+00:00","breadcrumb":{"@id":"https:\/\/proveedoracomercial.com\/clientes\/producto\/puddle-jumper-3d-bahamas-de-cocodrilo\/#breadcrumb"},"inLanguage":"es","potentialAction":[{"@type":"ReadAction","target":["https:\/\/proveedoracomercial.com\/clientes\/producto\/puddle-jumper-3d-bahamas-de-cocodrilo\/"]}]},{"@type":"ImageObject","inLanguage":"es","@id":"https:\/\/proveedoracomercial.com\/clientes\/producto\/puddle-jumper-3d-bahamas-de-cocodrilo\/#primaryimage","url":"https:\/\/proveedoracomercial.com\/clientes\/wp-content\/uploads\/sites\/4\/2024\/06\/2000013764_puddlejumper.jpg","contentUrl":"https:\/\/proveedoracomercial.com\/clientes\/wp-content\/uploads\/sites\/4\/2024\/06\/2000013764_puddlejumper.jpg","width":2000,"height":2000},{"@type":"BreadcrumbList","@id":"https:\/\/proveedoracomercial.com\/clientes\/producto\/puddle-jumper-3d-bahamas-de-cocodrilo\/#breadcrumb","itemListElement":[{"@type":"ListItem","position":1,"name":"Portada","item":"https:\/\/proveedoracomercial.com\/clientes\/"},{"@type":"ListItem","position":2,"name":"Tienda","item":"https:\/\/proveedoracomercial.com\/clientes\/tienda\/"},{"@type":"ListItem","position":3,"name":"PUDDLE JUMPER 3D BAHAMAS DE COCODRILO"}]},{"@type":"WebSite","@id":"https:\/\/proveedoracomercial.com\/clientes\/#website","url":"https:\/\/proveedoracomercial.com\/clientes\/","name":"","description":"","potentialAction":[{"@type":"SearchAction","target":{"@type":"EntryPoint","urlTemplate":"https:\/\/proveedoracomercial.com\/clientes\/?s={search_term_string}"},"query-input":{"@type":"PropertyValueSpecification","valueRequired":true,"valueName":"search_term_string"}}],"inLanguage":"es"}]}},"_links":{"self":[{"href":"https:\/\/proveedoracomercial.com\/clientes\/wp-json\/wp\/v2\/product\/511","targetHints":{"allow":["GET"]}}],"collection":[{"href":"https:\/\/proveedoracomercial.com\/clientes\/wp-json\/wp\/v2\/product"}],"about":[{"href":"https:\/\/proveedoracomercial.com\/clientes\/wp-json\/wp\/v2\/types\/product"}],"replies":[{"embeddable":true,"href":"https:\/\/proveedoracomercial.com\/clientes\/wp-json\/wp\/v2\/comments?post=511"}],"wp:featuredmedia":[{"embeddable":true,"href":"https:\/\/proveedoracomercial.com\/clientes\/wp-json\/wp\/v2\/media\/512"}],"wp:attachment":[{"href":"https:\/\/proveedoracomercial.com\/clientes\/wp-json\/wp\/v2\/media?parent=511"}],"wp:term":[{"taxonomy":"store","embeddable":true,"href":"https:\/\/proveedoracomercial.com\/clientes\/wp-json\/wp\/v2\/store?post=511"},{"taxonomy":"product_cat","embeddable":true,"href":"https:\/\/proveedoracomercial.com\/clientes\/wp-json\/wp\/v2\/product_cat?post=511"},{"taxonomy":"product_tag","embeddable":true,"href":"https:\/\/proveedoracomercial.com\/clientes\/wp-json\/wp\/v2\/product_tag?post=511"}],"curies":[{"name":"wp","href":"https:\/\/api.w.org\/{rel}","templated":true}]}}