{"id":505,"date":"2024-03-21T00:08:52","date_gmt":"2024-03-21T00:08:52","guid":{"rendered":"https:\/\/proveedoracomercial.com\/clientes\/producto\/puddle-jumper-jirafa\/"},"modified":"2024-03-21T00:08:52","modified_gmt":"2024-03-21T00:08:52","slug":"puddle-jumper-jirafa","status":"publish","type":"product","link":"https:\/\/proveedoracomercial.com\/clientes\/producto\/puddle-jumper-jirafa\/","title":{"rendered":"PUDDLE JUMPER JIRAFA"},"content":{"rendered":"","protected":false},"excerpt":{"rendered":"<p>&#8216;-Puddle Jumper Jirafa 2000012545 Stearns Coleman<br \/>\n-Chaleco salvavidas aprobado por la Guardia Costera de los Estados Unidos<br \/>\n-Capa de nylon para una mayor durabilidad<br \/>\n-Dise\u00f1o juguet\u00f3n para m\u00e1s diversi\u00f3n en el agua<br \/>\n-Ayuda a los principiantes aprender a nadar<br \/>\n-Dise\u00f1o c\u00f3modo,libertad para nadar y jugar<br \/>\n-Hebilla ajustable en la parte trasera<br \/>\n-Se adapta a ni\u00f1os de 13.6 a 22.6 kg<\/p>\n","protected":false},"featured_media":506,"comment_status":"closed","ping_status":"closed","template":"","meta":{"_joinchat":[]},"store":[],"product_cat":[182,181],"product_tag":[183,184,146,185,186],"class_list":{"0":"post-505","1":"product","2":"type-product","3":"status-publish","4":"has-post-thumbnail","6":"product_cat-puddle-jumper","7":"product_cat-salvavidas","8":"product_tag-nina","9":"product_tag-nino","10":"product_tag-playa","11":"product_tag-puddle-jumper","12":"product_tag-salvavidas","14":"first","15":"instock","16":"shipping-taxable","17":"purchasable","18":"product-type-simple"},"yoast_head":"<!-- This site is optimized with the Yoast SEO plugin v23.5 - https:\/\/yoast.com\/wordpress\/plugins\/seo\/ -->\n<title>PUDDLE JUMPER JIRAFA -<\/title>\n<meta name=\"robots\" content=\"index, follow, max-snippet:-1, max-image-preview:large, max-video-preview:-1\" \/>\n<link rel=\"canonical\" href=\"https:\/\/proveedoracomercial.com\/clientes\/producto\/puddle-jumper-jirafa\/\" \/>\n<meta property=\"og:locale\" content=\"es_MX\" \/>\n<meta property=\"og:type\" content=\"article\" \/>\n<meta property=\"og:title\" content=\"PUDDLE JUMPER JIRAFA -\" \/>\n<meta property=\"og:description\" content=\"&#039;-Puddle Jumper Jirafa 2000012545 Stearns Coleman -Chaleco salvavidas aprobado por la Guardia Costera de los Estados Unidos -Capa de nylon para una mayor durabilidad -Dise\u00f1o juguet\u00f3n para m\u00e1s diversi\u00f3n en el agua -Ayuda a los principiantes aprender a nadar -Dise\u00f1o c\u00f3modo,libertad para nadar y jugar -Hebilla ajustable en la parte trasera -Se adapta a ni\u00f1os de 13.6 a 22.6 kg\" \/>\n<meta property=\"og:url\" content=\"https:\/\/proveedoracomercial.com\/clientes\/producto\/puddle-jumper-jirafa\/\" \/>\n<meta property=\"og:image\" content=\"https:\/\/proveedoracomercial.com\/clientes\/wp-content\/uploads\/sites\/4\/2024\/06\/puddle-jumper-de-jirafa-flotador-chaleco-nina-playa-coleman-D_NQ_NP_604579-MLM26187749848_102017-F.jpg\" \/>\n\t<meta property=\"og:image:width\" content=\"500\" \/>\n\t<meta property=\"og:image:height\" content=\"500\" \/>\n\t<meta property=\"og:image:type\" content=\"image\/jpeg\" \/>\n<meta name=\"twitter:card\" content=\"summary_large_image\" \/>\n<script type=\"application\/ld+json\" class=\"yoast-schema-graph\">{\"@context\":\"https:\/\/schema.org\",\"@graph\":[{\"@type\":\"WebPage\",\"@id\":\"https:\/\/proveedoracomercial.com\/clientes\/producto\/puddle-jumper-jirafa\/\",\"url\":\"https:\/\/proveedoracomercial.com\/clientes\/producto\/puddle-jumper-jirafa\/\",\"name\":\"PUDDLE JUMPER JIRAFA -\",\"isPartOf\":{\"@id\":\"https:\/\/proveedoracomercial.com\/clientes\/#website\"},\"primaryImageOfPage\":{\"@id\":\"https:\/\/proveedoracomercial.com\/clientes\/producto\/puddle-jumper-jirafa\/#primaryimage\"},\"image\":{\"@id\":\"https:\/\/proveedoracomercial.com\/clientes\/producto\/puddle-jumper-jirafa\/#primaryimage\"},\"thumbnailUrl\":\"https:\/\/proveedoracomercial.com\/clientes\/wp-content\/uploads\/sites\/4\/2024\/06\/puddle-jumper-de-jirafa-flotador-chaleco-nina-playa-coleman-D_NQ_NP_604579-MLM26187749848_102017-F.jpg\",\"datePublished\":\"2024-03-21T00:08:52+00:00\",\"dateModified\":\"2024-03-21T00:08:52+00:00\",\"breadcrumb\":{\"@id\":\"https:\/\/proveedoracomercial.com\/clientes\/producto\/puddle-jumper-jirafa\/#breadcrumb\"},\"inLanguage\":\"es\",\"potentialAction\":[{\"@type\":\"ReadAction\",\"target\":[\"https:\/\/proveedoracomercial.com\/clientes\/producto\/puddle-jumper-jirafa\/\"]}]},{\"@type\":\"ImageObject\",\"inLanguage\":\"es\",\"@id\":\"https:\/\/proveedoracomercial.com\/clientes\/producto\/puddle-jumper-jirafa\/#primaryimage\",\"url\":\"https:\/\/proveedoracomercial.com\/clientes\/wp-content\/uploads\/sites\/4\/2024\/06\/puddle-jumper-de-jirafa-flotador-chaleco-nina-playa-coleman-D_NQ_NP_604579-MLM26187749848_102017-F.jpg\",\"contentUrl\":\"https:\/\/proveedoracomercial.com\/clientes\/wp-content\/uploads\/sites\/4\/2024\/06\/puddle-jumper-de-jirafa-flotador-chaleco-nina-playa-coleman-D_NQ_NP_604579-MLM26187749848_102017-F.jpg\",\"width\":500,\"height\":500},{\"@type\":\"BreadcrumbList\",\"@id\":\"https:\/\/proveedoracomercial.com\/clientes\/producto\/puddle-jumper-jirafa\/#breadcrumb\",\"itemListElement\":[{\"@type\":\"ListItem\",\"position\":1,\"name\":\"Portada\",\"item\":\"https:\/\/proveedoracomercial.com\/clientes\/\"},{\"@type\":\"ListItem\",\"position\":2,\"name\":\"Tienda\",\"item\":\"https:\/\/proveedoracomercial.com\/clientes\/tienda\/\"},{\"@type\":\"ListItem\",\"position\":3,\"name\":\"PUDDLE JUMPER JIRAFA\"}]},{\"@type\":\"WebSite\",\"@id\":\"https:\/\/proveedoracomercial.com\/clientes\/#website\",\"url\":\"https:\/\/proveedoracomercial.com\/clientes\/\",\"name\":\"\",\"description\":\"\",\"potentialAction\":[{\"@type\":\"SearchAction\",\"target\":{\"@type\":\"EntryPoint\",\"urlTemplate\":\"https:\/\/proveedoracomercial.com\/clientes\/?s={search_term_string}\"},\"query-input\":{\"@type\":\"PropertyValueSpecification\",\"valueRequired\":true,\"valueName\":\"search_term_string\"}}],\"inLanguage\":\"es\"}]}<\/script>\n<!-- \/ Yoast SEO plugin. -->","yoast_head_json":{"title":"PUDDLE JUMPER JIRAFA -","robots":{"index":"index","follow":"follow","max-snippet":"max-snippet:-1","max-image-preview":"max-image-preview:large","max-video-preview":"max-video-preview:-1"},"canonical":"https:\/\/proveedoracomercial.com\/clientes\/producto\/puddle-jumper-jirafa\/","og_locale":"es_MX","og_type":"article","og_title":"PUDDLE JUMPER JIRAFA -","og_description":"'-Puddle Jumper Jirafa 2000012545 Stearns Coleman -Chaleco salvavidas aprobado por la Guardia Costera de los Estados Unidos -Capa de nylon para una mayor durabilidad -Dise\u00f1o juguet\u00f3n para m\u00e1s diversi\u00f3n en el agua -Ayuda a los principiantes aprender a nadar -Dise\u00f1o c\u00f3modo,libertad para nadar y jugar -Hebilla ajustable en la parte trasera -Se adapta a ni\u00f1os de 13.6 a 22.6 kg","og_url":"https:\/\/proveedoracomercial.com\/clientes\/producto\/puddle-jumper-jirafa\/","og_image":[{"width":500,"height":500,"url":"https:\/\/proveedoracomercial.com\/clientes\/wp-content\/uploads\/sites\/4\/2024\/06\/puddle-jumper-de-jirafa-flotador-chaleco-nina-playa-coleman-D_NQ_NP_604579-MLM26187749848_102017-F.jpg","type":"image\/jpeg"}],"twitter_card":"summary_large_image","schema":{"@context":"https:\/\/schema.org","@graph":[{"@type":"WebPage","@id":"https:\/\/proveedoracomercial.com\/clientes\/producto\/puddle-jumper-jirafa\/","url":"https:\/\/proveedoracomercial.com\/clientes\/producto\/puddle-jumper-jirafa\/","name":"PUDDLE JUMPER JIRAFA -","isPartOf":{"@id":"https:\/\/proveedoracomercial.com\/clientes\/#website"},"primaryImageOfPage":{"@id":"https:\/\/proveedoracomercial.com\/clientes\/producto\/puddle-jumper-jirafa\/#primaryimage"},"image":{"@id":"https:\/\/proveedoracomercial.com\/clientes\/producto\/puddle-jumper-jirafa\/#primaryimage"},"thumbnailUrl":"https:\/\/proveedoracomercial.com\/clientes\/wp-content\/uploads\/sites\/4\/2024\/06\/puddle-jumper-de-jirafa-flotador-chaleco-nina-playa-coleman-D_NQ_NP_604579-MLM26187749848_102017-F.jpg","datePublished":"2024-03-21T00:08:52+00:00","dateModified":"2024-03-21T00:08:52+00:00","breadcrumb":{"@id":"https:\/\/proveedoracomercial.com\/clientes\/producto\/puddle-jumper-jirafa\/#breadcrumb"},"inLanguage":"es","potentialAction":[{"@type":"ReadAction","target":["https:\/\/proveedoracomercial.com\/clientes\/producto\/puddle-jumper-jirafa\/"]}]},{"@type":"ImageObject","inLanguage":"es","@id":"https:\/\/proveedoracomercial.com\/clientes\/producto\/puddle-jumper-jirafa\/#primaryimage","url":"https:\/\/proveedoracomercial.com\/clientes\/wp-content\/uploads\/sites\/4\/2024\/06\/puddle-jumper-de-jirafa-flotador-chaleco-nina-playa-coleman-D_NQ_NP_604579-MLM26187749848_102017-F.jpg","contentUrl":"https:\/\/proveedoracomercial.com\/clientes\/wp-content\/uploads\/sites\/4\/2024\/06\/puddle-jumper-de-jirafa-flotador-chaleco-nina-playa-coleman-D_NQ_NP_604579-MLM26187749848_102017-F.jpg","width":500,"height":500},{"@type":"BreadcrumbList","@id":"https:\/\/proveedoracomercial.com\/clientes\/producto\/puddle-jumper-jirafa\/#breadcrumb","itemListElement":[{"@type":"ListItem","position":1,"name":"Portada","item":"https:\/\/proveedoracomercial.com\/clientes\/"},{"@type":"ListItem","position":2,"name":"Tienda","item":"https:\/\/proveedoracomercial.com\/clientes\/tienda\/"},{"@type":"ListItem","position":3,"name":"PUDDLE JUMPER JIRAFA"}]},{"@type":"WebSite","@id":"https:\/\/proveedoracomercial.com\/clientes\/#website","url":"https:\/\/proveedoracomercial.com\/clientes\/","name":"","description":"","potentialAction":[{"@type":"SearchAction","target":{"@type":"EntryPoint","urlTemplate":"https:\/\/proveedoracomercial.com\/clientes\/?s={search_term_string}"},"query-input":{"@type":"PropertyValueSpecification","valueRequired":true,"valueName":"search_term_string"}}],"inLanguage":"es"}]}},"_links":{"self":[{"href":"https:\/\/proveedoracomercial.com\/clientes\/wp-json\/wp\/v2\/product\/505","targetHints":{"allow":["GET"]}}],"collection":[{"href":"https:\/\/proveedoracomercial.com\/clientes\/wp-json\/wp\/v2\/product"}],"about":[{"href":"https:\/\/proveedoracomercial.com\/clientes\/wp-json\/wp\/v2\/types\/product"}],"replies":[{"embeddable":true,"href":"https:\/\/proveedoracomercial.com\/clientes\/wp-json\/wp\/v2\/comments?post=505"}],"wp:featuredmedia":[{"embeddable":true,"href":"https:\/\/proveedoracomercial.com\/clientes\/wp-json\/wp\/v2\/media\/506"}],"wp:attachment":[{"href":"https:\/\/proveedoracomercial.com\/clientes\/wp-json\/wp\/v2\/media?parent=505"}],"wp:term":[{"taxonomy":"store","embeddable":true,"href":"https:\/\/proveedoracomercial.com\/clientes\/wp-json\/wp\/v2\/store?post=505"},{"taxonomy":"product_cat","embeddable":true,"href":"https:\/\/proveedoracomercial.com\/clientes\/wp-json\/wp\/v2\/product_cat?post=505"},{"taxonomy":"product_tag","embeddable":true,"href":"https:\/\/proveedoracomercial.com\/clientes\/wp-json\/wp\/v2\/product_tag?post=505"}],"curies":[{"name":"wp","href":"https:\/\/api.w.org\/{rel}","templated":true}]}}