{"id":497,"date":"2024-03-21T00:09:31","date_gmt":"2024-03-21T00:09:31","guid":{"rendered":"https:\/\/proveedoracomercial.com\/clientes\/producto\/toldo-portatil-para-playa\/"},"modified":"2024-03-21T00:09:31","modified_gmt":"2024-03-21T00:09:31","slug":"toldo-portatil-para-playa","status":"publish","type":"product","link":"https:\/\/proveedoracomercial.com\/clientes\/producto\/toldo-portatil-para-playa\/","title":{"rendered":"TOLDO PORTATIL PARA PLAYA"},"content":{"rendered":"","protected":false},"excerpt":{"rendered":"<ul>\n<li>Forma y dise\u00f1o inovador<\/li>\n<li>Util y eficaz<\/li>\n<li>Cubre sol port\u00e1til<\/li>\n<li>Puerta trasera funciona como una ventana para ventilaci\u00f3n adicional<\/li>\n<li>La puerta delantera se convierte en una estera de playa<\/li>\n<li>Las paredes proporcionan protecci\u00f3n contra el viento<\/li>\n<li>Configuraci\u00f3n r\u00e1pida y f\u00e1cil<\/li>\n<\/ul>\n","protected":false},"featured_media":500,"comment_status":"closed","ping_status":"closed","template":"","meta":{"_joinchat":[]},"store":[],"product_cat":[69,70],"product_tag":[64,51,178,146,179,86],"class_list":{"0":"post-497","1":"product","2":"type-product","3":"status-publish","4":"has-post-thumbnail","6":"product_cat-casas-de-campana-y-toldos","7":"product_cat-coleman-casas-de-campana-y-toldos","8":"product_tag-camping","9":"product_tag-coleman","10":"product_tag-picnick","11":"product_tag-playa","12":"product_tag-shelter","13":"product_tag-toldo","15":"first","16":"instock","17":"shipping-taxable","18":"purchasable","19":"product-type-simple"},"yoast_head":"<!-- This site is optimized with the Yoast SEO plugin v23.5 - https:\/\/yoast.com\/wordpress\/plugins\/seo\/ -->\n<title>TOLDO PORTATIL PARA PLAYA -<\/title>\n<meta name=\"robots\" content=\"index, follow, max-snippet:-1, max-image-preview:large, max-video-preview:-1\" \/>\n<link rel=\"canonical\" href=\"https:\/\/proveedoracomercial.com\/clientes\/producto\/toldo-portatil-para-playa\/\" \/>\n<meta property=\"og:locale\" content=\"es_MX\" \/>\n<meta property=\"og:type\" content=\"article\" \/>\n<meta property=\"og:title\" content=\"TOLDO PORTATIL PARA PLAYA -\" \/>\n<meta property=\"og:description\" content=\"Forma y dise\u00f1o inovador  Util y eficaz  Cubre sol port\u00e1til  Puerta trasera funciona como una ventana para ventilaci\u00f3n adicional  La puerta delantera se convierte en una estera de playa  Las paredes proporcionan protecci\u00f3n contra el viento  Configuraci\u00f3n r\u00e1pida y f\u00e1cil\" \/>\n<meta property=\"og:url\" content=\"https:\/\/proveedoracomercial.com\/clientes\/producto\/toldo-portatil-para-playa\/\" \/>\n<meta property=\"og:image\" content=\"https:\/\/proveedoracomercial.com\/clientes\/wp-content\/uploads\/sites\/4\/2024\/06\/2000002120_1.jpg\" \/>\n\t<meta property=\"og:image:width\" content=\"1000\" \/>\n\t<meta property=\"og:image:height\" content=\"1000\" \/>\n\t<meta property=\"og:image:type\" content=\"image\/jpeg\" \/>\n<meta name=\"twitter:card\" content=\"summary_large_image\" \/>\n<script type=\"application\/ld+json\" class=\"yoast-schema-graph\">{\"@context\":\"https:\/\/schema.org\",\"@graph\":[{\"@type\":\"WebPage\",\"@id\":\"https:\/\/proveedoracomercial.com\/clientes\/producto\/toldo-portatil-para-playa\/\",\"url\":\"https:\/\/proveedoracomercial.com\/clientes\/producto\/toldo-portatil-para-playa\/\",\"name\":\"TOLDO PORTATIL PARA PLAYA -\",\"isPartOf\":{\"@id\":\"https:\/\/proveedoracomercial.com\/clientes\/#website\"},\"primaryImageOfPage\":{\"@id\":\"https:\/\/proveedoracomercial.com\/clientes\/producto\/toldo-portatil-para-playa\/#primaryimage\"},\"image\":{\"@id\":\"https:\/\/proveedoracomercial.com\/clientes\/producto\/toldo-portatil-para-playa\/#primaryimage\"},\"thumbnailUrl\":\"https:\/\/proveedoracomercial.com\/clientes\/wp-content\/uploads\/sites\/4\/2024\/06\/2000002120_1.jpg\",\"datePublished\":\"2024-03-21T00:09:31+00:00\",\"dateModified\":\"2024-03-21T00:09:31+00:00\",\"breadcrumb\":{\"@id\":\"https:\/\/proveedoracomercial.com\/clientes\/producto\/toldo-portatil-para-playa\/#breadcrumb\"},\"inLanguage\":\"es\",\"potentialAction\":[{\"@type\":\"ReadAction\",\"target\":[\"https:\/\/proveedoracomercial.com\/clientes\/producto\/toldo-portatil-para-playa\/\"]}]},{\"@type\":\"ImageObject\",\"inLanguage\":\"es\",\"@id\":\"https:\/\/proveedoracomercial.com\/clientes\/producto\/toldo-portatil-para-playa\/#primaryimage\",\"url\":\"https:\/\/proveedoracomercial.com\/clientes\/wp-content\/uploads\/sites\/4\/2024\/06\/2000002120_1.jpg\",\"contentUrl\":\"https:\/\/proveedoracomercial.com\/clientes\/wp-content\/uploads\/sites\/4\/2024\/06\/2000002120_1.jpg\",\"width\":1000,\"height\":1000},{\"@type\":\"BreadcrumbList\",\"@id\":\"https:\/\/proveedoracomercial.com\/clientes\/producto\/toldo-portatil-para-playa\/#breadcrumb\",\"itemListElement\":[{\"@type\":\"ListItem\",\"position\":1,\"name\":\"Portada\",\"item\":\"https:\/\/proveedoracomercial.com\/clientes\/\"},{\"@type\":\"ListItem\",\"position\":2,\"name\":\"Tienda\",\"item\":\"https:\/\/proveedoracomercial.com\/clientes\/tienda\/\"},{\"@type\":\"ListItem\",\"position\":3,\"name\":\"TOLDO PORTATIL PARA PLAYA\"}]},{\"@type\":\"WebSite\",\"@id\":\"https:\/\/proveedoracomercial.com\/clientes\/#website\",\"url\":\"https:\/\/proveedoracomercial.com\/clientes\/\",\"name\":\"\",\"description\":\"\",\"potentialAction\":[{\"@type\":\"SearchAction\",\"target\":{\"@type\":\"EntryPoint\",\"urlTemplate\":\"https:\/\/proveedoracomercial.com\/clientes\/?s={search_term_string}\"},\"query-input\":{\"@type\":\"PropertyValueSpecification\",\"valueRequired\":true,\"valueName\":\"search_term_string\"}}],\"inLanguage\":\"es\"}]}<\/script>\n<!-- \/ Yoast SEO plugin. -->","yoast_head_json":{"title":"TOLDO PORTATIL PARA PLAYA -","robots":{"index":"index","follow":"follow","max-snippet":"max-snippet:-1","max-image-preview":"max-image-preview:large","max-video-preview":"max-video-preview:-1"},"canonical":"https:\/\/proveedoracomercial.com\/clientes\/producto\/toldo-portatil-para-playa\/","og_locale":"es_MX","og_type":"article","og_title":"TOLDO PORTATIL PARA PLAYA -","og_description":"Forma y dise\u00f1o inovador  Util y eficaz  Cubre sol port\u00e1til  Puerta trasera funciona como una ventana para ventilaci\u00f3n adicional  La puerta delantera se convierte en una estera de playa  Las paredes proporcionan protecci\u00f3n contra el viento  Configuraci\u00f3n r\u00e1pida y f\u00e1cil","og_url":"https:\/\/proveedoracomercial.com\/clientes\/producto\/toldo-portatil-para-playa\/","og_image":[{"width":1000,"height":1000,"url":"https:\/\/proveedoracomercial.com\/clientes\/wp-content\/uploads\/sites\/4\/2024\/06\/2000002120_1.jpg","type":"image\/jpeg"}],"twitter_card":"summary_large_image","schema":{"@context":"https:\/\/schema.org","@graph":[{"@type":"WebPage","@id":"https:\/\/proveedoracomercial.com\/clientes\/producto\/toldo-portatil-para-playa\/","url":"https:\/\/proveedoracomercial.com\/clientes\/producto\/toldo-portatil-para-playa\/","name":"TOLDO PORTATIL PARA PLAYA -","isPartOf":{"@id":"https:\/\/proveedoracomercial.com\/clientes\/#website"},"primaryImageOfPage":{"@id":"https:\/\/proveedoracomercial.com\/clientes\/producto\/toldo-portatil-para-playa\/#primaryimage"},"image":{"@id":"https:\/\/proveedoracomercial.com\/clientes\/producto\/toldo-portatil-para-playa\/#primaryimage"},"thumbnailUrl":"https:\/\/proveedoracomercial.com\/clientes\/wp-content\/uploads\/sites\/4\/2024\/06\/2000002120_1.jpg","datePublished":"2024-03-21T00:09:31+00:00","dateModified":"2024-03-21T00:09:31+00:00","breadcrumb":{"@id":"https:\/\/proveedoracomercial.com\/clientes\/producto\/toldo-portatil-para-playa\/#breadcrumb"},"inLanguage":"es","potentialAction":[{"@type":"ReadAction","target":["https:\/\/proveedoracomercial.com\/clientes\/producto\/toldo-portatil-para-playa\/"]}]},{"@type":"ImageObject","inLanguage":"es","@id":"https:\/\/proveedoracomercial.com\/clientes\/producto\/toldo-portatil-para-playa\/#primaryimage","url":"https:\/\/proveedoracomercial.com\/clientes\/wp-content\/uploads\/sites\/4\/2024\/06\/2000002120_1.jpg","contentUrl":"https:\/\/proveedoracomercial.com\/clientes\/wp-content\/uploads\/sites\/4\/2024\/06\/2000002120_1.jpg","width":1000,"height":1000},{"@type":"BreadcrumbList","@id":"https:\/\/proveedoracomercial.com\/clientes\/producto\/toldo-portatil-para-playa\/#breadcrumb","itemListElement":[{"@type":"ListItem","position":1,"name":"Portada","item":"https:\/\/proveedoracomercial.com\/clientes\/"},{"@type":"ListItem","position":2,"name":"Tienda","item":"https:\/\/proveedoracomercial.com\/clientes\/tienda\/"},{"@type":"ListItem","position":3,"name":"TOLDO PORTATIL PARA PLAYA"}]},{"@type":"WebSite","@id":"https:\/\/proveedoracomercial.com\/clientes\/#website","url":"https:\/\/proveedoracomercial.com\/clientes\/","name":"","description":"","potentialAction":[{"@type":"SearchAction","target":{"@type":"EntryPoint","urlTemplate":"https:\/\/proveedoracomercial.com\/clientes\/?s={search_term_string}"},"query-input":{"@type":"PropertyValueSpecification","valueRequired":true,"valueName":"search_term_string"}}],"inLanguage":"es"}]}},"_links":{"self":[{"href":"https:\/\/proveedoracomercial.com\/clientes\/wp-json\/wp\/v2\/product\/497","targetHints":{"allow":["GET"]}}],"collection":[{"href":"https:\/\/proveedoracomercial.com\/clientes\/wp-json\/wp\/v2\/product"}],"about":[{"href":"https:\/\/proveedoracomercial.com\/clientes\/wp-json\/wp\/v2\/types\/product"}],"replies":[{"embeddable":true,"href":"https:\/\/proveedoracomercial.com\/clientes\/wp-json\/wp\/v2\/comments?post=497"}],"wp:featuredmedia":[{"embeddable":true,"href":"https:\/\/proveedoracomercial.com\/clientes\/wp-json\/wp\/v2\/media\/500"}],"wp:attachment":[{"href":"https:\/\/proveedoracomercial.com\/clientes\/wp-json\/wp\/v2\/media?parent=497"}],"wp:term":[{"taxonomy":"store","embeddable":true,"href":"https:\/\/proveedoracomercial.com\/clientes\/wp-json\/wp\/v2\/store?post=497"},{"taxonomy":"product_cat","embeddable":true,"href":"https:\/\/proveedoracomercial.com\/clientes\/wp-json\/wp\/v2\/product_cat?post=497"},{"taxonomy":"product_tag","embeddable":true,"href":"https:\/\/proveedoracomercial.com\/clientes\/wp-json\/wp\/v2\/product_tag?post=497"}],"curies":[{"name":"wp","href":"https:\/\/api.w.org\/{rel}","templated":true}]}}